{"id":622,"date":"2023-07-11T09:35:56","date_gmt":"2023-07-11T12:35:56","guid":{"rendered":"https:\/\/portal.uern.br\/patu\/de\/?page_id=622"},"modified":"2023-07-11T09:36:36","modified_gmt":"2023-07-11T12:36:36","slug":"extensao","status":"publish","type":"page","link":"https:\/\/portal.uern.br\/patu\/de\/extensao\/","title":{"rendered":"Extens\u00e3o"},"content":{"rendered":"<p>A Extens\u00e3o, definida como processo educativo, cultural e cient\u00edfico que articula o ensino e a pesquisa de forma indissoci\u00e1vel e viabiliza a rela\u00e7\u00e3o transformadora entre a universidade e sociedade? (PDI\/UERN, 2008:61). A Pr\u00f3-Reitoria de Extens\u00e3o (PROEX) \u00e9 \u00f3rg\u00e3o respons\u00e1vel por articular, acompanhar, registrar e promover as a\u00e7\u00f5es de extens\u00e3o da UERN. Desde 2015, essa Pr\u00f3-reitoria realiza o Col\u00f3quio de Extens\u00e3o para que professores e alunos possam apresentar os produtos dos seus projetos na modalidade de Banner e de apresenta\u00e7\u00f5es Culturais.<\/p>\n<p>Essa iniciativa tem estimulado os professores a criarem novos estudos e elabora\u00e7\u00e3o de projetos, demonstrando o seu compromisso com a miss\u00e3o da UERN e a parceria com a sociedade ao abordar tem\u00e1ticas de interesse social al\u00e9m do crescimento do processo de constru\u00e7\u00e3o do conhecimento.<\/p>\n<p>Atualmente o Departamento de Educa\u00e7\u00e3o do CAP\/UERN n\u00e3o tem medido esfor\u00e7os para envolver os alunos com a sociedade em trabalhos de extens\u00e3o.<\/p>\n","protected":false},"excerpt":{"rendered":"<p>A Extens\u00e3o, definida como processo educativo, cultural e cient\u00edfico que articula o ensino e a pesquisa de forma indissoci\u00e1vel e viabiliza a rela\u00e7\u00e3o transformadora entre a universidade e sociedade? (PDI\/UERN, 2008:61). A Pr\u00f3-Reitoria de Extens\u00e3o (PROEX) \u00e9 \u00f3rg\u00e3o respons\u00e1vel por articular, acompanhar, registrar e promover as a\u00e7\u00f5es de extens\u00e3o da UERN. Desde 2015, essa Pr\u00f3-reitoria [&hellip;]<\/p>\n","protected":false},"author":8,"featured_media":0,"parent":0,"menu_order":0,"comment_status":"closed","ping_status":"closed","template":"","meta":{"footnotes":""},"class_list":["post-622","page","type-page","status-publish","hentry"],"_links":{"self":[{"href":"https:\/\/portal.uern.br\/patu\/de\/wp-json\/wp\/v2\/pages\/622","targetHints":{"allow":["GET"]}}],"collection":[{"href":"https:\/\/portal.uern.br\/patu\/de\/wp-json\/wp\/v2\/pages"}],"about":[{"href":"https:\/\/portal.uern.br\/patu\/de\/wp-json\/wp\/v2\/types\/page"}],"author":[{"embeddable":true,"href":"https:\/\/portal.uern.br\/patu\/de\/wp-json\/wp\/v2\/users\/8"}],"replies":[{"embeddable":true,"href":"https:\/\/portal.uern.br\/patu\/de\/wp-json\/wp\/v2\/comments?post=622"}],"version-history":[{"count":2,"href":"https:\/\/portal.uern.br\/patu\/de\/wp-json\/wp\/v2\/pages\/622\/revisions"}],"predecessor-version":[{"id":625,"href":"https:\/\/portal.uern.br\/patu\/de\/wp-json\/wp\/v2\/pages\/622\/revisions\/625"}],"wp:attachment":[{"href":"https:\/\/portal.uern.br\/patu\/de\/wp-json\/wp\/v2\/media?parent=622"}],"curies":[{"name":"wp","href":"https:\/\/api.w.org\/{rel}","templated":true}]}}