{"id":618,"date":"2023-07-11T09:32:19","date_gmt":"2023-07-11T12:32:19","guid":{"rendered":"https:\/\/portal.uern.br\/patu\/de\/?page_id=618"},"modified":"2023-07-12T21:06:19","modified_gmt":"2023-07-13T00:06:19","slug":"grupo-de-pesquisa","status":"publish","type":"page","link":"https:\/\/portal.uern.br\/patu\/de\/grupo-de-pesquisa\/","title":{"rendered":"Grupo de Pesquisa"},"content":{"rendered":"<p>Todas as pesquisas desenvolvidas pelo Departamento de Educa\u00e7\u00e3o est\u00e3o vinculadas ao Grupo de Pesquisa:\u00a0<strong>FORMACE \u2013 FORMA\u00c7\u00c3O, CURR\u00cdCULO E ENSINO<\/strong><\/p>\n","protected":false},"excerpt":{"rendered":"<p>Todas as pesquisas desenvolvidas pelo Departamento de Educa\u00e7\u00e3o est\u00e3o vinculadas ao Grupo de Pesquisa:\u00a0FORMACE \u2013 FORMA\u00c7\u00c3O, CURR\u00cdCULO E ENSINO<\/p>\n","protected":false},"author":8,"featured_media":0,"parent":0,"menu_order":0,"comment_status":"closed","ping_status":"closed","template":"","meta":{"footnotes":""},"class_list":["post-618","page","type-page","status-publish","hentry"],"_links":{"self":[{"href":"https:\/\/portal.uern.br\/patu\/de\/wp-json\/wp\/v2\/pages\/618","targetHints":{"allow":["GET"]}}],"collection":[{"href":"https:\/\/portal.uern.br\/patu\/de\/wp-json\/wp\/v2\/pages"}],"about":[{"href":"https:\/\/portal.uern.br\/patu\/de\/wp-json\/wp\/v2\/types\/page"}],"author":[{"embeddable":true,"href":"https:\/\/portal.uern.br\/patu\/de\/wp-json\/wp\/v2\/users\/8"}],"replies":[{"embeddable":true,"href":"https:\/\/portal.uern.br\/patu\/de\/wp-json\/wp\/v2\/comments?post=618"}],"version-history":[{"count":2,"href":"https:\/\/portal.uern.br\/patu\/de\/wp-json\/wp\/v2\/pages\/618\/revisions"}],"predecessor-version":[{"id":658,"href":"https:\/\/portal.uern.br\/patu\/de\/wp-json\/wp\/v2\/pages\/618\/revisions\/658"}],"wp:attachment":[{"href":"https:\/\/portal.uern.br\/patu\/de\/wp-json\/wp\/v2\/media?parent=618"}],"curies":[{"name":"wp","href":"https:\/\/api.w.org\/{rel}","templated":true}]}}