{"id":608,"date":"2023-07-07T19:02:22","date_gmt":"2023-07-07T22:02:22","guid":{"rendered":"https:\/\/portal.uern.br\/patu\/de\/?page_id=608"},"modified":"2023-07-11T09:33:40","modified_gmt":"2023-07-11T12:33:40","slug":"pesquisa","status":"publish","type":"page","link":"https:\/\/portal.uern.br\/patu\/de\/pesquisa\/","title":{"rendered":"Pesquisa"},"content":{"rendered":"<p>Todas as pesquisas desenvolvidas pelo Departamento de Educa\u00e7\u00e3o est\u00e3o vinculadas ao Grupo de Pesquisa:\u00a0<strong>FORMACE \u2013 FORMA\u00c7\u00c3O, CURR\u00cdCULO E ENSINO<\/strong>:<\/p>\n<p>Entre 2017 e 2018 foi desenvolvido um projeto de pesquisa de Fluxo Cont\u00ednuo: Forma\u00e7\u00e3o de professores, est\u00e1gio e pr\u00e1xis educativa. O quadro a seguir apresenta os dados de identifica\u00e7\u00e3o do projeto<\/p>\n<div class=\"WordSection1\">\n<p>Os alunos foram inclu\u00eddos na proposta de pesquisa com o objetivo de introduzi-los na inicia\u00e7\u00e3o cient\u00edfica e consequentemente \u00e0 produ\u00e7\u00e3o e publica\u00e7\u00e3o acad\u00eamica de trabalhos que refletem as demandas dos grupos sociais envolvidos nos processos formativos. Percebe-se a preocupa\u00e7\u00e3o dos docentes em contribuir para a realiza\u00e7\u00e3o de um trabalho de qualidade no \u00e2mbito da UERN, os quais tendem a apresentar uma colabora\u00e7\u00e3o significativa para o processo de implanta\u00e7\u00e3o do curr\u00edculo.<\/p>\n<\/div>\n","protected":false},"excerpt":{"rendered":"<p>Todas as pesquisas desenvolvidas pelo Departamento de Educa\u00e7\u00e3o est\u00e3o vinculadas ao Grupo de Pesquisa:\u00a0FORMACE \u2013 FORMA\u00c7\u00c3O, CURR\u00cdCULO E ENSINO: Entre 2017 e 2018 foi desenvolvido um projeto de pesquisa de Fluxo Cont\u00ednuo: Forma\u00e7\u00e3o de professores, est\u00e1gio e pr\u00e1xis educativa. O quadro a seguir apresenta os dados de identifica\u00e7\u00e3o do projeto Os alunos foram inclu\u00eddos na [&hellip;]<\/p>\n","protected":false},"author":8,"featured_media":0,"parent":0,"menu_order":0,"comment_status":"closed","ping_status":"closed","template":"","meta":{"footnotes":""},"class_list":["post-608","page","type-page","status-publish","hentry"],"_links":{"self":[{"href":"https:\/\/portal.uern.br\/patu\/de\/wp-json\/wp\/v2\/pages\/608","targetHints":{"allow":["GET"]}}],"collection":[{"href":"https:\/\/portal.uern.br\/patu\/de\/wp-json\/wp\/v2\/pages"}],"about":[{"href":"https:\/\/portal.uern.br\/patu\/de\/wp-json\/wp\/v2\/types\/page"}],"author":[{"embeddable":true,"href":"https:\/\/portal.uern.br\/patu\/de\/wp-json\/wp\/v2\/users\/8"}],"replies":[{"embeddable":true,"href":"https:\/\/portal.uern.br\/patu\/de\/wp-json\/wp\/v2\/comments?post=608"}],"version-history":[{"count":2,"href":"https:\/\/portal.uern.br\/patu\/de\/wp-json\/wp\/v2\/pages\/608\/revisions"}],"predecessor-version":[{"id":621,"href":"https:\/\/portal.uern.br\/patu\/de\/wp-json\/wp\/v2\/pages\/608\/revisions\/621"}],"wp:attachment":[{"href":"https:\/\/portal.uern.br\/patu\/de\/wp-json\/wp\/v2\/media?parent=608"}],"curies":[{"name":"wp","href":"https:\/\/api.w.org\/{rel}","templated":true}]}}