{"id":604,"date":"2023-07-07T18:59:08","date_gmt":"2023-07-07T21:59:08","guid":{"rendered":"https:\/\/portal.uern.br\/patu\/de\/?page_id=604"},"modified":"2023-07-07T18:59:31","modified_gmt":"2023-07-07T21:59:31","slug":"graduacao","status":"publish","type":"page","link":"https:\/\/portal.uern.br\/patu\/de\/graduacao\/","title":{"rendered":"Gradua\u00e7\u00e3o"},"content":{"rendered":"<p>Formar pedagogos para atuarem na doc\u00eancia da Educa\u00e7\u00e3o Infantil; dos Anos Iniciais do Ensino Fundamental \u2013 e suas modalidades de ensino; e na gest\u00e3o dos processos educativos, em espa\u00e7os escolares e n\u00e3o escolares que impliquem o trabalho pedag\u00f3gico que priorize o desenvolvimento das compet\u00eancias para ensinar e aprender.<\/p>\n<p>O curso de Licenciatura em Pedagogia destina-se \u00e0 forma\u00e7\u00e3o de professores para exercer fun\u00e7\u00f5es de magist\u00e9rio na Educa\u00e7\u00e3o Infantil e nos anos iniciais do Ensino Fundamental, nos cursos de Ensino M\u00e9dio, na modalidade Normal, de Educa\u00e7\u00e3o Profissional, na \u00e1rea de servi\u00e7os e apoio escolar e em outras \u00e1reas nas quais sejam previstos conhecimentos pedag\u00f3gicos.<\/p>\n<p>Par\u00e1grafo \u00fanico. As atividades docentes tamb\u00e9m compreendem participa\u00e7\u00e3o na organiza\u00e7\u00e3o e gest\u00e3o de sistemas e institui\u00e7\u00f5es de ensino, englobando:<\/p>\n<p>I &#8211; Planejamento, execu\u00e7\u00e3o, coordena\u00e7\u00e3o, acompanhamento e avalia\u00e7\u00e3o de tarefas pr\u00f3prias do setor da educa\u00e7\u00e3o;<\/p>\n<p>II &#8211; Planejamento, execu\u00e7\u00e3o, coordena\u00e7\u00e3o, acompanhamento e avalia\u00e7\u00e3o de projetos e experi\u00eancias educativas n\u00e3o-escolares;<\/p>\n<p>III &#8211; Produ\u00e7\u00e3o e difus\u00e3o do conhecimento cient\u00edfico-tecnol\u00f3gico do campo educacional, em contextos escolares e n\u00e3o-escolares. (BRASIL, 2006, p. 02).<\/p>\n<p><strong>Denomina\u00e7\u00e3<\/strong><strong>o<\/strong><\/p>\n<p>Denomina\u00e7\u00e3o: Pedagogia<\/p>\n<p>Grau acad\u00eamico: Licenciatura<\/p>\n<p>Modalidade: Presencial<\/p>\n<p>\u00c1rea de Conhecimento: Educa\u00e7\u00e3o<\/p>\n<p>Ato de Autoriza\u00e7\u00e3o\/Cria\u00e7\u00e3o: Decreto Municipal n. 176\/1980, de 04\/09\/1980<\/p>\n<p>Data de In\u00edcio de Funcionamento: 05\/03\/1981<\/p>\n<p><strong>Dados sobre o curso<\/strong><\/p>\n<p>Carga hor\u00e1ria total: 3.540 hs<\/p>\n<p>C\u00f3digo do Curso: 18410<\/p>\n<p>Carga hor\u00e1ria de componentes curriculares obrigat\u00f3rios: 2.820hs<\/p>\n<p>Carga hor\u00e1ria de componentes curriculares optativos: 120hs<\/p>\n<p>Tempo m\u00e9dio de integraliza\u00e7\u00e3o curricular: 04 anos<\/p>\n<p>Tempo m\u00e1ximo de integraliza\u00e7\u00e3o curricular: 06 anos<\/p>\n<p>N\u00famero de vagas por semestre\/ano: 40<\/p>\n<p>Turnos de funcionamento: noturno<\/p>\n<p>N\u00famero m\u00e1ximo de alunos por turma: 40<\/p>\n<p>Sistema: sistema de cr\u00e9ditos com matr\u00edcula semestral<\/p>\n<p>Forma de Ingresso no Curso: Processo Seletivo de Vagas Iniciais (PSVI) ou no Processo Seletivo de Vagas N\u00e3o-Iniciais (PSVNI), e por conv\u00eanio com o MEC pelo Exame Nacional do Ensino M\u00e9dio (ENEM).<\/p>\n<p>Trabalho de Conclus\u00e3o de Curso: Artigo Cient\u00edfico \u2013 75hs<\/p>\n<p><strong>Est\u00e1gio Curricular Obrigat\u00f3rio:<\/strong><\/p>\n<p>N\u00famero de componentes de est\u00e1gio: 3<\/p>\n<p>N\u00famero total de horas de est\u00e1gio: 400hs<\/p>\n<p>Atividades Acad\u00eamicas Complementares (AAC): 200h<\/p>\n<p>Unidade Curricular de Extens\u00e3o -UCE: formada por 6 UCEs de 60hs cada uma, perfazendo um total de 360 horas.<\/p>\n","protected":false},"excerpt":{"rendered":"<p>Formar pedagogos para atuarem na doc\u00eancia da Educa\u00e7\u00e3o Infantil; dos Anos Iniciais do Ensino Fundamental \u2013 e suas modalidades de ensino; e na gest\u00e3o dos processos educativos, em espa\u00e7os escolares e n\u00e3o escolares que impliquem o trabalho pedag\u00f3gico que priorize o desenvolvimento das compet\u00eancias para ensinar e aprender. O curso de Licenciatura em Pedagogia destina-se [&hellip;]<\/p>\n","protected":false},"author":8,"featured_media":0,"parent":0,"menu_order":0,"comment_status":"closed","ping_status":"closed","template":"","meta":{"footnotes":""},"class_list":["post-604","page","type-page","status-publish","hentry"],"_links":{"self":[{"href":"https:\/\/portal.uern.br\/patu\/de\/wp-json\/wp\/v2\/pages\/604","targetHints":{"allow":["GET"]}}],"collection":[{"href":"https:\/\/portal.uern.br\/patu\/de\/wp-json\/wp\/v2\/pages"}],"about":[{"href":"https:\/\/portal.uern.br\/patu\/de\/wp-json\/wp\/v2\/types\/page"}],"author":[{"embeddable":true,"href":"https:\/\/portal.uern.br\/patu\/de\/wp-json\/wp\/v2\/users\/8"}],"replies":[{"embeddable":true,"href":"https:\/\/portal.uern.br\/patu\/de\/wp-json\/wp\/v2\/comments?post=604"}],"version-history":[{"count":2,"href":"https:\/\/portal.uern.br\/patu\/de\/wp-json\/wp\/v2\/pages\/604\/revisions"}],"predecessor-version":[{"id":606,"href":"https:\/\/portal.uern.br\/patu\/de\/wp-json\/wp\/v2\/pages\/604\/revisions\/606"}],"wp:attachment":[{"href":"https:\/\/portal.uern.br\/patu\/de\/wp-json\/wp\/v2\/media?parent=604"}],"curies":[{"name":"wp","href":"https:\/\/api.w.org\/{rel}","templated":true}]}}