{"id":598,"date":"2023-07-07T18:46:26","date_gmt":"2023-07-07T21:46:26","guid":{"rendered":"https:\/\/portal.uern.br\/patu\/de\/?page_id=598"},"modified":"2025-07-04T10:29:02","modified_gmt":"2025-07-04T13:29:02","slug":"corpo-docente","status":"publish","type":"page","link":"https:\/\/portal.uern.br\/patu\/de\/corpo-docente\/","title":{"rendered":"Corpo Docente"},"content":{"rendered":"<p>O corpo docente do Departamento de Educa\u00e7\u00e3o est\u00e1 compostos pelos seguintes professores, considerando a titula\u00e7\u00e3o e\u00a0\u00e1rea de interesse de cada um, bem como e-mail.<\/p>\n<table style=\"width: 86.3398%;height: 321px\" cellspacing=\"1\" cellpadding=\"1\">\n<tbody>\n<tr style=\"height: 24px\">\n<td style=\"height: 24px;width: 25.3654%;text-align: center\">NOME<\/td>\n<td style=\"height: 24px;width: 8.16853%;text-align: center\">TITULA\u00c7\u00c3O<\/td>\n<td style=\"height: 24px;width: 36.1207%;text-align: center\">QUALIFICA\u00c7\u00c3O PROFISSIONAL<\/td>\n<td style=\"height: 24px;width: 12.7185%;text-align: center\">REGIME DE TRABALHO<\/td>\n<td style=\"height: 24px;width: 9.58725%;text-align: center\">E-MAIL<\/td>\n<td style=\"width: 9.58725%;height: 24px;text-align: center\">Lattes<\/td>\n<\/tr>\n<tr style=\"height: 24px\">\n<td style=\"width: 25.3654%;height: 24px\">Andr\u00e9ia Ara\u00fajo da N\u00f3brega<\/td>\n<td style=\"width: 8.16853%;height: 24px\">Mestre<\/td>\n<td style=\"width: 36.1207%;height: 24px\">Mestre em Lingu\u00edstica\/UFPB<\/td>\n<td style=\"width: 12.7185%;height: 24px;text-align: center\">DE<\/td>\n<td style=\"width: 9.58725%;height: 24px\">andreiaaraujo@uern.br<\/td>\n<td style=\"width: 9.58725%;height: 24px\"><a href=\"http:\/\/lattes.cnpq.br\/3237015231712083\"><img decoding=\"async\" class=\"size-full wp-image-844 aligncenter\" src=\"https:\/\/portal.uern.br\/patu\/de\/wp-content\/uploads\/sites\/5\/2024\/01\/icones_lattes.png\" alt=\"\" width=\"34\" height=\"33\" \/><\/a><\/td>\n<\/tr>\n<tr style=\"height: 24px\">\n<td style=\"height: 24px;width: 25.3654%\">Kamila Costa de Sousa<\/td>\n<td style=\"height: 24px;width: 8.16853%\">Doutora<\/td>\n<td style=\"height: 24px;width: 36.1207%\">Doutora em Educa\u00e7\u00e3o\/UFC<\/td>\n<td style=\"height: 24px;width: 12.7185%;text-align: center\">DE<\/td>\n<td style=\"height: 24px;width: 9.58725%\">kamilasousa@uern.br<\/td>\n<td style=\"width: 9.58725%;height: 24px\"><a href=\"http:\/\/lattes.cnpq.br\/0689040181872615\"><img decoding=\"async\" class=\"size-full wp-image-844 aligncenter\" src=\"https:\/\/portal.uern.br\/patu\/de\/wp-content\/uploads\/sites\/5\/2024\/01\/icones_lattes.png\" alt=\"\" width=\"34\" height=\"33\" \/><\/a><\/td>\n<\/tr>\n<tr style=\"height: 24px\">\n<td style=\"height: 24px;width: 25.3654%\">Iure Coutre Gurgel<\/td>\n<td style=\"height: 24px;width: 8.16853%\">Doutor<\/td>\n<td style=\"height: 24px;width: 36.1207%\">Doutor em Educa\u00e7\u00e3o\/UECE<\/td>\n<td style=\"height: 24px;width: 12.7185%;text-align: center\">40h<\/td>\n<td style=\"height: 24px;width: 9.58725%\">iuregurgel@uern.br<\/td>\n<td style=\"width: 9.58725%;height: 24px\"><a href=\"http:\/\/lattes.cnpq.br\/7432960914006618\"><img decoding=\"async\" class=\"size-full wp-image-844 aligncenter\" src=\"https:\/\/portal.uern.br\/patu\/de\/wp-content\/uploads\/sites\/5\/2024\/01\/icones_lattes.png\" alt=\"\" width=\"34\" height=\"33\" \/><\/a><\/td>\n<\/tr>\n<tr style=\"height: 24px\">\n<td style=\"height: 24px;width: 25.3654%\">Joseane Ab\u00edlio de Sousa Ferreira<\/td>\n<td style=\"height: 24px;width: 8.16853%\">Doutora<\/td>\n<td style=\"height: 24px;width: 36.1207%\">Doutora em Educa\u00e7\u00e3o\/UFPB<\/td>\n<td style=\"height: 24px;width: 12.7185%;text-align: center\">DE<\/td>\n<td style=\"height: 24px;width: 9.58725%\">joseaneabilio@uern.br<\/td>\n<td style=\"width: 9.58725%;height: 24px\"><a href=\"http:\/\/lattes.cnpq.br\/0692887895288943\"><img decoding=\"async\" class=\"size-full wp-image-844 aligncenter\" src=\"https:\/\/portal.uern.br\/patu\/de\/wp-content\/uploads\/sites\/5\/2024\/01\/icones_lattes.png\" alt=\"\" width=\"34\" height=\"33\" \/><\/a><\/td>\n<\/tr>\n<tr style=\"height: 24px\">\n<td style=\"height: 24px;width: 25.3654%\">Samuel Penteado Urban<\/td>\n<td style=\"height: 24px;width: 8.16853%\">Doutor<\/td>\n<td style=\"height: 24px;width: 36.1207%\">Doutor em Educa\u00e7\u00e3o Cient\u00edfica e Tecnol\u00f3gica\/UFSC<\/td>\n<td style=\"height: 24px;width: 12.7185%;text-align: center\">DE<\/td>\n<td style=\"height: 24px;width: 9.58725%\">samuelurban@uern.br<\/td>\n<td style=\"width: 9.58725%;height: 24px\"><a href=\"http:\/\/lattes.cnpq.br\/4616433658788380\"><img decoding=\"async\" class=\"size-full wp-image-844 aligncenter\" src=\"https:\/\/portal.uern.br\/patu\/de\/wp-content\/uploads\/sites\/5\/2024\/01\/icones_lattes.png\" alt=\"\" width=\"34\" height=\"33\" \/><\/a><\/td>\n<\/tr>\n<tr style=\"height: 24px\">\n<td style=\"height: 24px;width: 25.3654%\">Suenyra N\u00f3brega Soares<\/td>\n<td style=\"height: 24px;width: 8.16853%\">Mestre<\/td>\n<td style=\"height: 24px;width: 36.1207%\">Mestre em Educa\u00e7\u00e3o\/UFRN<\/td>\n<td style=\"height: 24px;width: 12.7185%;text-align: center\">DE<\/td>\n<td style=\"height: 24px;width: 9.58725%\">suenyranobrega@uern.br<\/td>\n<td style=\"width: 9.58725%;height: 24px\"><a href=\"http:\/\/lattes.cnpq.br\/0835546336181863\"><img decoding=\"async\" class=\"size-full wp-image-844 aligncenter\" src=\"https:\/\/portal.uern.br\/patu\/de\/wp-content\/uploads\/sites\/5\/2024\/01\/icones_lattes.png\" alt=\"\" width=\"34\" height=\"33\" \/><\/a><\/td>\n<\/tr>\n<tr style=\"height: 24px\">\n<td style=\"height: 24px;width: 25.3654%\">Soraya Nunes dos Santos Pereira<\/td>\n<td style=\"height: 24px;width: 8.16853%\">Mestre<\/td>\n<td style=\"height: 24px;width: 36.1207%\">Mestre em Psicologia\/UFPB<\/td>\n<td style=\"height: 24px;width: 12.7185%;text-align: center\">DE<\/td>\n<td style=\"height: 24px;width: 9.58725%\">sorayanunes@uern.br<\/td>\n<td style=\"width: 9.58725%;height: 24px\"><a href=\"http:\/\/lattes.cnpq.br\/6453996910240516\"><img decoding=\"async\" class=\"size-full wp-image-844 aligncenter\" src=\"https:\/\/portal.uern.br\/patu\/de\/wp-content\/uploads\/sites\/5\/2024\/01\/icones_lattes.png\" alt=\"\" width=\"34\" height=\"33\" \/><\/a><\/td>\n<\/tr>\n<tr style=\"height: 24px\">\n<td style=\"height: 24px;width: 25.3654%\">Francisca Edilma Braga Soares Aureliano<\/td>\n<td style=\"height: 24px;width: 8.16853%\">Doutora<\/td>\n<td style=\"height: 24px;width: 36.1207%\">Doutora em Educa\u00e7\u00e3o\/UFRN<\/td>\n<td style=\"height: 24px;width: 12.7185%;text-align: center\">40h<\/td>\n<td style=\"height: 24px;width: 9.58725%\">edilmabraga@uern.br<\/td>\n<td style=\"width: 9.58725%;height: 24px\"><a href=\"http:\/\/lattes.cnpq.br\/8608923801830565\"><img decoding=\"async\" class=\"size-full wp-image-844 aligncenter\" src=\"https:\/\/portal.uern.br\/patu\/de\/wp-content\/uploads\/sites\/5\/2024\/01\/icones_lattes.png\" alt=\"\" width=\"34\" height=\"33\" \/><\/a><\/td>\n<\/tr>\n<tr style=\"height: 24px\">\n<td style=\"height: 24px;width: 25.3654%\">Cl\u00e1udia Maria Fel\u00edcio Ferreira Tom\u00e9<\/td>\n<td style=\"height: 24px;width: 8.16853%\">Doutora<\/td>\n<td style=\"height: 24px;width: 36.1207%\">Doutora em Educa\u00e7\u00e3o\/UERJ<\/td>\n<td style=\"height: 24px;width: 12.7185%;text-align: center\">DE<\/td>\n<td style=\"height: 24px;width: 9.58725%\">claudiatome@uern.br<\/td>\n<td style=\"width: 9.58725%;height: 24px\"><a href=\"http:\/\/lattes.cnpq.br\/8052985327734076\"><img decoding=\"async\" class=\"size-full wp-image-844 aligncenter\" src=\"https:\/\/portal.uern.br\/patu\/de\/wp-content\/uploads\/sites\/5\/2024\/01\/icones_lattes.png\" alt=\"\" width=\"34\" height=\"33\" \/><\/a><\/td>\n<\/tr>\n<\/tbody>\n<\/table>\n","protected":false},"excerpt":{"rendered":"<p>O corpo docente do Departamento de Educa\u00e7\u00e3o est\u00e1 compostos pelos seguintes professores, considerando a titula\u00e7\u00e3o e\u00a0\u00e1rea de interesse de cada um, bem como e-mail. NOME TITULA\u00c7\u00c3O QUALIFICA\u00c7\u00c3O PROFISSIONAL REGIME DE TRABALHO E-MAIL Lattes Andr\u00e9ia Ara\u00fajo da N\u00f3brega Mestre Mestre em Lingu\u00edstica\/UFPB DE andreiaaraujo@uern.br Kamila Costa de Sousa Doutora Doutora em Educa\u00e7\u00e3o\/UFC DE kamilasousa@uern.br Iure Coutre [&hellip;]<\/p>\n","protected":false},"author":8,"featured_media":0,"parent":0,"menu_order":0,"comment_status":"closed","ping_status":"closed","template":"","meta":{"footnotes":""},"class_list":["post-598","page","type-page","status-publish","hentry"],"_links":{"self":[{"href":"https:\/\/portal.uern.br\/patu\/de\/wp-json\/wp\/v2\/pages\/598","targetHints":{"allow":["GET"]}}],"collection":[{"href":"https:\/\/portal.uern.br\/patu\/de\/wp-json\/wp\/v2\/pages"}],"about":[{"href":"https:\/\/portal.uern.br\/patu\/de\/wp-json\/wp\/v2\/types\/page"}],"author":[{"embeddable":true,"href":"https:\/\/portal.uern.br\/patu\/de\/wp-json\/wp\/v2\/users\/8"}],"replies":[{"embeddable":true,"href":"https:\/\/portal.uern.br\/patu\/de\/wp-json\/wp\/v2\/comments?post=598"}],"version-history":[{"count":16,"href":"https:\/\/portal.uern.br\/patu\/de\/wp-json\/wp\/v2\/pages\/598\/revisions"}],"predecessor-version":[{"id":985,"href":"https:\/\/portal.uern.br\/patu\/de\/wp-json\/wp\/v2\/pages\/598\/revisions\/985"}],"wp:attachment":[{"href":"https:\/\/portal.uern.br\/patu\/de\/wp-json\/wp\/v2\/media?parent=598"}],"curies":[{"name":"wp","href":"https:\/\/api.w.org\/{rel}","templated":true}]}}