{"id":354,"date":"2023-02-05T20:06:02","date_gmt":"2023-02-05T23:06:02","guid":{"rendered":"http:\/\/beta.apps.uern.br\/wordpress\/patu\/pedagogia\/?page_id=354"},"modified":"2025-10-29T16:05:05","modified_gmt":"2025-10-29T19:05:05","slug":"apresentacao","status":"publish","type":"page","link":"https:\/\/portal.uern.br\/patu\/de\/","title":{"rendered":"Apresenta\u00e7\u00e3o"},"content":{"rendered":"<h5>Pedagogia &#8211; Campus Avan\u00e7ado de Patu<\/h5>\n<p><strong>C\u00f3digo:<\/strong><br \/>\n100420-0<\/p>\n<p><strong>Modalidade:\u00a0<\/strong><br \/>\nLicenciatura<\/p>\n<p><strong>Carga Hor\u00e1ria Total:<\/strong><br \/>\n3540 horas<\/p>\n<p><strong>Tempo do Curso:<\/strong><br \/>\nEntre 4 e 6 anos (m\u00e1ximo)<\/p>\n<p><strong>Correio Eletr\u00f4nico:<\/strong><br \/>\nde_patu@uern.br<\/p>\n<ul>\n<li><a href=\"https:\/\/www.uern.br\/controledepaginas\/proeg-projetos-pedagogicos-patu\/arquivos\/4231ppc_2017_pedagogia_revisado.pdf\">Projeto Pedag\u00f3gico 2018<\/a><\/li>\n<li><a href=\"http:\/\/www.uern.br\/controledepaginas\/proeg-projetos-pedagogicos-patu\/arquivos\/4231ppc__2022_pedagogia_patu_com_ajuste_na_ch_de_esta%C2%A1gio.pdf\">Projeto Pedag\u00f3gico 2022<\/a><\/li>\n<li><a href=\"https:\/\/portal.uern.br\/patu\/de\/wp-content\/uploads\/sites\/5\/2025\/10\/PPC-2022-Pedagogia-Campus-de-Patu-Homologado-em-02.06.2025.pdf\">Projeto Pedag\u00f3gico 2022 (Atualizado em 02.06.2025)<\/a><\/li>\n<li><a href=\"http:\/\/www.uern.br\/controledepaginas\/proeg-projetos-pedagogicos-patu\/arquivos\/4231ppc_pedagogia_homologado_em_28.03.2022.pdf\">Projeto Pedag\u00f3gico 2022 (Atualizado em 28.03.2022)<\/a><\/li>\n<li><a href=\"https:\/\/www.uern.br\/controledepaginas\/proeg-projetos-pedagogicos-patu\/arquivos\/4231ppc_pedagogia_(2022)_campus_avana%C2%A7ado_de_de_patu_(alterado_em_12_de_janeiro_de_2023).pdf\">Projeto Pedag\u00f3gico 2022 (Alterado em 12.01.2023)<\/a><\/li>\n<\/ul>\n<p>&nbsp;<\/p>\n<p><strong>Redes Sociais<\/strong><\/p>\n<p><a href=\"https:\/\/www.youtube.com\/@departamentodeeducacaodoca7324\"><img decoding=\"async\" class=\"wp-image-829 alignleft\" src=\"https:\/\/portal.uern.br\/patu\/de\/wp-content\/uploads\/sites\/5\/2024\/01\/channels4_profile-300x300.jpg\" alt=\"\" width=\"78\" height=\"78\" srcset=\"https:\/\/portal.uern.br\/patu\/de\/wp-content\/uploads\/sites\/5\/2024\/01\/channels4_profile-300x300.jpg 300w, https:\/\/portal.uern.br\/patu\/de\/wp-content\/uploads\/sites\/5\/2024\/01\/channels4_profile-150x150.jpg 150w, https:\/\/portal.uern.br\/patu\/de\/wp-content\/uploads\/sites\/5\/2024\/01\/channels4_profile-768x768.jpg 768w, https:\/\/portal.uern.br\/patu\/de\/wp-content\/uploads\/sites\/5\/2024\/01\/channels4_profile.jpg 900w\" sizes=\"(max-width: 78px) 100vw, 78px\" \/><\/a><a href=\"https:\/\/www.instagram.com\/depeducacaocapuern?igsh=NG9vdmxoNmY0eDc=\"><img decoding=\"async\" class=\"alignnone wp-image-831\" src=\"https:\/\/portal.uern.br\/patu\/de\/wp-content\/uploads\/sites\/5\/2024\/01\/6dDoc8GV9fYUPExgLYPqqT-1200-80-300x169.jpg\" alt=\"\" width=\"98\" height=\"55\" data-wp-editing=\"1\" srcset=\"https:\/\/portal.uern.br\/patu\/de\/wp-content\/uploads\/sites\/5\/2024\/01\/6dDoc8GV9fYUPExgLYPqqT-1200-80-300x169.jpg 300w, https:\/\/portal.uern.br\/patu\/de\/wp-content\/uploads\/sites\/5\/2024\/01\/6dDoc8GV9fYUPExgLYPqqT-1200-80-1024x576.jpg 1024w, https:\/\/portal.uern.br\/patu\/de\/wp-content\/uploads\/sites\/5\/2024\/01\/6dDoc8GV9fYUPExgLYPqqT-1200-80-768x432.jpg 768w, https:\/\/portal.uern.br\/patu\/de\/wp-content\/uploads\/sites\/5\/2024\/01\/6dDoc8GV9fYUPExgLYPqqT-1200-80.jpg 1200w\" sizes=\"(max-width: 98px) 100vw, 98px\" \/><\/a><\/p>\n<p>&nbsp;<\/p>\n<p><strong>Objetivo do Curso:<\/strong><\/p>\n<p><strong>Geral:<\/strong><\/p>\n<ul>\n<li>Formar pedagogos para atuarem na doc\u00eancia da Educa\u00e7\u00e3o Infantil; dos Anos Iniciais do Ensino Fundamental \u2013 e suas modalidades de ensino; e na gest\u00e3o dos processos educativos, em espa\u00e7os escolares e n\u00e3o escolares que impliquem o trabalho pedag\u00f3gico que priorize o desenvolvimento das compet\u00eancias para ensinar e aprender.<\/li>\n<\/ul>\n<p><b>Espec\u00edficos<\/b><strong>:<\/strong><\/p>\n<ul>\n<li>Estabelecer di\u00e1logo entre a \u00e1rea pedag\u00f3gica e as demais \u00e1reas de conhecimento, com o prop\u00f3sito de favorecer o planejamento, a execu\u00e7\u00e3o, coordena\u00e7\u00e3o, acompanhamento e avalia\u00e7\u00e3o de atividades, projetos e experi\u00eancias educativas pr\u00f3prias da atua\u00e7\u00e3o do pedagogo;<\/li>\n<li>Desenvolver o processo de compreens\u00e3o sobre a crian\u00e7a, o jovem e o adulto inseridos no contexto social e cultural, de forma a contribuir para seu desenvolvimento humano nas dimens\u00f5es f\u00edsica, psicol\u00f3gica, intelectual, \u00e9tica, cultural, social, dentre outras;<\/li>\n<li>Estimular o comprometimento com a \u00e9tica e a organiza\u00e7\u00e3o democr\u00e1tica da sociedade, com a finalidade de desenvolver estrat\u00e9gias interventivas frente aos problemas socioculturais e educacionais, propondo respostas criativas \u00e0s quest\u00f5es da qualidade de ensino e medidas que visem \u00e0 supera\u00e7\u00e3o da exclus\u00e3o social;<\/li>\n<li>Orientar o desenvolvimento de metodologias e materiais pedag\u00f3gicos adequados \u00e0 utiliza\u00e7\u00e3o das tecnologias da informa\u00e7\u00e3o e da comunica\u00e7\u00e3o de maneira a beneficiar a produ\u00e7\u00e3o e difus\u00e3o do conhecimento cient\u00edfico-tecnol\u00f3gico do campo educacional;<\/li>\n<li>Estabelecer parcerias com os sistemas de ensino p\u00fablicos e demais entidades educativas para articular a forma\u00e7\u00e3o inicial \u00e0 forma\u00e7\u00e3o continuada dos profissionais do magist\u00e9rio da educa\u00e7\u00e3o b\u00e1sica, no intuito de instituir pol\u00edticas p\u00fablicas que possibilitem o desenvolvimento profissional dos professores;<\/li>\n<li>Propiciar uma forma\u00e7\u00e3o do pedagogo por meio daarticula\u00e7\u00e3o entre o ensino, a pesquisa e a extens\u00e3o, compreendendo a apropria\u00e7\u00e3o e a produ\u00e7\u00e3o do conhecimento inerentes \u00e0 natureza das pr\u00e1ticas educativas escolares e n\u00e3o-escolares.<\/li>\n<\/ul>\n<p>&nbsp;<\/p>\n<p><strong>Perfil do Formando:<\/strong><\/p>\n<p>De acordo com o artigo 4.\u00ba da Resolu\u00e7\u00e3o n.\u00ba 01, de 2006, do CNE, que define a finalidade do Curso de Pedagogia e, consequentemente, as compet\u00eancias profissionais que dever\u00e3o ser propiciadas ao formando, o perfil do egresso deve atestar a sua capacidade de exercitar, de forma integrada e indissoci\u00e1vel, \u00e0 doc\u00eancia, a gest\u00e3o dos processos educativos escolares e n\u00e3o-escolares, bem como a produ\u00e7\u00e3o e difus\u00e3o do conhecimento cient\u00edfico e tecnol\u00f3gico. Nesse documento, \u00e9 afirmado que:<\/p>\n<p><strong>Art. 4.\u00ba<\/strong>\u00a0&#8211; O curso de Licenciatura em Pedagogia destina-se \u00e0 forma\u00e7\u00e3o de professores para exercer fun\u00e7\u00f5es de magist\u00e9rio na Educa\u00e7\u00e3o Infantil e nos anos iniciais do Ensino Fundamental, nos cursos de Ensino M\u00e9dio, na modalidade Normal, de Educa\u00e7\u00e3o Profissional, na \u00e1rea de servi\u00e7os e apoio escolar e em outras \u00e1reas nas quais sejam previstos conhecimentos pedag\u00f3gicos.<\/p>\n<p><strong>Par\u00e1grafo \u00fanico.<\/strong>\u00a0As atividades docentes tamb\u00e9m compreendem participa\u00e7\u00e3o na organiza\u00e7\u00e3o e gest\u00e3o de sistemas e institui\u00e7\u00f5es de ensino, englobando:<\/p>\n<p><strong>I &#8211;<\/strong>\u00a0Planejamento, execu\u00e7\u00e3o, coordena\u00e7\u00e3o, acompanhamento e avalia\u00e7\u00e3o de tarefas pr\u00f3prias do setor da educa\u00e7\u00e3o;<br \/>\n<strong>II<\/strong>\u00a0&#8211; Planejamento, execu\u00e7\u00e3o, coordena\u00e7\u00e3o, acompanhamento e avalia\u00e7\u00e3o de projetos e experi\u00eancias educativas n\u00e3o-escolares;<br \/>\n<strong>III<\/strong>\u00a0&#8211; Produ\u00e7\u00e3o e difus\u00e3o do conhecimento cient\u00edfico-tecnol\u00f3gico do campo educacional, em contextos escolares e n\u00e3o-escolares. (BRASIL, 2006, p. 02).<\/p>\n<p>Como se pode perceber, a Resolu\u00e7\u00e3o coloca em evid\u00eancia alguns elementos essenciais a serem considerados na elabora\u00e7\u00e3o de uma proposta como a presente. Assim, este Projeto concebe a forma\u00e7\u00e3o do licenciado em Pedagogia como uma a\u00e7\u00e3o direcionada pelo trabalho pedag\u00f3gico, realizado tanto nos espa\u00e7os escolares como nos espa\u00e7os n\u00e3o-escolares, tendo como refer\u00eancia, \u00e0 doc\u00eancia.<\/p>\n<p><strong>Campo de Atua\u00e7\u00e3o:<\/strong><\/p>\n<p>Campo de atua\u00e7\u00e3o profissional do Pedagogo para al\u00e9m da Educa\u00e7\u00e3o de Inf\u00e2ncia e das S\u00e9ries\/Anos Iniciais, sendo ilustrativo disso, por exemplo, a requisi\u00e7\u00e3o das suas atribui\u00e7\u00f5es na Educa\u00e7\u00e3o de Jovens e Adultos, na Educa\u00e7\u00e3o Ambiental, na Educa\u00e7\u00e3o Especial e na Gest\u00e3o Educacional.<\/p>\n<p><strong>Atribui\u00e7\u00f5es do profissional formado:<\/strong><\/p>\n<p>Assessorar nas atividades de ensino, pesquisa e extens\u00e3o. Estudar medidas que visem melhorar os processos pedag\u00f3gicos inclusive na educa\u00e7\u00e3o infantil. Elaborar e desenvolver projetos educacionais; participar da elabora\u00e7\u00e3o de instrumentos espec\u00edficos de orienta\u00e7\u00e3o pedag\u00f3gica e educacional.<\/p>\n<h5><span style=\"font-size: 12pt\"><strong>Estrutura Curricular<\/strong><\/span><\/h5>\n<p><iframe src=\"https:\/\/sigaa.uern.br\/sigaa\/link\/public\/curso\/curriculo\/186542\" width=\"100%\" height=\"1000px\" frameborder=\"0\" marginwidth=\"0\" marginheight=\"0\" scrolling=\"yes\"><\/iframe><\/p>\n","protected":false},"excerpt":{"rendered":"<p>Pedagogia &#8211; Campus Avan\u00e7ado de Patu C\u00f3digo: 100420-0 Modalidade:\u00a0 Licenciatura Carga Hor\u00e1ria Total: 3540 horas Tempo do Curso: Entre 4 e 6 anos (m\u00e1ximo) Correio Eletr\u00f4nico: de_patu@uern.br Projeto Pedag\u00f3gico 2018 Projeto Pedag\u00f3gico 2022 Projeto Pedag\u00f3gico 2022 (Atualizado em 02.06.2025) Projeto Pedag\u00f3gico 2022 (Atualizado em 28.03.2022) Projeto Pedag\u00f3gico 2022 (Alterado em 12.01.2023) &nbsp; Redes Sociais &nbsp; [&hellip;]<\/p>\n","protected":false},"author":1,"featured_media":0,"parent":0,"menu_order":0,"comment_status":"closed","ping_status":"closed","template":"","meta":{"footnotes":""},"class_list":["post-354","page","type-page","status-publish","hentry"],"_links":{"self":[{"href":"https:\/\/portal.uern.br\/patu\/de\/wp-json\/wp\/v2\/pages\/354","targetHints":{"allow":["GET"]}}],"collection":[{"href":"https:\/\/portal.uern.br\/patu\/de\/wp-json\/wp\/v2\/pages"}],"about":[{"href":"https:\/\/portal.uern.br\/patu\/de\/wp-json\/wp\/v2\/types\/page"}],"author":[{"embeddable":true,"href":"https:\/\/portal.uern.br\/patu\/de\/wp-json\/wp\/v2\/users\/1"}],"replies":[{"embeddable":true,"href":"https:\/\/portal.uern.br\/patu\/de\/wp-json\/wp\/v2\/comments?post=354"}],"version-history":[{"count":21,"href":"https:\/\/portal.uern.br\/patu\/de\/wp-json\/wp\/v2\/pages\/354\/revisions"}],"predecessor-version":[{"id":994,"href":"https:\/\/portal.uern.br\/patu\/de\/wp-json\/wp\/v2\/pages\/354\/revisions\/994"}],"wp:attachment":[{"href":"https:\/\/portal.uern.br\/patu\/de\/wp-json\/wp\/v2\/media?parent=354"}],"curies":[{"name":"wp","href":"https:\/\/api.w.org\/{rel}","templated":true}]}}