{"id":852,"date":"2024-06-25T18:53:40","date_gmt":"2024-06-25T21:53:40","guid":{"rendered":"https:\/\/portal.uern.br\/patu\/dcc\/?page_id=852"},"modified":"2024-08-20T16:59:21","modified_gmt":"2024-08-20T19:59:21","slug":"eventos","status":"publish","type":"page","link":"https:\/\/portal.uern.br\/patu\/dcc\/eventos\/","title":{"rendered":"Eventos"},"content":{"rendered":"<h2><strong>DCC\/CAP promove evento de Boas-Vindas ao Semestre 2024.2<\/strong><\/h2>\n<p>No dia 26 de agosto de 2024 o Departamento de Ci\u00eancias Cont\u00e1beis do CAP promover\u00e1 um evento de abertura do semestre 2024.2.<\/p>\n<p>Teremos a honra de receber o Diretor da 5\u00aa Secretaria de Tributa\u00e7\u00e3o do RN, Alan Kardec, para uma palestra imperd\u00edvel!<\/p>\n<p>A participa\u00e7\u00e3o contar\u00e1 como atividade acad\u00eamica e os professores acompanhar\u00e3o os discentes no evento.<\/p>\n<p>Venha enriquecer seus conhecimentos e aproveitar essa oportunidade \u00fanica!<\/p>\n<p><img fetchpriority=\"high\" decoding=\"async\" class=\"aligncenter wp-image-1025 size-large\" src=\"https:\/\/portal.uern.br\/patu\/dcc\/wp-content\/uploads\/sites\/7\/2024\/08\/folder-864x1024.jpeg\" alt=\"\" width=\"800\" height=\"948\" srcset=\"https:\/\/portal.uern.br\/patu\/dcc\/wp-content\/uploads\/sites\/7\/2024\/08\/folder-864x1024.jpeg 864w, https:\/\/portal.uern.br\/patu\/dcc\/wp-content\/uploads\/sites\/7\/2024\/08\/folder-253x300.jpeg 253w, https:\/\/portal.uern.br\/patu\/dcc\/wp-content\/uploads\/sites\/7\/2024\/08\/folder-768x910.jpeg 768w, https:\/\/portal.uern.br\/patu\/dcc\/wp-content\/uploads\/sites\/7\/2024\/08\/folder.jpeg 1080w\" sizes=\"(max-width: 800px) 100vw, 800px\" \/><\/p>\n<p>&nbsp;<\/p>\n<p style=\"text-align: center\">***<\/p>\n<p>A Universidade do Estado do Rio Grande do Norte (Uern), atrav\u00e9s da Pr\u00f3-Reitoria de Extens\u00e3o (Proex), realiza, entre 1\u00ba e 3 de julho, o III ELO Uern, cujo prop\u00f3sito \u00e9 envolver toda a comunidade acad\u00eamica na discuss\u00e3o e exerc\u00edcio pr\u00e1tico da extens\u00e3o universit\u00e1ria junto aos p\u00fablicos da comunidade que est\u00e3o envolvidos com as a\u00e7\u00f5es, projetos e programas de extens\u00e3o. Este ano, o tema \u00e9 \u201cA universidade junto \u00e0 comunidade\u201d.<\/p>\n<p>O Departamento de Ci\u00eancias Cont\u00e1beis do Campus Avan\u00e7ado de Patu participa do evento com a oferta de duas oficinas, com a coordena\u00e7\u00e3o do prof. Dr. Yuri Dantas e com apoio t\u00e9cnico dos servidores t\u00e9cnicos-administrativos Roberth de Andrade Fontes e Larissa de Almeida Medeiros.<\/p>\n<table style=\"border-collapse: collapse;width: 100%\">\n<tbody>\n<tr>\n<td style=\"width: 100%\">A primeira oficina trata o tema &#8220;<strong>CONTAS P\u00daBLICAS S\u00c3O DA NOSSA CONTA: O b\u00e1sico para entender o dinheiro no meu munic\u00edpio&#8221; <\/strong>e ser\u00e1 ministrada pelos discentes do curso de Ci\u00eancias Cont\u00e1beis, Ivanildo Ferreira e Madson Fernandes. Link da inscri\u00e7\u00e3o: <a href=\"https:\/\/forms.gle\/NAoR16Y6RGXGHVZU9\">https:\/\/forms.gle\/NAoR16Y6RGXGHVZU9<\/a><\/p>\n<p><img decoding=\"async\" class=\"size-medium wp-image-853 aligncenter\" src=\"https:\/\/portal.uern.br\/patu\/dcc\/wp-content\/uploads\/sites\/7\/2024\/06\/Contas-Publicas-2-300x300.png\" alt=\"\" width=\"300\" height=\"300\" srcset=\"https:\/\/portal.uern.br\/patu\/dcc\/wp-content\/uploads\/sites\/7\/2024\/06\/Contas-Publicas-2-300x300.png 300w, https:\/\/portal.uern.br\/patu\/dcc\/wp-content\/uploads\/sites\/7\/2024\/06\/Contas-Publicas-2-1024x1024.png 1024w, https:\/\/portal.uern.br\/patu\/dcc\/wp-content\/uploads\/sites\/7\/2024\/06\/Contas-Publicas-2-150x150.png 150w, https:\/\/portal.uern.br\/patu\/dcc\/wp-content\/uploads\/sites\/7\/2024\/06\/Contas-Publicas-2-768x768.png 768w, https:\/\/portal.uern.br\/patu\/dcc\/wp-content\/uploads\/sites\/7\/2024\/06\/Contas-Publicas-2-1536x1536.png 1536w, https:\/\/portal.uern.br\/patu\/dcc\/wp-content\/uploads\/sites\/7\/2024\/06\/Contas-Publicas-2-2048x2048.png 2048w\" sizes=\"(max-width: 300px) 100vw, 300px\" \/><\/td>\n<\/tr>\n<tr>\n<td style=\"width: 100%\">J\u00e1 a segunda trar\u00e1 o tema &#8220;<strong>ADMINISTRANDO MINHAS D\u00cdVIDAS: NO\u00c7\u00d5ES DE FINAN\u00c7AS PESSOAIS PARA COLOCAR AS CONTAS EM ORDEM&#8221;<\/strong> e ser\u00e1 ministrada pelos discentes do Curso de Ci\u00eancias Cont\u00e1beis, Fabr\u00edcia Clemente e Lucas Paiva. Link da inscri\u00e7\u00e3o: <a href=\"https:\/\/forms.gle\/PcoFCoaK4c7wob2i9\">https:\/\/forms.gle\/PcoFCoaK4c7wob2i9<\/a><\/p>\n<p><img decoding=\"async\" class=\"size-medium wp-image-854 aligncenter\" src=\"https:\/\/portal.uern.br\/patu\/dcc\/wp-content\/uploads\/sites\/7\/2024\/06\/Financas-Pessoais-300x300.png\" alt=\"\" width=\"300\" height=\"300\" srcset=\"https:\/\/portal.uern.br\/patu\/dcc\/wp-content\/uploads\/sites\/7\/2024\/06\/Financas-Pessoais-300x300.png 300w, https:\/\/portal.uern.br\/patu\/dcc\/wp-content\/uploads\/sites\/7\/2024\/06\/Financas-Pessoais-1024x1024.png 1024w, https:\/\/portal.uern.br\/patu\/dcc\/wp-content\/uploads\/sites\/7\/2024\/06\/Financas-Pessoais-150x150.png 150w, https:\/\/portal.uern.br\/patu\/dcc\/wp-content\/uploads\/sites\/7\/2024\/06\/Financas-Pessoais-768x768.png 768w, https:\/\/portal.uern.br\/patu\/dcc\/wp-content\/uploads\/sites\/7\/2024\/06\/Financas-Pessoais-1536x1536.png 1536w, https:\/\/portal.uern.br\/patu\/dcc\/wp-content\/uploads\/sites\/7\/2024\/06\/Financas-Pessoais-2048x2048.png 2048w\" sizes=\"(max-width: 300px) 100vw, 300px\" \/><\/td>\n<\/tr>\n<\/tbody>\n<\/table>\n<p>&nbsp;<\/p>\n<p>&nbsp;<\/p>\n<p>&nbsp;<\/p>\n<p>&nbsp;<\/p>\n<p>&nbsp;<\/p>\n","protected":false},"excerpt":{"rendered":"<p>DCC\/CAP promove evento de Boas-Vindas ao Semestre 2024.2 No dia 26 de agosto de 2024 o Departamento de Ci\u00eancias Cont\u00e1beis do CAP promover\u00e1 um evento de abertura do semestre 2024.2. Teremos a honra de receber o Diretor da 5\u00aa Secretaria de Tributa\u00e7\u00e3o do RN, Alan Kardec, para uma palestra imperd\u00edvel! A participa\u00e7\u00e3o contar\u00e1 como atividade [&hellip;]<\/p>\n","protected":false},"author":13,"featured_media":0,"parent":0,"menu_order":0,"comment_status":"closed","ping_status":"closed","template":"","meta":{"footnotes":""},"class_list":["post-852","page","type-page","status-publish","hentry"],"_links":{"self":[{"href":"https:\/\/portal.uern.br\/patu\/dcc\/wp-json\/wp\/v2\/pages\/852","targetHints":{"allow":["GET"]}}],"collection":[{"href":"https:\/\/portal.uern.br\/patu\/dcc\/wp-json\/wp\/v2\/pages"}],"about":[{"href":"https:\/\/portal.uern.br\/patu\/dcc\/wp-json\/wp\/v2\/types\/page"}],"author":[{"embeddable":true,"href":"https:\/\/portal.uern.br\/patu\/dcc\/wp-json\/wp\/v2\/users\/13"}],"replies":[{"embeddable":true,"href":"https:\/\/portal.uern.br\/patu\/dcc\/wp-json\/wp\/v2\/comments?post=852"}],"version-history":[{"count":3,"href":"https:\/\/portal.uern.br\/patu\/dcc\/wp-json\/wp\/v2\/pages\/852\/revisions"}],"predecessor-version":[{"id":1024,"href":"https:\/\/portal.uern.br\/patu\/dcc\/wp-json\/wp\/v2\/pages\/852\/revisions\/1024"}],"wp:attachment":[{"href":"https:\/\/portal.uern.br\/patu\/dcc\/wp-json\/wp\/v2\/media?parent=852"}],"curies":[{"name":"wp","href":"https:\/\/api.w.org\/{rel}","templated":true}]}}