{"id":812,"date":"2024-05-23T19:02:36","date_gmt":"2024-05-23T22:02:36","guid":{"rendered":"https:\/\/portal.uern.br\/patu\/dcc\/?page_id=812"},"modified":"2024-05-23T19:02:36","modified_gmt":"2024-05-23T22:02:36","slug":"atribuicoes-do-profissional-formado","status":"publish","type":"page","link":"https:\/\/portal.uern.br\/patu\/dcc\/atribuicoes-do-profissional-formado\/","title":{"rendered":"Atribui\u00e7\u00f5es do profissional formado"},"content":{"rendered":"<p>Ao final do curso, o Bacharel em Ci\u00eancias Cont\u00e1beis dever\u00e1 apresentar as seguintes<br \/>\ncompet\u00eancias e habilidades, em conson\u00e2ncia com o artigo 4\u00b0 da Resolu\u00e7\u00e3o CNE\/CES n\u00ba 10\/2004:<\/p>\n<ul>\n<li>Utilizar adequadamente a terminologia e a linguagem das Ci\u00eancias Cont\u00e1beis e Atuariais;<\/li>\n<li>Demonstrar vis\u00e3o sist\u00eamica e interdisciplinar da atividade cont\u00e1bil;<\/li>\n<li>Elaborar pareceres e relat\u00f3rios que contribuam para o desempenho eficiente e eficaz de seus<br \/>\nusu\u00e1rios, quaisquer que sejam os modelos organizacionais;<\/li>\n<li>Aplicar adequadamente a legisla\u00e7\u00e3o inerente \u00e0s fun\u00e7\u00f5es cont\u00e1beis;<\/li>\n<li>Articular equipes multidisciplinares para a capta\u00e7\u00e3o de insumos necess\u00e1rios aos controles<br \/>\nt\u00e9cnicos, \u00e0 gera\u00e7\u00e3o e dissemina\u00e7\u00e3o de informa\u00e7\u00f5es cont\u00e1beis, com reconhecido n\u00edvel de<br \/>\nprecis\u00e3o;<\/li>\n<li>Exercer suas atividades com expressivo dom\u00ednio das fun\u00e7\u00f5es cont\u00e1beis, utilizando-se de<br \/>\nquantifica\u00e7\u00f5es de informa\u00e7\u00f5es financeiras, patrimoniais e governamentais que viabilizem<br \/>\naos agentes econ\u00f4micos e administradores de qualquer segmento produtivo ou institucional<br \/>\no pleno cumprimento de seus encargos quanto ao gerenciamento, aos controles e ao<br \/>\nprocesso decis\u00f3rio, viabilizando a presta\u00e7\u00e3o de contas de sua gest\u00e3o perante a sociedade de<br \/>\nforma \u00e9tica e exata.<\/li>\n<li>Desenvolver, analisar e implantar sistemas de informa\u00e7\u00e3o cont\u00e1bil e de controle gerencial,<br \/>\nrevelando capacidade cr\u00edtico-anal\u00edtica para avaliar as implica\u00e7\u00f5es organizacionais com a<br \/>\ntecnologia da informa\u00e7\u00e3o;<\/li>\n<li>Exercer com \u00e9tica e profici\u00eancia as atribui\u00e7\u00f5es e prerrogativas que lhe s\u00e3o prescritas atrav\u00e9s<br \/>\nda legisla\u00e7\u00e3o espec\u00edfica, revelando dom\u00ednios adequados aos diferentes modelos<br \/>\norganizacionais.<\/li>\n<\/ul>\n","protected":false},"excerpt":{"rendered":"<p>Ao final do curso, o Bacharel em Ci\u00eancias Cont\u00e1beis dever\u00e1 apresentar as seguintes compet\u00eancias e habilidades, em conson\u00e2ncia com o artigo 4\u00b0 da Resolu\u00e7\u00e3o CNE\/CES n\u00ba 10\/2004: Utilizar adequadamente a terminologia e a linguagem das Ci\u00eancias Cont\u00e1beis e Atuariais; Demonstrar vis\u00e3o sist\u00eamica e interdisciplinar da atividade cont\u00e1bil; Elaborar pareceres e relat\u00f3rios que contribuam para o [&hellip;]<\/p>\n","protected":false},"author":13,"featured_media":0,"parent":0,"menu_order":0,"comment_status":"closed","ping_status":"closed","template":"","meta":{"footnotes":""},"class_list":["post-812","page","type-page","status-publish","hentry"],"_links":{"self":[{"href":"https:\/\/portal.uern.br\/patu\/dcc\/wp-json\/wp\/v2\/pages\/812","targetHints":{"allow":["GET"]}}],"collection":[{"href":"https:\/\/portal.uern.br\/patu\/dcc\/wp-json\/wp\/v2\/pages"}],"about":[{"href":"https:\/\/portal.uern.br\/patu\/dcc\/wp-json\/wp\/v2\/types\/page"}],"author":[{"embeddable":true,"href":"https:\/\/portal.uern.br\/patu\/dcc\/wp-json\/wp\/v2\/users\/13"}],"replies":[{"embeddable":true,"href":"https:\/\/portal.uern.br\/patu\/dcc\/wp-json\/wp\/v2\/comments?post=812"}],"version-history":[{"count":1,"href":"https:\/\/portal.uern.br\/patu\/dcc\/wp-json\/wp\/v2\/pages\/812\/revisions"}],"predecessor-version":[{"id":813,"href":"https:\/\/portal.uern.br\/patu\/dcc\/wp-json\/wp\/v2\/pages\/812\/revisions\/813"}],"wp:attachment":[{"href":"https:\/\/portal.uern.br\/patu\/dcc\/wp-json\/wp\/v2\/media?parent=812"}],"curies":[{"name":"wp","href":"https:\/\/api.w.org\/{rel}","templated":true}]}}