{"id":809,"date":"2024-05-23T19:01:50","date_gmt":"2024-05-23T22:01:50","guid":{"rendered":"https:\/\/portal.uern.br\/patu\/dcc\/?page_id=809"},"modified":"2024-05-23T19:01:50","modified_gmt":"2024-05-23T22:01:50","slug":"campo-de-atuacao","status":"publish","type":"page","link":"https:\/\/portal.uern.br\/patu\/dcc\/campo-de-atuacao\/","title":{"rendered":"Campo de Atua\u00e7\u00e3o"},"content":{"rendered":"<ul>\n<li>A Contabilidade \u00e9 uma \u00e1rea que oferece muitas oportunidades para o profissional no atual mercado de trabalho. Dentre as perspectivas profissionais nessa \u00e1rea, podem ser citadas:<\/li>\n<li>Entidades privadas: contador, diretor financeiro, analista financeiro, auditor interno, auditor externo (independente), contador de custos, contador gerencial, controller, perito etc.<\/li>\n<li>Entidades p\u00fablicas: contador p\u00fablico, auditor do setor p\u00fablico, analista de finan\u00e7as e controle p\u00fablico etc.<\/li>\n<li>Independentes: contador geral, auditor, perito, consultor, empres\u00e1rio cont\u00e1bil etc.<\/li>\n<li>Ensino, pesquisa e extens\u00e3o: professor, pesquisador, escritor, conferencista, parecerista etc.<\/li>\n<\/ul>\n","protected":false},"excerpt":{"rendered":"<p>A Contabilidade \u00e9 uma \u00e1rea que oferece muitas oportunidades para o profissional no atual mercado de trabalho. Dentre as perspectivas profissionais nessa \u00e1rea, podem ser citadas: Entidades privadas: contador, diretor financeiro, analista financeiro, auditor interno, auditor externo (independente), contador de custos, contador gerencial, controller, perito etc. Entidades p\u00fablicas: contador p\u00fablico, auditor do setor p\u00fablico, analista [&hellip;]<\/p>\n","protected":false},"author":13,"featured_media":0,"parent":0,"menu_order":0,"comment_status":"closed","ping_status":"closed","template":"","meta":{"footnotes":""},"class_list":["post-809","page","type-page","status-publish","hentry"],"_links":{"self":[{"href":"https:\/\/portal.uern.br\/patu\/dcc\/wp-json\/wp\/v2\/pages\/809","targetHints":{"allow":["GET"]}}],"collection":[{"href":"https:\/\/portal.uern.br\/patu\/dcc\/wp-json\/wp\/v2\/pages"}],"about":[{"href":"https:\/\/portal.uern.br\/patu\/dcc\/wp-json\/wp\/v2\/types\/page"}],"author":[{"embeddable":true,"href":"https:\/\/portal.uern.br\/patu\/dcc\/wp-json\/wp\/v2\/users\/13"}],"replies":[{"embeddable":true,"href":"https:\/\/portal.uern.br\/patu\/dcc\/wp-json\/wp\/v2\/comments?post=809"}],"version-history":[{"count":1,"href":"https:\/\/portal.uern.br\/patu\/dcc\/wp-json\/wp\/v2\/pages\/809\/revisions"}],"predecessor-version":[{"id":810,"href":"https:\/\/portal.uern.br\/patu\/dcc\/wp-json\/wp\/v2\/pages\/809\/revisions\/810"}],"wp:attachment":[{"href":"https:\/\/portal.uern.br\/patu\/dcc\/wp-json\/wp\/v2\/media?parent=809"}],"curies":[{"name":"wp","href":"https:\/\/api.w.org\/{rel}","templated":true}]}}