{"id":807,"date":"2024-05-23T19:01:08","date_gmt":"2024-05-23T22:01:08","guid":{"rendered":"https:\/\/portal.uern.br\/patu\/dcc\/?page_id=807"},"modified":"2024-05-23T19:01:08","modified_gmt":"2024-05-23T22:01:08","slug":"perfil-do-formando","status":"publish","type":"page","link":"https:\/\/portal.uern.br\/patu\/dcc\/perfil-do-formando\/","title":{"rendered":"Perfil do Formando"},"content":{"rendered":"<ul>\n<li>O profissional da Contabilidade dever\u00e1 ser capaz de compreender os eventos econ\u00f4micos,<br \/>\nsociais, cient\u00edficos, t\u00e9cnicos e pol\u00edticos que afetam as empresas e organiza\u00e7\u00f5es governamentais e<br \/>\nn\u00e3o governamentais, no \u00e2mbito regional, nacional e internacional, observando as t\u00e9cnicas, a<br \/>\nestrutura conceitual e os princ\u00edpios e normas da contabilidade e legisla\u00e7\u00e3o pertinente para a plena<br \/>\nexecu\u00e7\u00e3o de suas compet\u00eancias funcionais, pautando-se no c\u00f3digo de \u00e9tica do profissional em<br \/>\ncontabilidade.<\/li>\n<\/ul>\n<p>&nbsp;<\/p>\n<ul>\n<li>Dever\u00e1 tamb\u00e9m estar habilitado a prestar assessoria e consultoria no planejamento e<br \/>\nexecu\u00e7\u00e3o dos servi\u00e7os cont\u00e1beis, visando a produ\u00e7\u00e3o de informa\u00e7\u00f5es que auxiliar\u00e3o os seus<br \/>\ndiversos usu\u00e1rios nos processos de tomada de decis\u00e3o em quest\u00f5es financeiras e econ\u00f4micas,<br \/>\npodendo prestar servi\u00e7os t\u00e9cnicos em contabilidade financeira p\u00fablica e privada, auditoria, per\u00edcia,<br \/>\ncontroladoria, or\u00e7amento financeiro, consultoria fiscal-tribut\u00e1ria, custos, planejamento gerencial,<br \/>\navalia\u00e7\u00e3o de empresas, reestrutura\u00e7\u00e3o societ\u00e1ria, constitui\u00e7\u00e3o e extin\u00e7\u00e3o de empresas.<\/li>\n<\/ul>\n","protected":false},"excerpt":{"rendered":"<p>O profissional da Contabilidade dever\u00e1 ser capaz de compreender os eventos econ\u00f4micos, sociais, cient\u00edficos, t\u00e9cnicos e pol\u00edticos que afetam as empresas e organiza\u00e7\u00f5es governamentais e n\u00e3o governamentais, no \u00e2mbito regional, nacional e internacional, observando as t\u00e9cnicas, a estrutura conceitual e os princ\u00edpios e normas da contabilidade e legisla\u00e7\u00e3o pertinente para a plena execu\u00e7\u00e3o de suas [&hellip;]<\/p>\n","protected":false},"author":13,"featured_media":0,"parent":0,"menu_order":0,"comment_status":"closed","ping_status":"closed","template":"","meta":{"footnotes":""},"class_list":["post-807","page","type-page","status-publish","hentry"],"_links":{"self":[{"href":"https:\/\/portal.uern.br\/patu\/dcc\/wp-json\/wp\/v2\/pages\/807","targetHints":{"allow":["GET"]}}],"collection":[{"href":"https:\/\/portal.uern.br\/patu\/dcc\/wp-json\/wp\/v2\/pages"}],"about":[{"href":"https:\/\/portal.uern.br\/patu\/dcc\/wp-json\/wp\/v2\/types\/page"}],"author":[{"embeddable":true,"href":"https:\/\/portal.uern.br\/patu\/dcc\/wp-json\/wp\/v2\/users\/13"}],"replies":[{"embeddable":true,"href":"https:\/\/portal.uern.br\/patu\/dcc\/wp-json\/wp\/v2\/comments?post=807"}],"version-history":[{"count":1,"href":"https:\/\/portal.uern.br\/patu\/dcc\/wp-json\/wp\/v2\/pages\/807\/revisions"}],"predecessor-version":[{"id":808,"href":"https:\/\/portal.uern.br\/patu\/dcc\/wp-json\/wp\/v2\/pages\/807\/revisions\/808"}],"wp:attachment":[{"href":"https:\/\/portal.uern.br\/patu\/dcc\/wp-json\/wp\/v2\/media?parent=807"}],"curies":[{"name":"wp","href":"https:\/\/api.w.org\/{rel}","templated":true}]}}