{"id":805,"date":"2024-05-23T19:00:05","date_gmt":"2024-05-23T22:00:05","guid":{"rendered":"https:\/\/portal.uern.br\/patu\/dcc\/?page_id=805"},"modified":"2024-05-23T19:00:05","modified_gmt":"2024-05-23T22:00:05","slug":"objetivo-do-curso","status":"publish","type":"page","link":"https:\/\/portal.uern.br\/patu\/dcc\/objetivo-do-curso\/","title":{"rendered":"Objetivo do Curso"},"content":{"rendered":"<p>OBJETIVO GERAL<\/p>\n<ul>\n<li>Formar profissionais em Ci\u00eancias Cont\u00e1beis com capacidade cr\u00edtico-anal\u00edtica para reconhecer, mensurar, registrar e divulgar eventos econ\u00f4micos relativos \u00e0 din\u00e2mica patrimonial de empresas e organiza\u00e7\u00f5es, a fim de subsidiar os diversos usu\u00e1rios da informa\u00e7\u00e3o cont\u00e1bil em seus processos decis\u00f3rios, contribuindo para o desenvolvimento da sociedade.<\/li>\n<\/ul>\n<p>&nbsp;<\/p>\n<p>OBJETIVOS ESPEC\u00cdFICOS<\/p>\n<ul>\n<li>Formar profissionais capazes de utilizar as t\u00e9cnicas cont\u00e1beis no sentido de contribuir com a administra\u00e7\u00e3o das empresas no processo de gest\u00e3o;<\/li>\n<li>Capacitar profissionais para averigua\u00e7\u00e3o da fidedignidade das informa\u00e7\u00f5es cont\u00e1beis atrav\u00e9s das an\u00e1lises, interpreta\u00e7\u00f5es, per\u00edcias e auditorias internas e externas das empresas privadas e organiza\u00e7\u00f5es governamentais e n\u00e3o governamentais;<\/li>\n<li>Capacitar profissionais para execu\u00e7\u00e3o de trabalhos de assessoria cont\u00e1bil a entidades (pessoas f\u00edsicas e jur\u00eddicas);<\/li>\n<li>Formar profissionais capacitados ao desenvolvimento de pesquisa t\u00e9cnica e cient\u00edfica em contabilidade.<\/li>\n<\/ul>\n","protected":false},"excerpt":{"rendered":"<p>OBJETIVO GERAL Formar profissionais em Ci\u00eancias Cont\u00e1beis com capacidade cr\u00edtico-anal\u00edtica para reconhecer, mensurar, registrar e divulgar eventos econ\u00f4micos relativos \u00e0 din\u00e2mica patrimonial de empresas e organiza\u00e7\u00f5es, a fim de subsidiar os diversos usu\u00e1rios da informa\u00e7\u00e3o cont\u00e1bil em seus processos decis\u00f3rios, contribuindo para o desenvolvimento da sociedade. &nbsp; OBJETIVOS ESPEC\u00cdFICOS Formar profissionais capazes de utilizar as [&hellip;]<\/p>\n","protected":false},"author":13,"featured_media":0,"parent":0,"menu_order":0,"comment_status":"closed","ping_status":"closed","template":"","meta":{"footnotes":""},"class_list":["post-805","page","type-page","status-publish","hentry"],"_links":{"self":[{"href":"https:\/\/portal.uern.br\/patu\/dcc\/wp-json\/wp\/v2\/pages\/805","targetHints":{"allow":["GET"]}}],"collection":[{"href":"https:\/\/portal.uern.br\/patu\/dcc\/wp-json\/wp\/v2\/pages"}],"about":[{"href":"https:\/\/portal.uern.br\/patu\/dcc\/wp-json\/wp\/v2\/types\/page"}],"author":[{"embeddable":true,"href":"https:\/\/portal.uern.br\/patu\/dcc\/wp-json\/wp\/v2\/users\/13"}],"replies":[{"embeddable":true,"href":"https:\/\/portal.uern.br\/patu\/dcc\/wp-json\/wp\/v2\/comments?post=805"}],"version-history":[{"count":1,"href":"https:\/\/portal.uern.br\/patu\/dcc\/wp-json\/wp\/v2\/pages\/805\/revisions"}],"predecessor-version":[{"id":806,"href":"https:\/\/portal.uern.br\/patu\/dcc\/wp-json\/wp\/v2\/pages\/805\/revisions\/806"}],"wp:attachment":[{"href":"https:\/\/portal.uern.br\/patu\/dcc\/wp-json\/wp\/v2\/media?parent=805"}],"curies":[{"name":"wp","href":"https:\/\/api.w.org\/{rel}","templated":true}]}}