{"id":802,"date":"2024-05-23T18:57:32","date_gmt":"2024-05-23T21:57:32","guid":{"rendered":"https:\/\/portal.uern.br\/patu\/dcc\/?page_id=802"},"modified":"2024-11-07T19:31:24","modified_gmt":"2024-11-07T22:31:24","slug":"chefia-departamental","status":"publish","type":"page","link":"https:\/\/portal.uern.br\/patu\/dcc\/chefia-departamental\/","title":{"rendered":"Chefia Departamental"},"content":{"rendered":"<p class=\"western\" align=\"justify\"><span lang=\"pt-BR\">Segundo o Regimento Geral da UERN, ca<\/span><span lang=\"pt-BR\">da Departamento Acad\u00eamico deve ser chefiado por professor em efetivo exerc\u00edcio da doc\u00eancia, eleito pelo Colegiado Departamental para mandato de 2 (dois) anos, vedado o exerc\u00edcio de mais 2 (dois) anos consecutivos.<\/span><\/p>\n<p class=\"western\" lang=\"pt-BR\" align=\"justify\">Atualmente a chefia do Departamento de Ci\u00eancias Cont\u00e1beis \u00e9 assim composta:<\/p>\n<ul>\n<li>\n<p class=\"western\" lang=\"pt-BR\" align=\"left\"><strong>Prof. Esp. Aluisio Dutra de Oliveira \u2013 Chefe do Departamento<\/strong><\/p>\n<\/li>\n<li>Mandato: 1\u00ba de novembro de 2024 a a 31 de outubro de 2026.<\/li>\n<li><a href=\"https:\/\/portal.uern.br\/patu\/dcc\/wp-content\/uploads\/sites\/7\/2024\/11\/SEI_29990304_UERN___Portaria___GP_3952-1.pdf\">Portaria n\u00ba 3952\/2024-GP\/FUERN<\/a><\/li>\n<\/ul>\n<p>&nbsp;<\/p>\n<ul>\n<li>\n<p class=\"western\" lang=\"pt-BR\" align=\"left\"><strong>Profa. Dra. Marliete Lopes dos Santos \u2013 Subchefe do Departamento<\/strong><\/p>\n<\/li>\n<li>Mandato: 1\u00ba de novembro de 2024 a a 31 de outubro de 2026<\/li>\n<li><a href=\"https:\/\/portal.uern.br\/patu\/dcc\/wp-content\/uploads\/sites\/7\/2024\/11\/SEI_29971411_UERN___Portaria___GP_3936-1.pdf\">Portaria n\u00ba 3936\/2024-GP\/FUERN<\/a><\/li>\n<\/ul>\n<p class=\"western\" align=\"justify\">\n","protected":false},"excerpt":{"rendered":"<p>Segundo o Regimento Geral da UERN, cada Departamento Acad\u00eamico deve ser chefiado por professor em efetivo exerc\u00edcio da doc\u00eancia, eleito pelo Colegiado Departamental para mandato de 2 (dois) anos, vedado o exerc\u00edcio de mais 2 (dois) anos consecutivos. Atualmente a chefia do Departamento de Ci\u00eancias Cont\u00e1beis \u00e9 assim composta: Prof. Esp. Aluisio Dutra de Oliveira [&hellip;]<\/p>\n","protected":false},"author":13,"featured_media":0,"parent":0,"menu_order":0,"comment_status":"closed","ping_status":"closed","template":"","meta":{"footnotes":""},"class_list":["post-802","page","type-page","status-publish","hentry"],"_links":{"self":[{"href":"https:\/\/portal.uern.br\/patu\/dcc\/wp-json\/wp\/v2\/pages\/802","targetHints":{"allow":["GET"]}}],"collection":[{"href":"https:\/\/portal.uern.br\/patu\/dcc\/wp-json\/wp\/v2\/pages"}],"about":[{"href":"https:\/\/portal.uern.br\/patu\/dcc\/wp-json\/wp\/v2\/types\/page"}],"author":[{"embeddable":true,"href":"https:\/\/portal.uern.br\/patu\/dcc\/wp-json\/wp\/v2\/users\/13"}],"replies":[{"embeddable":true,"href":"https:\/\/portal.uern.br\/patu\/dcc\/wp-json\/wp\/v2\/comments?post=802"}],"version-history":[{"count":6,"href":"https:\/\/portal.uern.br\/patu\/dcc\/wp-json\/wp\/v2\/pages\/802\/revisions"}],"predecessor-version":[{"id":1077,"href":"https:\/\/portal.uern.br\/patu\/dcc\/wp-json\/wp\/v2\/pages\/802\/revisions\/1077"}],"wp:attachment":[{"href":"https:\/\/portal.uern.br\/patu\/dcc\/wp-json\/wp\/v2\/media?parent=802"}],"curies":[{"name":"wp","href":"https:\/\/api.w.org\/{rel}","templated":true}]}}