{"id":794,"date":"2024-05-23T18:55:21","date_gmt":"2024-05-23T21:55:21","guid":{"rendered":"https:\/\/portal.uern.br\/patu\/dcc\/?page_id=794"},"modified":"2024-05-23T19:06:53","modified_gmt":"2024-05-23T22:06:53","slug":"estagio-supervisionado-obirgatorio","status":"publish","type":"page","link":"https:\/\/portal.uern.br\/patu\/dcc\/estagio-supervisionado-obirgatorio\/","title":{"rendered":"Est\u00e1gio Supervisionado Obrigat\u00f3rio"},"content":{"rendered":"<p>O Est\u00e1gio Curricular Supervisionado Obrigat\u00f3rio dos cursos de gradua\u00e7\u00e3o, grau acad\u00eamico Bacharelado, da Universidade do Estado do Rio Grande do Norte (Uern) constitui-se em atividade de aprendizagem\u00a0 social, profissional e cultural, proporcionando aos estudantes a inser\u00e7\u00e3o em situa\u00e7\u00f5es reais da vida e do trabalho, sendo realizado diretamente nas comunidades\/localidades, junto a pessoas jur\u00eddicas de direito privado, Organiza\u00e7\u00f5es N\u00e3o Governamentais, e Entidades representativas da sociedade civil, quando legalmente reconhecidas, ou na pr\u00f3pria Universidade, sob a coordena\u00e7\u00e3o e condu\u00e7\u00e3o do Departamento Acad\u00eamico.<\/p>\n<p>Tem como objetivos:<br \/>\nI -Proporcionar ao discente uma forma\u00e7\u00e3o integral;<br \/>\nII -Possibilitar ao discente o exerc\u00edcio de atividades pr\u00f3prias de sua profiss\u00e3o em situa\u00e7\u00f5es reais de<br \/>\ntrabalho;<br \/>\nIII -Desenvolver compet\u00eancias, e habilidades para que o estudante torne-se apto ao exerc\u00edcio<br \/>\nprofissional;<br \/>\nIV -Formar profissionais cr\u00edticos, criativos, propositivos, com postura \u00e9tica e compromisso social.<\/p>\n<p>&nbsp;<\/p>\n<p><strong>Coordenador de Est\u00e1gio Curricular Supervisionado Obrigat\u00f3rio do Curso de Ci\u00eancias Cont\u00e1beis do Campus Avan\u00e7ado de Patu<\/strong><\/p>\n<p>Prof. Esp. Olivaldo Bandeira de Moura<\/p>\n<p>&nbsp;<\/p>\n<p><a href=\"https:\/\/portal.uern.br\/patu\/dcc\/wp-content\/uploads\/sites\/7\/2024\/05\/SEI_22161504_Portaria_448.pdf\">Portaria-SEI N\u00ba 448\/2023<\/a><\/p>\n<p>Mandato: quatro semestres letivos, de 2023.2 a 2025.1.<\/p>\n","protected":false},"excerpt":{"rendered":"<p>O Est\u00e1gio Curricular Supervisionado Obrigat\u00f3rio dos cursos de gradua\u00e7\u00e3o, grau acad\u00eamico Bacharelado, da Universidade do Estado do Rio Grande do Norte (Uern) constitui-se em atividade de aprendizagem\u00a0 social, profissional e cultural, proporcionando aos estudantes a inser\u00e7\u00e3o em situa\u00e7\u00f5es reais da vida e do trabalho, sendo realizado diretamente nas comunidades\/localidades, junto a pessoas jur\u00eddicas de direito [&hellip;]<\/p>\n","protected":false},"author":13,"featured_media":0,"parent":0,"menu_order":0,"comment_status":"closed","ping_status":"closed","template":"","meta":{"footnotes":""},"class_list":["post-794","page","type-page","status-publish","hentry"],"_links":{"self":[{"href":"https:\/\/portal.uern.br\/patu\/dcc\/wp-json\/wp\/v2\/pages\/794","targetHints":{"allow":["GET"]}}],"collection":[{"href":"https:\/\/portal.uern.br\/patu\/dcc\/wp-json\/wp\/v2\/pages"}],"about":[{"href":"https:\/\/portal.uern.br\/patu\/dcc\/wp-json\/wp\/v2\/types\/page"}],"author":[{"embeddable":true,"href":"https:\/\/portal.uern.br\/patu\/dcc\/wp-json\/wp\/v2\/users\/13"}],"replies":[{"embeddable":true,"href":"https:\/\/portal.uern.br\/patu\/dcc\/wp-json\/wp\/v2\/comments?post=794"}],"version-history":[{"count":2,"href":"https:\/\/portal.uern.br\/patu\/dcc\/wp-json\/wp\/v2\/pages\/794\/revisions"}],"predecessor-version":[{"id":822,"href":"https:\/\/portal.uern.br\/patu\/dcc\/wp-json\/wp\/v2\/pages\/794\/revisions\/822"}],"wp:attachment":[{"href":"https:\/\/portal.uern.br\/patu\/dcc\/wp-json\/wp\/v2\/media?parent=794"}],"curies":[{"name":"wp","href":"https:\/\/api.w.org\/{rel}","templated":true}]}}