{"id":791,"date":"2024-05-23T18:38:33","date_gmt":"2024-05-23T21:38:33","guid":{"rendered":"https:\/\/portal.uern.br\/patu\/dcc\/?page_id=791"},"modified":"2024-06-26T19:54:09","modified_gmt":"2024-06-26T22:54:09","slug":"forum-de-estagio-dos-bacharelados-fieb","status":"publish","type":"page","link":"https:\/\/portal.uern.br\/patu\/dcc\/forum-de-estagio-dos-bacharelados-fieb\/","title":{"rendered":"F\u00f3rum de Est\u00e1gio dos Bacharelados (FIEB)"},"content":{"rendered":"<p>O FIEB tem como miss\u00e3o promover o aprimoramento das atividades de ensino dos Cursos de Bacharelado no \u00e2mbito da UERN e articul\u00e1-las aos contextos educacionais locais e nacionais, com vistas ao estudo e ao atendimento \u00e0s demandas sociais, em conson\u00e2ncia com as discuss\u00f5es atuais sobre a inser\u00e7\u00e3o cidad\u00e3 de profissionais no mercado de trabalho e com as pol\u00edticas p\u00fablicas adotadas pelo Estado brasileiro.<\/p>\n<p>Dentre os objetivos do FIEB, ele visa \u201cpropiciar aos integrantes do F\u00f3rum um espa\u00e7o de discuss\u00e3o acerca de suas atividades docentes\u201d nos bacharelados. Como um F\u00f3rum propositivo, a realiza\u00e7\u00e3o de parte de seus objetivos requer o trabalho junto \u00e0 Pr\u00f3-Reitoria de Ensino de Gradua\u00e7\u00e3o- PROEG \u2013 e aos N\u00facleos Docentes Estruturantes \u2013 NDE- dos cursos de bacharelados.<\/p>\n<p>&nbsp;<\/p>\n<p><strong>Membros:<\/strong><\/p>\n<p>I &#8211; Jozenir Calixta de Medeiros, Representante do N\u00facleo Docente Estruturante do curso, at\u00e9 07 de junho de 2025;<br \/>\nII &#8211; Olivaldo Bandeira de Moura, Coordenador de Est\u00e1gio do curso e Coordenador de Est\u00e1gio da Unidade;<br \/>\nIII &#8211; Francisco Tavares Filho, Supervisor de Est\u00e1gio do curso;<br \/>\nIV &#8211; Denylson Alves de Lima, membro titular representante discente do curso, at\u00e9 07 de junho de 2025;<br \/>\nV &#8211; Victor Augusto Fernandes de Andrade, membro suplente representante discente do curso.<\/p>\n<p><a href=\"https:\/\/portal.uern.br\/patu\/dcc\/wp-content\/uploads\/sites\/7\/2024\/06\/SEI_27373190_Portaria_325.pdf\">SEI_27373190_Portaria_325<\/a><\/p>\n<p>Mandato: 06 de junho de 2024 a 06 de junho de 2026.<\/p>\n","protected":false},"excerpt":{"rendered":"<p>O FIEB tem como miss\u00e3o promover o aprimoramento das atividades de ensino dos Cursos de Bacharelado no \u00e2mbito da UERN e articul\u00e1-las aos contextos educacionais locais e nacionais, com vistas ao estudo e ao atendimento \u00e0s demandas sociais, em conson\u00e2ncia com as discuss\u00f5es atuais sobre a inser\u00e7\u00e3o cidad\u00e3 de profissionais no mercado de trabalho e [&hellip;]<\/p>\n","protected":false},"author":13,"featured_media":0,"parent":0,"menu_order":0,"comment_status":"closed","ping_status":"closed","template":"","meta":{"footnotes":""},"class_list":["post-791","page","type-page","status-publish","hentry"],"_links":{"self":[{"href":"https:\/\/portal.uern.br\/patu\/dcc\/wp-json\/wp\/v2\/pages\/791","targetHints":{"allow":["GET"]}}],"collection":[{"href":"https:\/\/portal.uern.br\/patu\/dcc\/wp-json\/wp\/v2\/pages"}],"about":[{"href":"https:\/\/portal.uern.br\/patu\/dcc\/wp-json\/wp\/v2\/types\/page"}],"author":[{"embeddable":true,"href":"https:\/\/portal.uern.br\/patu\/dcc\/wp-json\/wp\/v2\/users\/13"}],"replies":[{"embeddable":true,"href":"https:\/\/portal.uern.br\/patu\/dcc\/wp-json\/wp\/v2\/comments?post=791"}],"version-history":[{"count":3,"href":"https:\/\/portal.uern.br\/patu\/dcc\/wp-json\/wp\/v2\/pages\/791\/revisions"}],"predecessor-version":[{"id":863,"href":"https:\/\/portal.uern.br\/patu\/dcc\/wp-json\/wp\/v2\/pages\/791\/revisions\/863"}],"wp:attachment":[{"href":"https:\/\/portal.uern.br\/patu\/dcc\/wp-json\/wp\/v2\/media?parent=791"}],"curies":[{"name":"wp","href":"https:\/\/api.w.org\/{rel}","templated":true}]}}