{"id":788,"date":"2024-05-23T18:33:59","date_gmt":"2024-05-23T21:33:59","guid":{"rendered":"https:\/\/portal.uern.br\/patu\/dcc\/?page_id=788"},"modified":"2024-05-24T17:39:24","modified_gmt":"2024-05-24T20:39:24","slug":"pesquisa","status":"publish","type":"page","link":"https:\/\/portal.uern.br\/patu\/dcc\/pesquisa\/","title":{"rendered":"Pesquisa"},"content":{"rendered":"<h3>Grupo de Pesquisas Te\u00f3rico-empr\u00edricas em Contabilidade e Economia<\/h3>\n<p>O Grupo de Pesquisas Te\u00f3rico-emp\u00edricas em Contabilidade e Economia do Departamento de Ci\u00eancias Cont\u00e1beis do Campus Avan\u00e7ado de Patu contempla quatro linhas de pesquisa:<\/p>\n<ul>\n<li>Contabilidade e gest\u00e3o p\u00fablica;<\/li>\n<li>Contabilidade gerencial para micro e pequenas empresas;<\/li>\n<li>Exporta\u00e7\u00f5es, produtividade e inova\u00e7\u00f5es;<\/li>\n<li>E planejamento tribut\u00e1rio.<\/li>\n<\/ul>\n<p>&nbsp;<\/p>\n<p>Os projetos de pesquisas desenvolvidos pelo DCC\/CAP contam com a participa\u00e7\u00e3o de docentes, discentes e egressos do Curso mediante participa\u00e7\u00e3o em atividades de campo, sistematiza\u00e7\u00e3o de dados, produ\u00e7\u00e3o de artigos cient\u00edficos, oportunizando o relacionamento teoria e pr\u00e1tica e a indissociabilidade entre ensino e pesquisa.<\/p>\n<p>Atualmente o Departamento de Ci\u00eancias Cont\u00e1beis conta com tr\u00eas projetos de pesquisa, conforme descri\u00e7\u00e3o a seguir:<\/p>\n<p>a) <strong>Pesquisa interdisciplinar em contabilidade e gest\u00e3o p\u00fablica<\/strong>: projeto de fluxo cont\u00ednuo vinculado ao grupo de pesquisa do Departamento, linha de pesquisa contabilidade e gest\u00e3o p\u00fablica, coordenado pelo professor Me. Benedito M. do Nascimento Costa, tem por objetivo geral analisar a divulga\u00e7\u00e3o de informa\u00e7\u00f5es sobre a execu\u00e7\u00e3o or\u00e7ament\u00e1ria e financeira em munic\u00edpios do Estado do Rio Grande do Norte e sua contribui\u00e7\u00e3o como instrumento de transpar\u00eancia e controle social, voltado para a produ\u00e7\u00e3o de artigos cient\u00edficos para publica em eventos e peri\u00f3dicos.<\/p>\n<p><strong>b)<\/strong> <strong>Artefatos de gerencial para micro e pequenas empresas:<\/strong> projeto de fluxo cont\u00ednuo vinculado ao grupo de pesquisa do Departamento, linha de pesquisa contabilidade gerencial para micro e pequenas empresas, coordenado pelo professor Me. Francisco Tavares Filho, tem por objetivo geral investigar os principais artefatos de contabilidade gerencial tratados pela literatura aplic\u00e1veis \u00e0 melhoria do gerenciamento de pequenas empresas, tendo como produto final a elabora\u00e7\u00e3o e publica\u00e7\u00e3o de uma obra (livro) com os resultados obtidos.<\/p>\n<p><strong>c) An\u00e1lise das contas p\u00fablicas em interface com vari\u00e1veis socioecon\u00f4micas:<\/strong> projeto de fluxo cont\u00ednuo vinculado ao grupo de pesquisa do Departamento, linha de pesquisa contabilidade e gest\u00e3o p\u00fablica, coordenado pelo professor Me. Yuri Dantas dos Santos, tem por objetivo geral desenvolver e divulgar artigos cient\u00edficos de natureza te\u00f3rica e emp\u00edrica voltados ao relacionamento entre as contas p\u00fablicas e vari\u00e1veis socioecon\u00f4micas.<\/p>\n<p>&nbsp;<\/p>\n","protected":false},"excerpt":{"rendered":"<p>Grupo de Pesquisas Te\u00f3rico-empr\u00edricas em Contabilidade e Economia O Grupo de Pesquisas Te\u00f3rico-emp\u00edricas em Contabilidade e Economia do Departamento de Ci\u00eancias Cont\u00e1beis do Campus Avan\u00e7ado de Patu contempla quatro linhas de pesquisa: Contabilidade e gest\u00e3o p\u00fablica; Contabilidade gerencial para micro e pequenas empresas; Exporta\u00e7\u00f5es, produtividade e inova\u00e7\u00f5es; E planejamento tribut\u00e1rio. &nbsp; Os projetos de pesquisas [&hellip;]<\/p>\n","protected":false},"author":13,"featured_media":0,"parent":0,"menu_order":0,"comment_status":"closed","ping_status":"closed","template":"","meta":{"footnotes":""},"class_list":["post-788","page","type-page","status-publish","hentry"],"_links":{"self":[{"href":"https:\/\/portal.uern.br\/patu\/dcc\/wp-json\/wp\/v2\/pages\/788","targetHints":{"allow":["GET"]}}],"collection":[{"href":"https:\/\/portal.uern.br\/patu\/dcc\/wp-json\/wp\/v2\/pages"}],"about":[{"href":"https:\/\/portal.uern.br\/patu\/dcc\/wp-json\/wp\/v2\/types\/page"}],"author":[{"embeddable":true,"href":"https:\/\/portal.uern.br\/patu\/dcc\/wp-json\/wp\/v2\/users\/13"}],"replies":[{"embeddable":true,"href":"https:\/\/portal.uern.br\/patu\/dcc\/wp-json\/wp\/v2\/comments?post=788"}],"version-history":[{"count":3,"href":"https:\/\/portal.uern.br\/patu\/dcc\/wp-json\/wp\/v2\/pages\/788\/revisions"}],"predecessor-version":[{"id":833,"href":"https:\/\/portal.uern.br\/patu\/dcc\/wp-json\/wp\/v2\/pages\/788\/revisions\/833"}],"wp:attachment":[{"href":"https:\/\/portal.uern.br\/patu\/dcc\/wp-json\/wp\/v2\/media?parent=788"}],"curies":[{"name":"wp","href":"https:\/\/api.w.org\/{rel}","templated":true}]}}