{"id":757,"date":"2024-05-23T18:24:48","date_gmt":"2024-05-23T21:24:48","guid":{"rendered":"https:\/\/portal.uern.br\/patu\/dcc\/?page_id=757"},"modified":"2024-06-26T19:52:18","modified_gmt":"2024-06-26T22:52:18","slug":"comissao-setorial-de-avaliacao-cose","status":"publish","type":"page","link":"https:\/\/portal.uern.br\/patu\/dcc\/comissao-setorial-de-avaliacao-cose\/","title":{"rendered":"Comiss\u00e3o Setorial de Avalia\u00e7\u00e3o (COSE)"},"content":{"rendered":"<p class=\"western\" align=\"justify\">A COSE tem por objetivo promover o processo de avalia\u00e7\u00e3o institucional mediante sensibiliza\u00e7\u00e3o da comunidade acad\u00eamica para participa\u00e7\u00e3o nos processos, realiza\u00e7\u00e3o de levantamento de diagn\u00f3stico e emiss\u00e3o de relat\u00f3rios, em conson\u00e2ncia com as diretrizes da Comiss\u00e3o Pr\u00f3pria de Avalia\u00e7\u00e3o (CPA\/UERN).<\/p>\n<p class=\"western\" align=\"justify\">A constitui\u00e7\u00e3o, funcionamento e atribui\u00e7\u00f5es da COSE s\u00e3o definidas no Regimento Interno da Comiss\u00e3o Pr\u00f3pria de Avalia\u00e7\u00e3o \u2013 CPA &#8211; , Resolu\u00e7\u00e3o N\u00ba 13\/2016-CONSUNI.Em cumprimento ao Regimento Interno da CPA, em seu Art. 21 \u2013 \u201cCompete \u00e0s Comiss\u00f5es Setoriais de Avalia\u00e7\u00e3o \u2013 COSEs\u201d:<\/p>\n<p class=\"western\" align=\"justify\">I. Sensibilizar a comunidade acad\u00eamica do registro \u00f3rg\u00e3o para os processos de avalia\u00e7\u00e3o institucional;<\/p>\n<p class=\"western\" align=\"justify\">II. Desenvolver o processo de autoavalia\u00e7\u00e3o no \u00f3rg\u00e3o, conforme o projeto de autoavalia\u00e7\u00e3o da Unidade e orienta\u00e7\u00f5es da Comiss\u00e3o Pr\u00f3pria de Avalia\u00e7\u00e3o \u2013 CPA\/UERN;<\/p>\n<p class=\"western\" align=\"justify\">III. Organizar reuni\u00f5es sistem\u00e1ticas para desenvolver suas atividades;<\/p>\n<p class=\"western\" align=\"justify\">IV. Sistematizar e prestar as informa\u00e7\u00f5es solicitadas pela Comiss\u00e3o Pr\u00f3pria de Avalia\u00e7\u00e3o \u2013 CPA\/UERN;<\/p>\n<p class=\"western\" align=\"justify\">V. Ao fim de cada semestre, a COSE dever\u00e1 apresentar \u00e0 CPA\/UERN relat\u00f3rio das atividades realizadas, conforme modelo procedente da pr\u00f3pria CPA\/UERN.\u201d<\/p>\n<p class=\"western\" align=\"left\"><b>Membros:<\/b><\/p>\n<p class=\"western\" lang=\"pt-BR\" align=\"left\">I \u2013 Benedito Manoel do Nascimento Costa, como membro docente coordenador;<br \/>\nII \u2013 Aluisio Dutra de Oliveira, como membro docente;<br \/>\nIII \u2013 Roberth de Andrade Fontes, como membro t\u00e9cnico-administrativo, reconduzido por mais dois anos;<br \/>\nIV \u2013 Victor Augusto Fernandes de Andrade, como membro discente.<\/p>\n<p class=\"western\" align=\"justify\"><a href=\"https:\/\/portal.uern.br\/patu\/dcc\/wp-content\/uploads\/sites\/7\/2024\/06\/SEI_27371956_Portaria_324.pdf\">SEI_27371956_Portaria_324<\/a><\/p>\n<p class=\"western\" align=\"justify\"><span lang=\"it-IT\">Mandato: 06 de junho de 2024 a 06 de junho de 2026.\u00a0<\/span><\/p>\n","protected":false},"excerpt":{"rendered":"<p>A COSE tem por objetivo promover o processo de avalia\u00e7\u00e3o institucional mediante sensibiliza\u00e7\u00e3o da comunidade acad\u00eamica para participa\u00e7\u00e3o nos processos, realiza\u00e7\u00e3o de levantamento de diagn\u00f3stico e emiss\u00e3o de relat\u00f3rios, em conson\u00e2ncia com as diretrizes da Comiss\u00e3o Pr\u00f3pria de Avalia\u00e7\u00e3o (CPA\/UERN). A constitui\u00e7\u00e3o, funcionamento e atribui\u00e7\u00f5es da COSE s\u00e3o definidas no Regimento Interno da Comiss\u00e3o Pr\u00f3pria [&hellip;]<\/p>\n","protected":false},"author":13,"featured_media":0,"parent":0,"menu_order":0,"comment_status":"closed","ping_status":"closed","template":"","meta":{"footnotes":""},"class_list":["post-757","page","type-page","status-publish","hentry"],"_links":{"self":[{"href":"https:\/\/portal.uern.br\/patu\/dcc\/wp-json\/wp\/v2\/pages\/757","targetHints":{"allow":["GET"]}}],"collection":[{"href":"https:\/\/portal.uern.br\/patu\/dcc\/wp-json\/wp\/v2\/pages"}],"about":[{"href":"https:\/\/portal.uern.br\/patu\/dcc\/wp-json\/wp\/v2\/types\/page"}],"author":[{"embeddable":true,"href":"https:\/\/portal.uern.br\/patu\/dcc\/wp-json\/wp\/v2\/users\/13"}],"replies":[{"embeddable":true,"href":"https:\/\/portal.uern.br\/patu\/dcc\/wp-json\/wp\/v2\/comments?post=757"}],"version-history":[{"count":6,"href":"https:\/\/portal.uern.br\/patu\/dcc\/wp-json\/wp\/v2\/pages\/757\/revisions"}],"predecessor-version":[{"id":858,"href":"https:\/\/portal.uern.br\/patu\/dcc\/wp-json\/wp\/v2\/pages\/757\/revisions\/858"}],"wp:attachment":[{"href":"https:\/\/portal.uern.br\/patu\/dcc\/wp-json\/wp\/v2\/media?parent=757"}],"curies":[{"name":"wp","href":"https:\/\/api.w.org\/{rel}","templated":true}]}}