{"id":755,"date":"2024-05-23T18:28:04","date_gmt":"2024-05-23T21:28:04","guid":{"rendered":"https:\/\/portal.uern.br\/patu\/dcc\/?page_id=755"},"modified":"2024-06-26T19:55:57","modified_gmt":"2024-06-26T22:55:57","slug":"nucleo-docente-estruturante-nde","status":"publish","type":"page","link":"https:\/\/portal.uern.br\/patu\/dcc\/nucleo-docente-estruturante-nde\/","title":{"rendered":"N\u00facleo Docente Estruturante (NDE)"},"content":{"rendered":"<p class=\"western\" align=\"justify\">O N\u00facleo Docente Estruturante (NDE) \u00e9 o \u00f3rg\u00e3o propositivo, consultivo e executivo, constitu\u00eddo por um grupo de docentes, respons\u00e1vel pela concep\u00e7\u00e3o, consolida\u00e7\u00e3o e cont\u00ednua atualiza\u00e7\u00e3o do Projeto Pedag\u00f3gico dos cursos de Gradua\u00e7\u00e3o da UERN, visando constantemente a promo\u00e7\u00e3o de sua qualidade.<\/p>\n<p class=\"western\" align=\"justify\">Compete ao N\u00facleo Docente Estruturante (NDE) do Curso, acompanhar a consecu\u00e7\u00e3o das pol\u00edticas contempladas em sua proposta e atualizar periodicamente o Projeto Pedag\u00f3gico do Curso de Ci\u00eancias Cont\u00e1beis, no sentido de garantir a sua efici\u00eancia e efic\u00e1cia.<\/p>\n<p class=\"western\" align=\"left\"><b>Membros: <\/b><\/p>\n<p class=\"western\" align=\"left\">I \u2013 Jozenir Calixta de Medeiros, na fun\u00e7\u00e3o de Chefe do Departamento;<br \/>\nII \u2013 Francisco Tavares Filho, na fun\u00e7\u00e3o de Orientador Acad\u00eamico do Curso;<br \/>\nIII \u2013 Olivaldo Bandeira de Moura, na fun\u00e7\u00e3o de Coordenador de Est\u00e1gio Supervisionado Obrigat\u00f3rio do Curso;<br \/>\nIV \u2013 Marliete Lopes dos Santos, na fun\u00e7\u00e3o de Coordenadora do NDE, com mandato de tr\u00eas anos;<br \/>\nV \u2013 Francinaldo Ant\u00f4nio dos Santos, na fun\u00e7\u00e3o de Vice-Coordenador do NDE, at\u00e9 29 de setembro de 2025;<br \/>\nVI &#8211; Aluisio Dutra de Oliveira, como membro;<br \/>\nVII &#8211; Benedito Manoel do Nascimento Costa, como membro;<br \/>\nVIII &#8211; Yuri Dantas dos Santos, como membro.<\/p>\n<p class=\"western\" align=\"justify\"><a href=\"https:\/\/portal.uern.br\/patu\/dcc\/wp-content\/uploads\/sites\/7\/2024\/06\/SEI_27369808_Portaria_323.pdf\">SEI_27369808_Portaria_323<\/a><\/p>\n","protected":false},"excerpt":{"rendered":"<p>O N\u00facleo Docente Estruturante (NDE) \u00e9 o \u00f3rg\u00e3o propositivo, consultivo e executivo, constitu\u00eddo por um grupo de docentes, respons\u00e1vel pela concep\u00e7\u00e3o, consolida\u00e7\u00e3o e cont\u00ednua atualiza\u00e7\u00e3o do Projeto Pedag\u00f3gico dos cursos de Gradua\u00e7\u00e3o da UERN, visando constantemente a promo\u00e7\u00e3o de sua qualidade. Compete ao N\u00facleo Docente Estruturante (NDE) do Curso, acompanhar a consecu\u00e7\u00e3o das pol\u00edticas contempladas [&hellip;]<\/p>\n","protected":false},"author":13,"featured_media":0,"parent":0,"menu_order":0,"comment_status":"closed","ping_status":"closed","template":"","meta":{"footnotes":""},"class_list":["post-755","page","type-page","status-publish","hentry"],"_links":{"self":[{"href":"https:\/\/portal.uern.br\/patu\/dcc\/wp-json\/wp\/v2\/pages\/755","targetHints":{"allow":["GET"]}}],"collection":[{"href":"https:\/\/portal.uern.br\/patu\/dcc\/wp-json\/wp\/v2\/pages"}],"about":[{"href":"https:\/\/portal.uern.br\/patu\/dcc\/wp-json\/wp\/v2\/types\/page"}],"author":[{"embeddable":true,"href":"https:\/\/portal.uern.br\/patu\/dcc\/wp-json\/wp\/v2\/users\/13"}],"replies":[{"embeddable":true,"href":"https:\/\/portal.uern.br\/patu\/dcc\/wp-json\/wp\/v2\/comments?post=755"}],"version-history":[{"count":4,"href":"https:\/\/portal.uern.br\/patu\/dcc\/wp-json\/wp\/v2\/pages\/755\/revisions"}],"predecessor-version":[{"id":867,"href":"https:\/\/portal.uern.br\/patu\/dcc\/wp-json\/wp\/v2\/pages\/755\/revisions\/867"}],"wp:attachment":[{"href":"https:\/\/portal.uern.br\/patu\/dcc\/wp-json\/wp\/v2\/media?parent=755"}],"curies":[{"name":"wp","href":"https:\/\/api.w.org\/{rel}","templated":true}]}}