{"id":752,"date":"2024-05-23T15:58:55","date_gmt":"2024-05-23T18:58:55","guid":{"rendered":"https:\/\/portal.uern.br\/patu\/dcc\/?page_id=752"},"modified":"2024-05-23T19:07:30","modified_gmt":"2024-05-23T22:07:30","slug":"orientacao-academica-de-curso-oac","status":"publish","type":"page","link":"https:\/\/portal.uern.br\/patu\/dcc\/orientacao-academica-de-curso-oac\/","title":{"rendered":"Orienta\u00e7\u00e3o Acad\u00eamica de Curso (OAC)"},"content":{"rendered":"<p class=\"western\" align=\"justify\"><span lang=\"pt-BR\">Segundo o Regulamento de Cursos de Gradua\u00e7\u00e3o da UERN, a Orienta\u00e7\u00e3o Acad\u00eamica de Curso (OAC) tem como objetivo orientar e acompanhar o aluno em sua forma\u00e7\u00e3o acad\u00eamico-profissional.<\/span><\/p>\n<p class=\"western\" align=\"justify\"><span lang=\"pt-BR\"> As principais atribui\u00e7\u00f5es do orientador acad\u00eamico s\u00e3o: acompanhar o desenvolvimento acad\u00eamico dos alunos sob sua orienta\u00e7\u00e3o; Planejar, junto aos alunos, considerando a programa\u00e7\u00e3o acad\u00eamica do curso, fluxo curricular compat\u00edvel com seus interesses e possibilidades de desempenho acad\u00eamico, quando for o caso; Orientar a tomada de decis\u00f5es relativas \u00e0 matr\u00edcula, trancamentos e outros atos de interesse acad\u00eamico; Apresentar aos alunos o PPC e a estrutura universit\u00e1ria; Acompanhar, junto ao aluno, o desenvolvimento das atividades complementares por meio de controle e registro no Sistema de Administra\u00e7\u00e3o Escolar; Conduzir processos de aproveitamento de estudos;<\/span><\/p>\n<p class=\"western\" align=\"justify\"><span lang=\"pt-BR\"> Atualmente a Orienta\u00e7\u00e3o Acad\u00eamica do Curso de Ci\u00eancias Cont\u00e1beis conta com os seguintes professores: <\/span><\/p>\n<ul>\n<li>\n<p class=\"western\" lang=\"pt-BR\" align=\"left\">Prof. Dr. Francisco Tavares Filho<\/p>\n<\/li>\n<li>\n<p class=\"western\" lang=\"pt-BR\" align=\"left\">Prof. Esp. Olivaldo Bandeira de Moura<\/p>\n<\/li>\n<\/ul>\n<p class=\"western\" align=\"justify\"><a href=\"https:\/\/portal.uern.br\/patu\/dcc\/wp-content\/uploads\/sites\/7\/2024\/05\/SEI_21264398_Portaria_373.pdf\"><span style=\"color: #000080\"><span lang=\"zxx\"><u><span lang=\"pt-BR\">Portaria-SEI N\u00ba 373\/<\/span><\/u><\/span><\/span><span style=\"color: #000080\"><span lang=\"zxx\"><u><span lang=\"it-IT\">2023 de 18 de julho de 2023<\/span><\/u><\/span><\/span><\/a><span lang=\"it-IT\">.<\/span><\/p>\n<p class=\"western\" align=\"justify\"><span lang=\"it-IT\"><b>Mandato: <\/b><\/span><span lang=\"pt-BR\">01 de julho de 2023 a\u00a0<\/span><b><\/b><span lang=\"pt-BR\">01 de julho de 2025.<\/span><\/p>\n","protected":false},"excerpt":{"rendered":"<p>Segundo o Regulamento de Cursos de Gradua\u00e7\u00e3o da UERN, a Orienta\u00e7\u00e3o Acad\u00eamica de Curso (OAC) tem como objetivo orientar e acompanhar o aluno em sua forma\u00e7\u00e3o acad\u00eamico-profissional. As principais atribui\u00e7\u00f5es do orientador acad\u00eamico s\u00e3o: acompanhar o desenvolvimento acad\u00eamico dos alunos sob sua orienta\u00e7\u00e3o; Planejar, junto aos alunos, considerando a programa\u00e7\u00e3o acad\u00eamica do curso, fluxo curricular [&hellip;]<\/p>\n","protected":false},"author":13,"featured_media":0,"parent":0,"menu_order":0,"comment_status":"closed","ping_status":"closed","template":"","meta":{"footnotes":""},"class_list":["post-752","page","type-page","status-publish","hentry"],"_links":{"self":[{"href":"https:\/\/portal.uern.br\/patu\/dcc\/wp-json\/wp\/v2\/pages\/752","targetHints":{"allow":["GET"]}}],"collection":[{"href":"https:\/\/portal.uern.br\/patu\/dcc\/wp-json\/wp\/v2\/pages"}],"about":[{"href":"https:\/\/portal.uern.br\/patu\/dcc\/wp-json\/wp\/v2\/types\/page"}],"author":[{"embeddable":true,"href":"https:\/\/portal.uern.br\/patu\/dcc\/wp-json\/wp\/v2\/users\/13"}],"replies":[{"embeddable":true,"href":"https:\/\/portal.uern.br\/patu\/dcc\/wp-json\/wp\/v2\/comments?post=752"}],"version-history":[{"count":2,"href":"https:\/\/portal.uern.br\/patu\/dcc\/wp-json\/wp\/v2\/pages\/752\/revisions"}],"predecessor-version":[{"id":823,"href":"https:\/\/portal.uern.br\/patu\/dcc\/wp-json\/wp\/v2\/pages\/752\/revisions\/823"}],"wp:attachment":[{"href":"https:\/\/portal.uern.br\/patu\/dcc\/wp-json\/wp\/v2\/media?parent=752"}],"curies":[{"name":"wp","href":"https:\/\/api.w.org\/{rel}","templated":true}]}}