{"id":744,"date":"2024-05-23T17:59:02","date_gmt":"2024-05-23T20:59:02","guid":{"rendered":"https:\/\/portal.uern.br\/patu\/dcc\/?page_id=744"},"modified":"2024-05-23T17:59:02","modified_gmt":"2024-05-23T20:59:02","slug":"historico-do-curso","status":"publish","type":"page","link":"https:\/\/portal.uern.br\/patu\/dcc\/historico-do-curso\/","title":{"rendered":"Hist\u00f3rico do Curso"},"content":{"rendered":"<p><span style=\"font-family: Times New Roman, serif\"><span style=\"font-size: medium\">Na \u00e9poca da cria\u00e7\u00e3o do Campus Avan\u00e7ado de Patu, n\u00e3o existia nenhum Bacharel em Ci\u00eancias Cont\u00e1beis no munic\u00edpio, contava-se apenas com T\u00e9cnicos em Contabilidade, formados pela Escola Estadual Dr. Edino Jales \u2013 Ensino de 2\u00b0 Grau, bem como, na \u00e1rea de abrang\u00eancia do Campus, incluindo-se os munic\u00edpios do vizinho Estado da Para\u00edba. Essa car\u00eancia de profissionais qualificados na \u00e1rea de Contabilidade, em N\u00edvel Superior, motivou os idealizadores do projeto de cria\u00e7\u00e3o do Campus a optarem por um curso de Bacharelado em Ci\u00eancias Cont\u00e1beis, com o intuito de atender \u00e0 demanda existente na Regi\u00e3o do M\u00e9dio Oeste do Estado do Rio Grande do Norte.<\/span><\/span><\/p>\n<p class=\"western\" lang=\"pt-BR\" align=\"justify\"><span style=\"font-family: Times New Roman, serif\"><span style=\"font-size: medium\"> Por essas raz\u00f5es, o projeto de cria\u00e7\u00e3o de Curso de Ci\u00eancias Cont\u00e1beis consolidou-se em 4 de setembro de 1980 (Decreto Municipal n\u00ba 178\/80 \u2013 Prefeitura Municipal de Mossor\u00f3), juntamente com a cria\u00e7\u00e3o do Campus Avan\u00e7ado de Patu, com a oferta inicial de 30 vagas, a partir do ano 1981, sendo entregue \u00e0 comunidade 14 Bachar\u00e9is em Ci\u00eancias Cont\u00e1beis, com a conclus\u00e3o da primeira turma em 1984.<\/span><\/span><\/p>\n<p class=\"western\" lang=\"pt-BR\" align=\"justify\"><span style=\"font-family: Times New Roman, serif\"><span style=\"font-size: medium\"> O Curso de Ci\u00eancias Cont\u00e1beis, obedecendo \u00e0s diretrizes tra\u00e7adas pela Faculdade de Ci\u00eancias Econ\u00f4micas (FACEM)\/Campus Central, manteve at\u00e9 1993 a mesma estrutura curricular elaborada \u00e0 \u00e9poca de sua cria\u00e7\u00e3o. Neste mesmo ano, a FACEM iniciou processo de reformula\u00e7\u00e3o curricular do Curso em toda a sua \u00e1rea de abrang\u00eancia (Campus Central e Campus Avan\u00e7ado &#8220;Prof. Jo\u00e3o Ismar de Moura&#8221;), em decorr\u00eancia da necessidade de moderniza\u00e7\u00e3o e atendimento \u00e0s novas exig\u00eancias de mercado de trabalho do Contador.<\/span><\/span><\/p>\n<p class=\"western\" lang=\"pt-BR\" align=\"justify\"><span style=\"font-family: Times New Roman, serif\"><span style=\"font-size: medium\"> O Curso de Ci\u00eancias Cont\u00e1beis do CAP\/UERN \u00e9 socialmente reconhecido como principal respons\u00e1vel pela forma\u00e7\u00e3o dos profissionais que atuam na regi\u00e3o do alto e m\u00e9dio oeste potiguar. Seu car\u00e1ter de ensino p\u00fablico de qualidade tem possibilitado oportunidade de inclus\u00e3o social, visto que, mais de 82,5% dos seus alunos cursaram o ensino m\u00e9dio em escola p\u00fablica (SAE\/UERN, 2019). Dado esse perfil, o Curso oferece oportunidade para jovens estudantes que dificilmente teriam possibilidade de deslocarem-se para realizar um curso superior em um grande centro.<\/span><\/span><\/p>\n<p class=\"western\" lang=\"pt-BR\" align=\"justify\"><span style=\"font-family: Times New Roman, serif\"><span style=\"font-size: medium\"> Em decorr\u00eancia do potencial gerador de trabalho e emprego proporcionado pelo curso de Ci\u00eancias Cont\u00e1beis, seja nas \u00e1reas da administra\u00e7\u00e3o e gest\u00e3o empresarial, do servi\u00e7o p\u00fablico, e at\u00e9 mesmo da atividade empreendedora nos diversos setores da atividade econ\u00f4mica, h\u00e1 na regi\u00e3o de abrang\u00eancia do CAP uma forte demanda pelo Curso, visto que seus egressos s\u00e3o respons\u00e1veis pelo suprimento da demanda da regi\u00e3o nas \u00e1reas de planejamento, gest\u00e3o e controle empresarial, atuando, na sua plenitude, nas esferas p\u00fablica, privada e n\u00e3o-governamental.<\/span><\/span><\/p>\n<p class=\"western\" lang=\"pt-BR\" align=\"justify\"><span style=\"font-family: Times New Roman, serif\"><span style=\"font-size: medium\"> Dessa forma, entende-se que o curso de Ci\u00eancias Cont\u00e1beis do CAP cumpre seu papel, contribuindo para que a UERN alcance os objetivos sociais e pol\u00edticos para os quais se projeta, assumindo a responsabilidade de lan\u00e7ar no mercado de trabalho, profissionais capacitados para solucionar problemas do setor econ\u00f4mico-administrativo, propondo novas formas de desenvolvimento calcadas nos princ\u00edpios da compet\u00eancia, da \u00e9tica e da responsabilidade social, tendo em vista o combate \u00e0s desigualdades sociais e a inova\u00e7\u00e3o tecnol\u00f3gica e social, adquirindo car\u00e1ter estrat\u00e9gico para o desenvolvimento regional sustent\u00e1vel e para a soberania do Pa\u00eds.<\/span><\/span><\/p>\n","protected":false},"excerpt":{"rendered":"<p>Na \u00e9poca da cria\u00e7\u00e3o do Campus Avan\u00e7ado de Patu, n\u00e3o existia nenhum Bacharel em Ci\u00eancias Cont\u00e1beis no munic\u00edpio, contava-se apenas com T\u00e9cnicos em Contabilidade, formados pela Escola Estadual Dr. Edino Jales \u2013 Ensino de 2\u00b0 Grau, bem como, na \u00e1rea de abrang\u00eancia do Campus, incluindo-se os munic\u00edpios do vizinho Estado da Para\u00edba. Essa car\u00eancia de [&hellip;]<\/p>\n","protected":false},"author":13,"featured_media":0,"parent":0,"menu_order":0,"comment_status":"closed","ping_status":"closed","template":"","meta":{"footnotes":""},"class_list":["post-744","page","type-page","status-publish","hentry"],"_links":{"self":[{"href":"https:\/\/portal.uern.br\/patu\/dcc\/wp-json\/wp\/v2\/pages\/744","targetHints":{"allow":["GET"]}}],"collection":[{"href":"https:\/\/portal.uern.br\/patu\/dcc\/wp-json\/wp\/v2\/pages"}],"about":[{"href":"https:\/\/portal.uern.br\/patu\/dcc\/wp-json\/wp\/v2\/types\/page"}],"author":[{"embeddable":true,"href":"https:\/\/portal.uern.br\/patu\/dcc\/wp-json\/wp\/v2\/users\/13"}],"replies":[{"embeddable":true,"href":"https:\/\/portal.uern.br\/patu\/dcc\/wp-json\/wp\/v2\/comments?post=744"}],"version-history":[{"count":3,"href":"https:\/\/portal.uern.br\/patu\/dcc\/wp-json\/wp\/v2\/pages\/744\/revisions"}],"predecessor-version":[{"id":775,"href":"https:\/\/portal.uern.br\/patu\/dcc\/wp-json\/wp\/v2\/pages\/744\/revisions\/775"}],"wp:attachment":[{"href":"https:\/\/portal.uern.br\/patu\/dcc\/wp-json\/wp\/v2\/media?parent=744"}],"curies":[{"name":"wp","href":"https:\/\/api.w.org\/{rel}","templated":true}]}}