{"id":9,"date":"2022-10-25T15:29:48","date_gmt":"2022-10-25T18:29:48","guid":{"rendered":"https:\/\/paisdemossoro.com.br\/wordpress\/ouviuern\/?page_id=9"},"modified":"2026-04-14T18:00:53","modified_gmt":"2026-04-14T21:00:53","slug":"legislacao","status":"publish","type":"page","link":"https:\/\/portal.uern.br\/ouviuern\/legislacao\/","title":{"rendered":"Legisla\u00e7\u00e3o"},"content":{"rendered":"<h2><strong>Legisla\u00e7\u00e3o Externa<\/strong><\/h2>\n<ul>\n<li><a href=\"https:\/\/www.planalto.gov.br\/ccivil_03\/_ato2011-2014\/2011\/lei\/l12527.htm\">Lei N\u00ba 12.527, de 18 de novembro de 2011<\/a>\u00a0 |\u00a0 Lei de Acesso \u00e0 Informa\u00e7\u00e3o BR<\/li>\n<li><a href=\"https:\/\/portal.uern.br\/ouviuern\/wp-content\/uploads\/sites\/11\/2022\/10\/Lei-Complementar-303-2005-1.pdf\">Lei Complementar N\u00ba 303\/2005<\/a> |\u00a0 Normas gerais pertinentes ao processo administrativo no RN<\/li>\n<li><a href=\"https:\/\/www.planalto.gov.br\/ccivil_03\/_ato2015-2018\/2017\/lei\/l13460.htm\">Lei N\u00ba 13460, de 28 de junho de 2017<\/a> |Lei de Prote\u00e7\u00e3o e Defesa dos Direitos do usu\u00e1rio dos servi\u00e7os p\u00fablicos BR<\/li>\n<li><a href=\"https:\/\/www.in.gov.br\/materia\/-\/asset_publisher\/Kujrw0TZC2Mb\/content\/id\/39941039\/do1-2018-09-06-decreto-n-9-492-de-5-de-setembro-de-2018-39940899\">Decreto N\u00ba 9842, de 05 de setembro de 2018<\/a> | Institui o Sistema de Ouvidoria do Poder Executivo Federal BR<\/li>\n<li><a href=\"https:\/\/www.in.gov.br\/materia\/-\/asset_publisher\/Kujrw0TZC2Mb\/content\/id\/27128217\/do1-2018-06-25-instrucao-normativa-n-5-de-18-de-junho-de-2018-27128190\">IN N\u00ba 05, de 18 de junho de 2018<\/a> | Orienta\u00e7\u00f5es para atua\u00e7\u00e3o de Ouvidorias BR<\/li>\n<li><a href=\"https:\/\/portal.uern.br\/progep\/wp-content\/uploads\/2023\/12\/Decreto_n__33.094___Aprova_o_Codigo_de_Etica_Profissional_do_Servidor_Publico_Civil_do_Poder_Executivo_Estadual.___Rep._por_incorrecao___doe_31.10.2023.pdf\">Decreto N\u00ba 33.094, de 27 de outubro de 2023<\/a> | C\u00f3digo de \u00c9tica no RN<\/li>\n<li><a href=\"https:\/\/www.al.rn.leg.br\/storage\/legislacao\/2024\/qq73kseu6k2ru7qg7vqqkuh7fb7i7f.pdf\">Lei N\u00ba 11.902, de 10 de setembro de 2024<\/a> | Medidas de Preven\u00e7\u00e3o e Enfrentamento ao Ass\u00e9dio no RN<\/li>\n<\/ul>\n<h2><strong>Legisla\u00e7\u00e3o Interna<\/strong><\/h2>\n<ul>\n<li><a href=\"https:\/\/drive.google.com\/file\/d\/156RKeAqu5FQOwK_DOY-I_1ro_rj9vtwX\/view?usp=sharing\">Resolu\u00e7\u00e3o 05\/2026-CD\u00a0<\/a>\u00a0 | Reformula a Ouvidoria da Fuern e aprova seu Regimento Interno<\/li>\n<li><a href=\"https:\/\/portal.uern.br\/ouviuern\/wp-content\/uploads\/sites\/11\/2024\/11\/5106resolucao_n0_2022_41___cd___aprova_politica_prevencao_enfrentamento_violencias_contra_mulheres.pdf\">Resolu\u00e7\u00e3o 41\/2022 &#8211; CD<\/a> |\u00a0 Aprova a pol\u00edtica de preven\u00e7\u00e3o e enfrentamento das viol\u00eancias contra as mulheres no \u00e2mbito da Uern.<\/li>\n<li><a href=\"https:\/\/portal.uern.br\/ouviuern\/wp-content\/uploads\/sites\/11\/2024\/11\/Resolucao-No-24-2024-CD-Cria-o-protocolo-de-atendimento-aos-casos-de-violencias-e-de-assedios-contra-mulheres-na-Uern.pdf\">Resolu\u00e7\u00e3o 24\/2024 &#8211; CD<\/a> | Cria o protocolo de atendimento aos casos de viol\u00eancias e de ass\u00e9dios contra mulheres na Uern.<\/li>\n<\/ul>\n","protected":false},"excerpt":{"rendered":"<p>Legisla\u00e7\u00e3o Externa Lei N\u00ba 12.527, de 18 de novembro de 2011\u00a0 |\u00a0 Lei de Acesso \u00e0 Informa\u00e7\u00e3o BR Lei Complementar N\u00ba 303\/2005 |\u00a0 Normas gerais pertinentes ao processo administrativo no RN Lei N\u00ba 13460, de 28 de junho de 2017 |Lei de Prote\u00e7\u00e3o e Defesa dos Direitos do usu\u00e1rio dos servi\u00e7os p\u00fablicos BR Decreto N\u00ba [&hellip;]<\/p>\n","protected":false},"author":1,"featured_media":0,"parent":0,"menu_order":0,"comment_status":"closed","ping_status":"closed","template":"","meta":[],"_links":{"self":[{"href":"https:\/\/portal.uern.br\/ouviuern\/wp-json\/wp\/v2\/pages\/9"}],"collection":[{"href":"https:\/\/portal.uern.br\/ouviuern\/wp-json\/wp\/v2\/pages"}],"about":[{"href":"https:\/\/portal.uern.br\/ouviuern\/wp-json\/wp\/v2\/types\/page"}],"author":[{"embeddable":true,"href":"https:\/\/portal.uern.br\/ouviuern\/wp-json\/wp\/v2\/users\/1"}],"replies":[{"embeddable":true,"href":"https:\/\/portal.uern.br\/ouviuern\/wp-json\/wp\/v2\/comments?post=9"}],"version-history":[{"count":15,"href":"https:\/\/portal.uern.br\/ouviuern\/wp-json\/wp\/v2\/pages\/9\/revisions"}],"predecessor-version":[{"id":35833,"href":"https:\/\/portal.uern.br\/ouviuern\/wp-json\/wp\/v2\/pages\/9\/revisions\/35833"}],"wp:attachment":[{"href":"https:\/\/portal.uern.br\/ouviuern\/wp-json\/wp\/v2\/media?parent=9"}],"curies":[{"name":"wp","href":"https:\/\/api.w.org\/{rel}","templated":true}]}}