{"id":5,"date":"2022-10-25T15:24:40","date_gmt":"2022-10-25T18:24:40","guid":{"rendered":"https:\/\/paisdemossoro.com.br\/wordpress\/ouviuern\/?page_id=5"},"modified":"2025-12-05T08:56:16","modified_gmt":"2025-12-05T11:56:16","slug":"apresentacao","status":"publish","type":"page","link":"https:\/\/portal.uern.br\/ouviuern\/","title":{"rendered":"Apresenta\u00e7\u00e3o"},"content":{"rendered":"<p><img fetchpriority=\"high\" decoding=\"async\" class=\"alignnone wp-image-35807 \" src=\"https:\/\/portal.uern.br\/ouviuern\/wp-content\/uploads\/sites\/11\/2025\/12\/Verde-Laranja-e-Rosa-Organico-Corporativo-PME-Kit-de-Marketing-Capa-para-Facebook.png\" alt=\"\" width=\"962\" height=\"356\" srcset=\"https:\/\/portal.uern.br\/ouviuern\/wp-content\/uploads\/sites\/11\/2025\/12\/Verde-Laranja-e-Rosa-Organico-Corporativo-PME-Kit-de-Marketing-Capa-para-Facebook.png 851w, https:\/\/portal.uern.br\/ouviuern\/wp-content\/uploads\/sites\/11\/2025\/12\/Verde-Laranja-e-Rosa-Organico-Corporativo-PME-Kit-de-Marketing-Capa-para-Facebook-300x111.png 300w, https:\/\/portal.uern.br\/ouviuern\/wp-content\/uploads\/sites\/11\/2025\/12\/Verde-Laranja-e-Rosa-Organico-Corporativo-PME-Kit-de-Marketing-Capa-para-Facebook-768x284.png 768w\" sizes=\"(max-width: 962px) 100vw, 962px\" \/><\/p>\n<p><span style=\"font-weight: 400\">A Ouvidoria Universit\u00e1ria atua como espa\u00e7o de escuta ativa, di\u00e1logo e media\u00e7\u00e3o entre a comunidade acad\u00eamica e a gest\u00e3o da universidade, promovendo uma rela\u00e7\u00e3o transparente e participativa. Seu prop\u00f3sito \u00e9 fortalecer os processos institucionais por meio da coleta e do tratamento qualificado de manifesta\u00e7\u00f5es como sugest\u00f5es, reclama\u00e7\u00f5es, den\u00fancias, solicita\u00e7\u00f5es, elogios e pedidos de informa\u00e7\u00e3o, tanto da comunidade interna quanto da sociedade em geral. <\/span><span style=\"font-weight: 400\">Cabe \u00e0 Ouvidoria receber, interpretar e encaminhar essas manifesta\u00e7\u00f5es, contribuindo para a melhoria cont\u00ednua dos servi\u00e7os prestados nas dimens\u00f5es acad\u00eamica e administrativa. Ao identificar pontos cr\u00edticos e reconhecer boas pr\u00e1ticas, a Ouvidoria fornece subs\u00eddios \u00e0 gest\u00e3o universit\u00e1ria, sempre pautada pelos princ\u00edpios de transpar\u00eancia, \u00e9tica, legalidade, efici\u00eancia e pelo compromisso com uma universidade mais democr\u00e1tica, acess\u00edvel e comprometida com a qualidade institucional.<\/span><\/p>\n<p><span style=\"font-weight: 400\">Institu\u00edda em 22 de dezembro de 2008 e implantada em 2013, a Ouvidoria da Universidade do Estado do Rio Grande do Norte (Uern) tem, ao longo de sua trajet\u00f3ria, vivenciado marcos importantes em sua consolida\u00e7\u00e3o institucional. Em abril de 2016, foi aprovado o seu Regimento Interno, formalizando normativas para sua atua\u00e7\u00e3o. Em agosto de 2018, passou a aderir ao Servi\u00e7o de Informa\u00e7\u00e3o ao Cidad\u00e3o (e-SIC RN), refor\u00e7ando seu papel na promo\u00e7\u00e3o da transpar\u00eancia e no acesso \u00e0 informa\u00e7\u00e3o. No mesmo ano, em novembro, a Ouvidoria passou a integrar o F\u00f3rum Ouvidorias em Rede do RN, por meio da assinatura do Termo de Coopera\u00e7\u00e3o T\u00e9cnica-Operacional com diversas entidades estaduais, compondo atualmente uma rede com 24 institui\u00e7\u00f5es.<\/span><\/p>\n<p><span style=\"font-weight: 400\">Em maio de 2020, a Funda\u00e7\u00e3o Universidade do Estado do Rio Grande do Norte (Fuern) firmou o Termo de Ades\u00e3o ao Programa de Fortalecimento das Ouvidorias (Profort), em parceria com a Controladoria-Geral da Uni\u00e3o <\/span><span style=\"font-weight: 400\">(CGU), o que possibilitou \u00e0 Ouvidoria integrar-se \u00e0 Rede Nacional de Ouvidorias e utilizar o Sistema Informatizado de Ouvidorias do Poder Executivo Federal (e-Ouv), acessado via Plataforma Fala.BR. A partir de novembro de 2022, a Ouvidoria passou por uma reestrutura\u00e7\u00e3o, com a institui\u00e7\u00e3o de ouvidorias em todos os campi da universidade, garantindo acesso ampliado aos seus servi\u00e7os para toda a comunidade acad\u00eamica e o p\u00fablico externo. Na ocasi\u00e3o, foram nomeadas cinco servidoras t\u00e9cnicas com ampla experi\u00eancia institucional para assumirem as unidades descentralizadas de ouvidoria. Na Ilustra\u00e7\u00e3o 1 descrevemos a linha do tempo da Ouvidoria desde sua institui\u00e7\u00e3o at\u00e9 os dias atuais.<\/span><\/p>\n<p><img decoding=\"async\" class=\"aligncenter wp-image-35806 size-large\" src=\"https:\/\/portal.uern.br\/ouviuern\/wp-content\/uploads\/sites\/11\/2025\/12\/Linha-do-Tempo-Ouvidoria-819x1024.png\" alt=\"\" width=\"800\" height=\"1000\" srcset=\"https:\/\/portal.uern.br\/ouviuern\/wp-content\/uploads\/sites\/11\/2025\/12\/Linha-do-Tempo-Ouvidoria-819x1024.png 819w, https:\/\/portal.uern.br\/ouviuern\/wp-content\/uploads\/sites\/11\/2025\/12\/Linha-do-Tempo-Ouvidoria-240x300.png 240w, https:\/\/portal.uern.br\/ouviuern\/wp-content\/uploads\/sites\/11\/2025\/12\/Linha-do-Tempo-Ouvidoria-768x960.png 768w, https:\/\/portal.uern.br\/ouviuern\/wp-content\/uploads\/sites\/11\/2025\/12\/Linha-do-Tempo-Ouvidoria.png 1080w\" sizes=\"(max-width: 800px) 100vw, 800px\" \/><\/p>\n","protected":false},"excerpt":{"rendered":"<p>A Ouvidoria Universit\u00e1ria atua como espa\u00e7o de escuta ativa, di\u00e1logo e media\u00e7\u00e3o entre a comunidade acad\u00eamica e a gest\u00e3o da universidade, promovendo uma rela\u00e7\u00e3o transparente e participativa. Seu prop\u00f3sito \u00e9 fortalecer os processos institucionais por meio da coleta e do tratamento qualificado de manifesta\u00e7\u00f5es como sugest\u00f5es, reclama\u00e7\u00f5es, den\u00fancias, solicita\u00e7\u00f5es, elogios e pedidos de informa\u00e7\u00e3o, tanto [&hellip;]<\/p>\n","protected":false},"author":1,"featured_media":0,"parent":0,"menu_order":0,"comment_status":"closed","ping_status":"closed","template":"","meta":[],"_links":{"self":[{"href":"https:\/\/portal.uern.br\/ouviuern\/wp-json\/wp\/v2\/pages\/5"}],"collection":[{"href":"https:\/\/portal.uern.br\/ouviuern\/wp-json\/wp\/v2\/pages"}],"about":[{"href":"https:\/\/portal.uern.br\/ouviuern\/wp-json\/wp\/v2\/types\/page"}],"author":[{"embeddable":true,"href":"https:\/\/portal.uern.br\/ouviuern\/wp-json\/wp\/v2\/users\/1"}],"replies":[{"embeddable":true,"href":"https:\/\/portal.uern.br\/ouviuern\/wp-json\/wp\/v2\/comments?post=5"}],"version-history":[{"count":37,"href":"https:\/\/portal.uern.br\/ouviuern\/wp-json\/wp\/v2\/pages\/5\/revisions"}],"predecessor-version":[{"id":35815,"href":"https:\/\/portal.uern.br\/ouviuern\/wp-json\/wp\/v2\/pages\/5\/revisions\/35815"}],"wp:attachment":[{"href":"https:\/\/portal.uern.br\/ouviuern\/wp-json\/wp\/v2\/media?parent=5"}],"curies":[{"name":"wp","href":"https:\/\/api.w.org\/{rel}","templated":true}]}}