{"id":15,"date":"2022-10-25T15:31:40","date_gmt":"2022-10-25T18:31:40","guid":{"rendered":"https:\/\/paisdemossoro.com.br\/wordpress\/ouviuern\/?page_id=15"},"modified":"2026-03-10T15:34:02","modified_gmt":"2026-03-10T18:34:02","slug":"relatorios","status":"publish","type":"page","link":"https:\/\/portal.uern.br\/ouviuern\/relatorios\/","title":{"rendered":"Relat\u00f3rios"},"content":{"rendered":"<p><a href=\"https:\/\/drive.google.com\/file\/d\/1ONLdTUP5HU6yz7F6Ss5lFvNxPFGGH_QZ\/view?usp=sharing\">Relat\u00f3rio 2025<\/a><\/p>\n<p><a href=\"https:\/\/portal.uern.br\/ouviuern\/wp-content\/uploads\/sites\/11\/2025\/12\/RELATORIO-DE-ATIVIDADES-DA-OUVIDORIA-DA-UERN-ANO-2024.docx.pdf\">Relat\u00f3rio 2024<\/a><\/p>\n<p><a href=\"https:\/\/portal.uern.br\/ouviuern\/wp-content\/uploads\/sites\/11\/2024\/04\/relatorio2023.pdf\">Relat\u00f3rio 2023<\/a><\/p>\n<p><a href=\"https:\/\/portal.uern.br\/ouviuern\/wp-content\/uploads\/sites\/11\/2023\/11\/RELATORIO-DE-ATIVIDADES-DA-OUVIDORIA-DA-UERN-ANO-2022.docx.pdf\">Relat\u00f3rio 2022<\/a><\/p>\n<p><a href=\"https:\/\/portal.uern.br\/ouviuern\/wp-content\/uploads\/sites\/11\/2023\/02\/RELATORIO-DE-ATIVIDADES-DA-OUVIDORIA-DA-UERN-ANO-2021.docx.pdf\">Relat\u00f3rio 2021<\/a><\/p>\n<p><a href=\"https:\/\/portal.uern.br\/ouviuern\/wp-content\/uploads\/sites\/11\/2022\/10\/RELATORIO_DE_ATIVIDADES_DA_OUVIDORIA_DA_UERN_ANO_2020_1_.pdf\">Relat\u00f3rio 2020<\/a><\/p>\n<p><a href=\"https:\/\/portal.uern.br\/ouviuern\/wp-content\/uploads\/sites\/11\/2022\/10\/3544relata\u00b3rio.pdf\">Relat\u00f3rio Bi\u00eanio 2015\/2016<\/a><\/p>\n<p><a href=\"https:\/\/portal.uern.br\/ouviuern\/wp-content\/uploads\/sites\/11\/2022\/10\/Relatorio-Anual-Ouvidoria-2015.pdf\">Relat\u00f3rio Anual Ouvidoria 2015<\/a><\/p>\n","protected":false},"excerpt":{"rendered":"<p>Relat\u00f3rio 2025 Relat\u00f3rio 2024 Relat\u00f3rio 2023 Relat\u00f3rio 2022 Relat\u00f3rio 2021 Relat\u00f3rio 2020 Relat\u00f3rio Bi\u00eanio 2015\/2016 Relat\u00f3rio Anual Ouvidoria 2015<\/p>\n","protected":false},"author":1,"featured_media":0,"parent":0,"menu_order":0,"comment_status":"closed","ping_status":"closed","template":"","meta":[],"_links":{"self":[{"href":"https:\/\/portal.uern.br\/ouviuern\/wp-json\/wp\/v2\/pages\/15"}],"collection":[{"href":"https:\/\/portal.uern.br\/ouviuern\/wp-json\/wp\/v2\/pages"}],"about":[{"href":"https:\/\/portal.uern.br\/ouviuern\/wp-json\/wp\/v2\/types\/page"}],"author":[{"embeddable":true,"href":"https:\/\/portal.uern.br\/ouviuern\/wp-json\/wp\/v2\/users\/1"}],"replies":[{"embeddable":true,"href":"https:\/\/portal.uern.br\/ouviuern\/wp-json\/wp\/v2\/comments?post=15"}],"version-history":[{"count":11,"href":"https:\/\/portal.uern.br\/ouviuern\/wp-json\/wp\/v2\/pages\/15\/revisions"}],"predecessor-version":[{"id":35831,"href":"https:\/\/portal.uern.br\/ouviuern\/wp-json\/wp\/v2\/pages\/15\/revisions\/35831"}],"wp:attachment":[{"href":"https:\/\/portal.uern.br\/ouviuern\/wp-json\/wp\/v2\/media?parent=15"}],"curies":[{"name":"wp","href":"https:\/\/api.w.org\/{rel}","templated":true}]}}