{"id":852,"date":"2023-06-18T20:45:33","date_gmt":"2023-06-18T23:45:33","guid":{"rendered":"https:\/\/portal.uern.br\/natal\/?page_id=852"},"modified":"2025-10-23T10:03:08","modified_gmt":"2025-10-23T13:03:08","slug":"apresentacao","status":"publish","type":"page","link":"https:\/\/portal.uern.br\/natal\/apresentacao\/","title":{"rendered":"Apresenta\u00e7\u00e3o"},"content":{"rendered":"<p><img fetchpriority=\"high\" decoding=\"async\" class=\"alignnone size-medium wp-image-1337\" src=\"https:\/\/portal.uern.br\/natal\/wp-content\/uploads\/2025\/08\/uern-300x200.jpg\" alt=\"\" width=\"300\" height=\"200\" srcset=\"https:\/\/portal.uern.br\/natal\/wp-content\/uploads\/2025\/08\/uern-300x200.jpg 300w, https:\/\/portal.uern.br\/natal\/wp-content\/uploads\/2025\/08\/uern-768x512.jpg 768w, https:\/\/portal.uern.br\/natal\/wp-content\/uploads\/2025\/08\/uern.jpg 984w\" sizes=\"(max-width: 300px) 100vw, 300px\" \/><\/p>\n<p>&nbsp;<\/p>\n<p>O Campus da Uern em Natal foi criado oficialmente em 13 de de junho de 2002, atrav\u00e9s da resolu\u00e7\u00e3o de n\u00b0 003\/2002, assinada pelo ent\u00e3o reitor Jos\u00e9 Walter da Fonseca, e por decis\u00e3o do Conselho Universit\u00e1rio (Consuni), que tamb\u00e9m determinou o funcionamento da unidade na zona Norte da cidade, onde j\u00e1 residia cerca de metade da popula\u00e7\u00e3o da capital, sem que at\u00e9 ent\u00e3o houvesse uma universidade p\u00fablica l\u00e1 localizada.<\/p>\n<p>&nbsp;<\/p>\n<p>Autorizada pelo ent\u00e3o governador do Estado e chanceler da UERN, Fernando Ant\u00f4nio da C\u00e2mara Freire, a universidade iniciou atividades, instalada na Biblioteca Escolar Professor Am\u00e9rico de Oliveira Costa, no bairro Potengi e ofertando inicialmente os cursos de gradua\u00e7\u00e3o em Ci\u00eancias da Religi\u00e3o (licenciatura), Ci\u00eancia da Computa\u00e7\u00e3o (bacharelado), Direito (bacharelado) e Turismo (bacharelado).<\/p>\n<p>&nbsp;<\/p>\n<p>As aulas das primeiras turmas da Uern Natal foram iniciadas no dia 2 de setembro de 2002.<\/p>\n<p>&nbsp;<\/p>\n<p>No dia 19 de setembro de 2005 foi inaugurado o bloco Prof.\u00aa. Roberta Cl\u00e1udia Bezerra Soares, com seis salas.<\/p>\n<p>&nbsp;<\/p>\n<p>Devido ao crescimento da comunidade acad\u00eamica e sem espa\u00e7os dispon\u00edveis para a Uern ocupar na zona Norte, a unidade foi transferida temporariamente para a zona Sul, onde funcionou por mais de uma d\u00e9cada.<\/p>\n<p>&nbsp;<\/p>\n<p>O retorno para a zona Norte se deu gradualmente. Inicialmente para o Complexo Cultural de Natal, inaugurado e entregue \u00e0 Uern pela ent\u00e3o governadora Wilma de Faria, em 2010.<\/p>\n<p>&nbsp;<\/p>\n<p>Atualmente a estrutura se chama Complexo Cultural da Uern e abriga a EdUCA, escola de extens\u00e3o que oferece cursos, oficinas, atividades culturais e modalidades esportivas para a popula\u00e7\u00e3o circunvizinha.<\/p>\n<p>&nbsp;<\/p>\n<p>O CCUern tamb\u00e9m abriga o N\u00facleo de Pr\u00e1tica Jur\u00eddica, atrav\u00e9s do qual alunos de Direito, orientados por docentes da institui\u00e7\u00e3o, oferecem orienta\u00e7\u00f5es, media\u00e7\u00f5es e servi\u00e7os advocat\u00edcios gratuitos a residentes da zona Norte de Natal.<\/p>\n<p>&nbsp;<\/p>\n<p>Em 2013, a Uern Natal passou a oferecer tamb\u00e9m o curso de Ci\u00eancia e Tecnologia (bacharelado).<\/p>\n<p>&nbsp;<\/p>\n<p>Em 25 de maio de 2022, ap\u00f3s 13 anos de obras e 20 anos de cria\u00e7\u00e3o desta unidade acad\u00eamica, a governadora F\u00e1tima Bezerra inaugurou o pr\u00e9dio sede da Uern Natal, na Avenida Jo\u00e3o Medeiros Filho, bairro Potengi, onde funciona hoje.<\/p>\n<p>&nbsp;<\/p>\n<p>\u201cSe os governantes n\u00e3o constru\u00edrem escolas, faltar\u00e1 dinheiro para construir pres\u00eddios\u201d, disse a governadora F\u00e1tima Bezerra no discusso de inaugura\u00e7\u00e3o o pr\u00e9dio sede da Uern Natal, repetindo c\u00e9lebre frase de soci\u00f3logo Darcy Ribeiro, e lembrando que, naquele momento o Rio Grande do Norte concretizava justamente o contr\u00e1rio, ao instalar uma universidade onde funcionou uma unidade prisional: a Penitenci\u00e1ria Dr. Jo\u00e3o Chaves, conhecida como o \u201cCaldeir\u00e3o do Diabo\u201d, pelo hist\u00f3rico de viol\u00eancia.<\/p>\n","protected":false},"excerpt":{"rendered":"<p>&nbsp; O Campus da Uern em Natal foi criado oficialmente em 13 de de junho de 2002, atrav\u00e9s da resolu\u00e7\u00e3o de n\u00b0 003\/2002, assinada pelo ent\u00e3o reitor Jos\u00e9 Walter da Fonseca, e por decis\u00e3o do Conselho Universit\u00e1rio (Consuni), que tamb\u00e9m determinou o funcionamento da unidade na zona Norte da cidade, onde j\u00e1 residia cerca de [&hellip;]<\/p>\n","protected":false},"author":14,"featured_media":0,"parent":0,"menu_order":0,"comment_status":"closed","ping_status":"closed","template":"","meta":{"footnotes":""},"class_list":["post-852","page","type-page","status-publish","hentry"],"_links":{"self":[{"href":"https:\/\/portal.uern.br\/natal\/wp-json\/wp\/v2\/pages\/852","targetHints":{"allow":["GET"]}}],"collection":[{"href":"https:\/\/portal.uern.br\/natal\/wp-json\/wp\/v2\/pages"}],"about":[{"href":"https:\/\/portal.uern.br\/natal\/wp-json\/wp\/v2\/types\/page"}],"author":[{"embeddable":true,"href":"https:\/\/portal.uern.br\/natal\/wp-json\/wp\/v2\/users\/14"}],"replies":[{"embeddable":true,"href":"https:\/\/portal.uern.br\/natal\/wp-json\/wp\/v2\/comments?post=852"}],"version-history":[{"count":7,"href":"https:\/\/portal.uern.br\/natal\/wp-json\/wp\/v2\/pages\/852\/revisions"}],"predecessor-version":[{"id":1355,"href":"https:\/\/portal.uern.br\/natal\/wp-json\/wp\/v2\/pages\/852\/revisions\/1355"}],"wp:attachment":[{"href":"https:\/\/portal.uern.br\/natal\/wp-json\/wp\/v2\/media?parent=852"}],"curies":[{"name":"wp","href":"https:\/\/api.w.org\/{rel}","templated":true}]}}