{"id":255,"date":"2022-11-03T19:20:04","date_gmt":"2022-11-03T22:20:04","guid":{"rendered":"https:\/\/paisdemossoro.com.br\/wordpress\/natal\/?page_id=255"},"modified":"2022-11-03T19:20:21","modified_gmt":"2022-11-03T22:20:21","slug":"catavento","status":"publish","type":"page","link":"https:\/\/portal.uern.br\/natal\/catavento\/","title":{"rendered":"Catavento"},"content":{"rendered":"<p><strong>A INCUBADORA CATAVENTO<\/strong>: N\u00facleo para inova\u00e7\u00e3o em empreendimentos sociais sustent\u00e1veis, da Universidade do Estado do Rio Grande do Norte (UERN), \u00e9 um programa que se dedica a fortalecer o papel da universidade no desenvolvimento de neg\u00f3cios que almejam impacto social positivo e resgate da cidadania na regi\u00e3o metropolitana de Natal-RN.<\/p>\n<p><strong>MISS\u00c3O<\/strong>: Transformar ideias em neg\u00f3cios de impacto socioambiental.<\/p>\n<p><strong>VIS\u00c3O<\/strong>: Ser uma refer\u00eancia na cria\u00e7\u00e3o e coloca\u00e7\u00e3o de neg\u00f3cios de impacto no mercado.<\/p>\n<p><strong>VALORES<\/strong>: Sustentabilidade | Comprometimento | Inclus\u00e3o | Empreendedorismo | Inova\u00e7\u00e3o e Criatividade Networking | Resili\u00eancia | Empatia<\/p>\n","protected":false},"excerpt":{"rendered":"<p>A INCUBADORA CATAVENTO: N\u00facleo para inova\u00e7\u00e3o em empreendimentos sociais sustent\u00e1veis, da Universidade do Estado do Rio Grande do Norte (UERN), \u00e9 um programa que se dedica a fortalecer o papel da universidade no desenvolvimento de neg\u00f3cios que almejam impacto social positivo e resgate da cidadania na regi\u00e3o metropolitana de Natal-RN. MISS\u00c3O: Transformar ideias em neg\u00f3cios [&hellip;]<\/p>\n","protected":false},"author":1,"featured_media":0,"parent":0,"menu_order":0,"comment_status":"closed","ping_status":"closed","template":"","meta":{"footnotes":""},"class_list":["post-255","page","type-page","status-publish","hentry"],"_links":{"self":[{"href":"https:\/\/portal.uern.br\/natal\/wp-json\/wp\/v2\/pages\/255","targetHints":{"allow":["GET"]}}],"collection":[{"href":"https:\/\/portal.uern.br\/natal\/wp-json\/wp\/v2\/pages"}],"about":[{"href":"https:\/\/portal.uern.br\/natal\/wp-json\/wp\/v2\/types\/page"}],"author":[{"embeddable":true,"href":"https:\/\/portal.uern.br\/natal\/wp-json\/wp\/v2\/users\/1"}],"replies":[{"embeddable":true,"href":"https:\/\/portal.uern.br\/natal\/wp-json\/wp\/v2\/comments?post=255"}],"version-history":[{"count":1,"href":"https:\/\/portal.uern.br\/natal\/wp-json\/wp\/v2\/pages\/255\/revisions"}],"predecessor-version":[{"id":256,"href":"https:\/\/portal.uern.br\/natal\/wp-json\/wp\/v2\/pages\/255\/revisions\/256"}],"wp:attachment":[{"href":"https:\/\/portal.uern.br\/natal\/wp-json\/wp\/v2\/media?parent=255"}],"curies":[{"name":"wp","href":"https:\/\/api.w.org\/{rel}","templated":true}]}}