{"id":249,"date":"2022-11-03T19:18:35","date_gmt":"2022-11-03T22:18:35","guid":{"rendered":"https:\/\/paisdemossoro.com.br\/wordpress\/natal\/?page_id=249"},"modified":"2025-07-30T14:32:22","modified_gmt":"2025-07-30T17:32:22","slug":"educa","status":"publish","type":"page","link":"https:\/\/portal.uern.br\/natal\/extensao\/educa\/","title":{"rendered":"EdUCA"},"content":{"rendered":"<p>&nbsp;<\/p>\n<p><strong>Diretora:<\/strong><\/p>\n<p>Profa. Irene van den Berg<\/p>\n<p>&nbsp;<\/p>\n<p><strong>Equipe da EdUCA<\/strong>:<\/p>\n<p>TNS Tiago Lima<\/p>\n<p>TNS Bruno Lira<\/p>\n<p>TNS Josineide Ara\u00fajo<\/p>\n<p>TNS Marcela Ribeiro<\/p>\n<p>&nbsp;<\/p>\n<p><strong>Contatos:<\/strong><\/p>\n<p>WhatsApp: <a href=\"https:\/\/wa.me\/558432326120\">(84) 3232.6120<\/a><\/p>\n<p>E-mail: <a href=\"mailto:educa.natal@uern.br\">educa.natal@uern.br<\/a><\/p>\n<p>Instagram: <a href=\"https:\/\/www.google.com\/url?sa=t&amp;source=web&amp;rct=j&amp;opi=89978449&amp;url=https:\/\/www.instagram.com\/educauernoficial\/&amp;ved=2ahUKEwjU_YTsu9iOAxXzqZUCHUEQDkIQFnoECB4QAQ&amp;usg=AOvVaw0AUGjh3rPEZGeXjeeQE4yj\">@educauernoficial<\/a><\/p>\n<p>&nbsp;<\/p>\n<p>Atendimentos<strong> Presenciais<\/strong>:<\/p>\n<p>Segundas-feiras: 07h \u00e0s 19h<\/p>\n<p>Ter\u00e7as-feiras: 07h \u00e0s 19h<\/p>\n<p>Quartas-feiras: 07h \u00e0s 19h<\/p>\n<p>Quintas-feiras: 07h \u00e0s 19h<\/p>\n<p>Sextas-feiras: 07h \u00e0s 19h<\/p>\n<p>&nbsp;<\/p>\n<p><strong>Local<\/strong>:<\/p>\n<p>Campus de Natal &#8211; pr\u00e9dio CCUERN &#8211; Bloco\/sala: D1.<\/p>\n<p>&nbsp;<\/p>\n<p><strong>Endere\u00e7o<\/strong>:<\/p>\n<p>Avenida Dr. Jo\u00e3o Medeiros Filho, 3419, Potengi, Natal, RN, CEP: 59120-555.<\/p>\n","protected":false},"excerpt":{"rendered":"<p>&nbsp; Diretora: Profa. Irene van den Berg &nbsp; Equipe da EdUCA: TNS Tiago Lima TNS Bruno Lira TNS Josineide Ara\u00fajo TNS Marcela Ribeiro &nbsp; Contatos: WhatsApp: (84) 3232.6120 E-mail: educa.natal@uern.br Instagram: @educauernoficial &nbsp; Atendimentos Presenciais: Segundas-feiras: 07h \u00e0s 19h Ter\u00e7as-feiras: 07h \u00e0s 19h Quartas-feiras: 07h \u00e0s 19h Quintas-feiras: 07h \u00e0s 19h Sextas-feiras: 07h \u00e0s 19h [&hellip;]<\/p>\n","protected":false},"author":1,"featured_media":0,"parent":247,"menu_order":0,"comment_status":"closed","ping_status":"closed","template":"","meta":{"footnotes":""},"class_list":["post-249","page","type-page","status-publish","hentry"],"_links":{"self":[{"href":"https:\/\/portal.uern.br\/natal\/wp-json\/wp\/v2\/pages\/249","targetHints":{"allow":["GET"]}}],"collection":[{"href":"https:\/\/portal.uern.br\/natal\/wp-json\/wp\/v2\/pages"}],"about":[{"href":"https:\/\/portal.uern.br\/natal\/wp-json\/wp\/v2\/types\/page"}],"author":[{"embeddable":true,"href":"https:\/\/portal.uern.br\/natal\/wp-json\/wp\/v2\/users\/1"}],"replies":[{"embeddable":true,"href":"https:\/\/portal.uern.br\/natal\/wp-json\/wp\/v2\/comments?post=249"}],"version-history":[{"count":5,"href":"https:\/\/portal.uern.br\/natal\/wp-json\/wp\/v2\/pages\/249\/revisions"}],"predecessor-version":[{"id":1303,"href":"https:\/\/portal.uern.br\/natal\/wp-json\/wp\/v2\/pages\/249\/revisions\/1303"}],"up":[{"embeddable":true,"href":"https:\/\/portal.uern.br\/natal\/wp-json\/wp\/v2\/pages\/247"}],"wp:attachment":[{"href":"https:\/\/portal.uern.br\/natal\/wp-json\/wp\/v2\/media?parent=249"}],"curies":[{"name":"wp","href":"https:\/\/api.w.org\/{rel}","templated":true}]}}