{"id":220,"date":"2022-11-03T19:14:02","date_gmt":"2022-11-03T22:14:02","guid":{"rendered":"https:\/\/paisdemossoro.com.br\/wordpress\/natal\/?page_id=220"},"modified":"2022-11-03T19:14:02","modified_gmt":"2022-11-03T22:14:02","slug":"campus-de-natal","status":"publish","type":"page","link":"https:\/\/portal.uern.br\/natal\/campus-de-natal\/","title":{"rendered":"Campus de Natal"},"content":{"rendered":"<p>O Campus Avan\u00e7ado de Natal\/UERN foi criado aos treze dias do m\u00eas de junho do ano de dois mil e dois, atrav\u00e9s da resolu\u00e7\u00e3o de n\u00b0 003\/2002 do Conselho Universit\u00e1rio (CONSUNI), a qual determinou o seu funcionamento na zona norte da cidade de Natal, com a oferta inicial dos cursos de gradua\u00e7\u00e3o em Ci\u00eancia da Computa\u00e7\u00e3o (bacharelado), Direito (bacharelado) e Turismo (bacharelado).<\/p>\n<p>Aos tr\u00eas dias do m\u00eas de setembro do referido ano, no Centro de Estudos e Biblioteca Escolar Professor Am\u00e9rico de Oliveira Costa, o Campus de Natal foi instalado pelo professor Jos\u00e9 Walter da Fonseca, ent\u00e3o reitor da Universidade do Estado do Rio Grande do Norte, e autorizado pelo excelent\u00edssimo senhor Fernando Ant\u00f4nio da C\u00e2mara Freire, governador do estado do Rio Grande do Norte e chanceler da UERN.<\/p>\n<p>Os cursos foram criados conforme resolu\u00e7\u00f5es 018, 019 e 020\/2002 do Conselho de Ensino, Pesquisa e Extens\u00e3o (CONSEPE), que aprovaram os projetos pol\u00edticos pedag\u00f3gicos dos mesmos. A resolu\u00e7\u00e3o 018\/2002 do CONSEPE, estabeleceu a cria\u00e7\u00e3o do curso de Direito (bacharelado), para funcionamento no CAMPUS AVAN\u00c7ADO DE NATAL\/UERN, com oferta de 40(quarenta) vagas no turno noturno, a partir do segundo semestre de 2002(dois mil e dois).<\/p>\n<p>A resolu\u00e7\u00e3o 019\/2002 do CONSEPE, estabeleceu a cria\u00e7\u00e3o do curso de Ci\u00eancia da Computa\u00e7\u00e3o (bacharelado), para funcionamento no CAMPUS AVAN\u00c7ADO DE NATAL\/UERN, com oferta de 20(vinte) vagas no turno diurno, a partir do segundo semestre de 2002(dois mil e dois). Tendo aumentado, posteriormente, sua oferta de vagas para 30(trinta).<\/p>\n<p>A resolu\u00e7\u00e3o 020\/2002 do CONSEPE, estabeleceu a cria\u00e7\u00e3o do curso de Turismo (bacharelado), para funcionamento no CAMPUS AVAN\u00c7ADO DE NATAL\/UERN, com oferta de 40(quarenta) vagas no turno noturno, a partir do segundo semestre de 2002(dois mil e dois).<\/p>\n<p>As aulas das primeiras turmas do CAMPUS AVAN\u00c7ADO DE NATAL\/UERN foram iniciadas no dia 2 de setembro de 2002. No dia 19 de setembro de 2005 foi inaugurado o bloco Prof.\u00aa. Roberta Cl\u00e1udia Bezerra Soares, com seis salas e \u00e1rea de 555.01m2, permitindo que apenas duas salas do Centro de Estudo e Biblioteca Escolar Professor Am\u00e9rico de Oliveira Costa fossem utilizadas.<\/p>\n<p>Aos 13(treze) dias do m\u00eas de junho do ano de 2002(dois mil e dois), a resolu\u00e7\u00e3o do CONSUNI, estabeleceu a implanta\u00e7\u00e3o de N\u00facleos Avan\u00e7ados de Educa\u00e7\u00e3o Superior, por meio da oferta de cursos de n\u00edvel superior em car\u00e1ter rotativo, em cidades do Estado, conforme determinam as diretrizes da Institui\u00e7\u00e3o e de acordo com autoriza\u00e7\u00e3o governamental.<\/p>\n<p>O funcionamento e manuten\u00e7\u00e3o dos N\u00facleos Avan\u00e7ados de Educa\u00e7\u00e3o Superior s\u00e3o assegurados por meio de conv\u00eanio espec\u00edfico, firmado entre a UERN e a Prefeitura Municipal que sediar\u00e1 o N\u00facleo. Atualmente, o CAMPUS AVAN\u00c7ADO DE NATAL\/UERN possui 03 (tr\u00eas) n\u00facleos instalados nos munic\u00edpios de Nova Cruz, Santa Cruz e Touros. Totalizando 04 (quatro) cursos, 02 (dois) de Ci\u00eancia da Computa\u00e7\u00e3o, 01 (um) de Turismo e um de Direito.<\/p>\n<p>Atualmente, al\u00e9m dos cursos de gradua\u00e7\u00e3o de Ci\u00eancia da Computa\u00e7\u00e3o, Direito e Turismo, o CAMPUS AVAN\u00c7ADO DE NATAL\/UERN ainda conta com o curso de Ci\u00eancia e Tecnologia.<\/p>\n","protected":false},"excerpt":{"rendered":"<p>O Campus Avan\u00e7ado de Natal\/UERN foi criado aos treze dias do m\u00eas de junho do ano de dois mil e dois, atrav\u00e9s da resolu\u00e7\u00e3o de n\u00b0 003\/2002 do Conselho Universit\u00e1rio (CONSUNI), a qual determinou o seu funcionamento na zona norte da cidade de Natal, com a oferta inicial dos cursos de gradua\u00e7\u00e3o em Ci\u00eancia da [&hellip;]<\/p>\n","protected":false},"author":1,"featured_media":0,"parent":0,"menu_order":0,"comment_status":"closed","ping_status":"closed","template":"","meta":{"footnotes":""},"class_list":["post-220","page","type-page","status-publish","hentry"],"_links":{"self":[{"href":"https:\/\/portal.uern.br\/natal\/wp-json\/wp\/v2\/pages\/220","targetHints":{"allow":["GET"]}}],"collection":[{"href":"https:\/\/portal.uern.br\/natal\/wp-json\/wp\/v2\/pages"}],"about":[{"href":"https:\/\/portal.uern.br\/natal\/wp-json\/wp\/v2\/types\/page"}],"author":[{"embeddable":true,"href":"https:\/\/portal.uern.br\/natal\/wp-json\/wp\/v2\/users\/1"}],"replies":[{"embeddable":true,"href":"https:\/\/portal.uern.br\/natal\/wp-json\/wp\/v2\/comments?post=220"}],"version-history":[{"count":1,"href":"https:\/\/portal.uern.br\/natal\/wp-json\/wp\/v2\/pages\/220\/revisions"}],"predecessor-version":[{"id":221,"href":"https:\/\/portal.uern.br\/natal\/wp-json\/wp\/v2\/pages\/220\/revisions\/221"}],"wp:attachment":[{"href":"https:\/\/portal.uern.br\/natal\/wp-json\/wp\/v2\/media?parent=220"}],"curies":[{"name":"wp","href":"https:\/\/api.w.org\/{rel}","templated":true}]}}