{"id":200,"date":"2022-06-10T09:42:21","date_gmt":"2022-06-10T12:42:21","guid":{"rendered":"https:\/\/paisdemossoro.com.br\/wordpress\/natal\/?page_id=200"},"modified":"2023-06-18T20:51:42","modified_gmt":"2023-06-18T23:51:42","slug":"home","status":"publish","type":"page","link":"https:\/\/portal.uern.br\/natal\/","title":{"rendered":"Home"},"content":{"rendered":"\t\t<div data-elementor-type=\"wp-page\" data-elementor-id=\"200\" class=\"elementor elementor-200\" data-elementor-post-type=\"page\">\n\t\t\t\t\t\t<section class=\"elementor-section elementor-top-section elementor-element elementor-element-8647d95 elementor-section-full_width elementor-section-height-default elementor-section-height-default\" data-id=\"8647d95\" data-element_type=\"section\" data-e-type=\"section\">\n\t\t\t\t\t\t<div class=\"elementor-container elementor-column-gap-default\">\n\t\t\t\t\t<div class=\"elementor-column elementor-col-100 elementor-top-column elementor-element elementor-element-8d40277\" data-id=\"8d40277\" data-element_type=\"column\" data-e-type=\"column\">\n\t\t\t<div class=\"elementor-widget-wrap elementor-element-populated\">\n\t\t\t\t\t\t<div class=\"elementor-element elementor-element-6815e75 elementor-widget elementor-widget-image\" data-id=\"6815e75\" data-element_type=\"widget\" data-e-type=\"widget\" data-widget_type=\"image.default\">\n\t\t\t\t<div class=\"elementor-widget-container\">\n\t\t\t\t\t\t\t\t\t\t\t\t\t\t\t<img fetchpriority=\"high\" decoding=\"async\" width=\"1920\" height=\"550\" src=\"https:\/\/portal.uern.br\/natal\/wp-content\/uploads\/2023\/06\/campus-natal__.jpg\" class=\"attachment-full size-full wp-image-874\" alt=\"\" srcset=\"https:\/\/portal.uern.br\/natal\/wp-content\/uploads\/2023\/06\/campus-natal__.jpg 1920w, https:\/\/portal.uern.br\/natal\/wp-content\/uploads\/2023\/06\/campus-natal__-300x86.jpg 300w, https:\/\/portal.uern.br\/natal\/wp-content\/uploads\/2023\/06\/campus-natal__-1024x293.jpg 1024w, https:\/\/portal.uern.br\/natal\/wp-content\/uploads\/2023\/06\/campus-natal__-768x220.jpg 768w, https:\/\/portal.uern.br\/natal\/wp-content\/uploads\/2023\/06\/campus-natal__-1536x440.jpg 1536w\" sizes=\"(max-width: 1920px) 100vw, 1920px\" \/>\t\t\t\t\t\t\t\t\t\t\t\t\t\t\t<\/div>\n\t\t\t\t<\/div>\n\t\t\t\t\t<\/div>\n\t\t<\/div>\n\t\t\t\t\t<\/div>\n\t\t<\/section>\n\t\t\t\t<section class=\"elementor-section elementor-top-section elementor-element elementor-element-533c615 elementor-reverse-mobile elementor-section-height-min-height elementor-section-items-stretch elementor-section-boxed elementor-section-height-default\" data-id=\"533c615\" data-element_type=\"section\" data-e-type=\"section\" data-settings=\"{&quot;background_background&quot;:&quot;classic&quot;}\">\n\t\t\t\t\t\t<div class=\"elementor-container elementor-column-gap-default\">\n\t\t\t\t\t<div class=\"elementor-column elementor-col-50 elementor-top-column elementor-element elementor-element-ed2bd41 elementor-hidden-mobile\" data-id=\"ed2bd41\" data-element_type=\"column\" data-e-type=\"column\" data-settings=\"{&quot;background_background&quot;:&quot;classic&quot;}\">\n\t\t\t<div class=\"elementor-widget-wrap elementor-element-populated\">\n\t\t\t\t\t\t<div class=\"elementor-element elementor-element-a98e102 elementor-nav-menu__text-align-aside elementor-widget elementor-widget-nav-menu\" data-id=\"a98e102\" data-element_type=\"widget\" data-e-type=\"widget\" data-settings=\"{&quot;layout&quot;:&quot;dropdown&quot;,&quot;submenu_icon&quot;:{&quot;value&quot;:&quot;&lt;i class=\\&quot;fas fa-caret-down\\&quot; aria-hidden=\\&quot;true\\&quot;&gt;&lt;\\\/i&gt;&quot;,&quot;library&quot;:&quot;fa-solid&quot;}}\" data-widget_type=\"nav-menu.default\">\n\t\t\t\t<div class=\"elementor-widget-container\">\n\t\t\t\t\t\t\t\t<nav class=\"elementor-nav-menu--dropdown elementor-nav-menu__container\" aria-hidden=\"true\">\n\t\t\t\t<ul id=\"menu-2-a98e102\" class=\"elementor-nav-menu\"><li class=\"menu-item menu-item-type-post_type menu-item-object-page menu-item-home menu-item-1262\"><a href=\"https:\/\/portal.uern.br\/natal\/\" class=\"elementor-item\" tabindex=\"-1\">Home<\/a><\/li>\n<li class=\"menu-item menu-item-type-post_type menu-item-object-page menu-item-1263\"><a href=\"https:\/\/portal.uern.br\/natal\/apresentacao\/\" class=\"elementor-item\" tabindex=\"-1\">Apresenta\u00e7\u00e3o<\/a><\/li>\n<li class=\"menu-item menu-item-type-post_type menu-item-object-page menu-item-1267\"><a href=\"https:\/\/portal.uern.br\/natal\/contato\/\" class=\"elementor-item\" tabindex=\"-1\">Contatos<\/a><\/li>\n<li class=\"menu-item menu-item-type-post_type menu-item-object-page menu-item-1281\"><a href=\"https:\/\/portal.uern.br\/natal\/infraestrutura\/\" class=\"elementor-item\" tabindex=\"-1\">Infraestrutura<\/a><\/li>\n<li class=\"menu-item menu-item-type-post_type menu-item-object-page menu-item-1285\"><a href=\"https:\/\/portal.uern.br\/natal\/organograma\/\" class=\"elementor-item\" tabindex=\"-1\">Organograma<\/a><\/li>\n<li class=\"menu-item menu-item-type-post_type menu-item-object-page menu-item-1353\"><a href=\"https:\/\/portal.uern.br\/natal\/procedimentos-internos\/\" class=\"elementor-item\" tabindex=\"-1\">Procedimentos Internos<\/a><\/li>\n<li class=\"menu-item menu-item-type-post_type menu-item-object-page menu-item-has-children menu-item-1272\"><a href=\"https:\/\/portal.uern.br\/natal\/ensino\/\" class=\"elementor-item\" tabindex=\"-1\">Ensino<\/a>\n<ul class=\"sub-menu elementor-nav-menu--dropdown\">\n\t<li class=\"menu-item menu-item-type-post_type menu-item-object-page menu-item-has-children menu-item-1280\"><a href=\"https:\/\/portal.uern.br\/natal\/graduacao\/\" class=\"elementor-sub-item\" tabindex=\"-1\">Gradua\u00e7\u00e3o<\/a>\n\t<ul class=\"sub-menu elementor-nav-menu--dropdown\">\n\t\t<li class=\"menu-item menu-item-type-post_type menu-item-object-page menu-item-1320\"><a href=\"https:\/\/portal.uern.br\/natal\/ciencia-da-computacao\/\" class=\"elementor-sub-item\" tabindex=\"-1\">Ci\u00eancia da Computa\u00e7\u00e3o<\/a><\/li>\n\t\t<li class=\"menu-item menu-item-type-post_type menu-item-object-page menu-item-1319\"><a href=\"https:\/\/portal.uern.br\/natal\/ciencia-e-tecnologia\/\" class=\"elementor-sub-item\" tabindex=\"-1\">Ci\u00eancia e Tecnologia<\/a><\/li>\n\t\t<li class=\"menu-item menu-item-type-post_type menu-item-object-page menu-item-1327\"><a href=\"https:\/\/portal.uern.br\/natal\/ciencias-da-religiao\/\" class=\"elementor-sub-item\" tabindex=\"-1\">Ci\u00eancias da Religi\u00e3o<\/a><\/li>\n\t\t<li class=\"menu-item menu-item-type-post_type menu-item-object-page menu-item-1329\"><a href=\"https:\/\/portal.uern.br\/natal\/direito7\/\" class=\"elementor-sub-item\" tabindex=\"-1\">Direito<\/a><\/li>\n\t\t<li class=\"menu-item menu-item-type-post_type menu-item-object-page menu-item-1328\"><a href=\"https:\/\/portal.uern.br\/natal\/turismo3\/\" class=\"elementor-sub-item\" tabindex=\"-1\">Turismo<\/a><\/li>\n\t<\/ul>\n<\/li>\n\t<li class=\"menu-item menu-item-type-post_type menu-item-object-page menu-item-1288\"><a href=\"https:\/\/portal.uern.br\/natal\/pos-graduacao\/\" class=\"elementor-sub-item\" tabindex=\"-1\">P\u00f3s gradua\u00e7\u00e3o<\/a><\/li>\n\t<li class=\"menu-item menu-item-type-post_type menu-item-object-page menu-item-1273\"><a href=\"https:\/\/portal.uern.br\/natal\/ensino-remoto\/\" class=\"elementor-sub-item\" tabindex=\"-1\">Ensino Remoto<\/a><\/li>\n<\/ul>\n<\/li>\n<li class=\"menu-item menu-item-type-post_type menu-item-object-page menu-item-1287\"><a href=\"https:\/\/portal.uern.br\/natal\/pesquisa\/\" class=\"elementor-item\" tabindex=\"-1\">Pesquisa<\/a><\/li>\n<li class=\"menu-item menu-item-type-post_type menu-item-object-page menu-item-1276\"><a href=\"https:\/\/portal.uern.br\/natal\/extensao\/\" class=\"elementor-item\" tabindex=\"-1\">Extens\u00e3o<\/a><\/li>\n<li class=\"menu-item menu-item-type-post_type menu-item-object-page menu-item-has-children menu-item-1298\"><a href=\"https:\/\/portal.uern.br\/natal\/divisoes-e-setores-administrativos\/\" class=\"elementor-item\" tabindex=\"-1\">Divis\u00f5es e Setores Administrativos<\/a>\n<ul class=\"sub-menu elementor-nav-menu--dropdown\">\n\t<li class=\"menu-item menu-item-type-post_type menu-item-object-page menu-item-1269\"><a href=\"https:\/\/portal.uern.br\/natal\/apoio-a-inclusao\/\" class=\"elementor-sub-item\" tabindex=\"-1\">DAIN \u2013 Apoio \u00e0 inclus\u00e3o<\/a><\/li>\n\t<li class=\"menu-item menu-item-type-post_type menu-item-object-page menu-item-1295\"><a href=\"https:\/\/portal.uern.br\/natal\/dti-divisao-de-tecnologia-da-informacao\/\" class=\"elementor-sub-item\" tabindex=\"-1\">DTI \u2013 Divis\u00e3o de Tecnologia da Informa\u00e7\u00e3o<\/a><\/li>\n\t<li class=\"menu-item menu-item-type-post_type menu-item-object-page menu-item-1274\"><a href=\"https:\/\/portal.uern.br\/natal\/escritorio-de-processos\/\" class=\"elementor-sub-item\" tabindex=\"-1\">Escrit\u00f3rio de Processos<\/a><\/li>\n\t<li class=\"menu-item menu-item-type-post_type menu-item-object-page menu-item-1279\"><a href=\"https:\/\/portal.uern.br\/natal\/governanca\/\" class=\"elementor-sub-item\" tabindex=\"-1\">Governan\u00e7a<\/a><\/li>\n\t<li class=\"menu-item menu-item-type-post_type menu-item-object-page menu-item-1286\"><a href=\"https:\/\/portal.uern.br\/natal\/ouvidoria\/\" class=\"elementor-sub-item\" tabindex=\"-1\">Ouvidoria<\/a><\/li>\n\t<li class=\"menu-item menu-item-type-post_type menu-item-object-page menu-item-1290\"><a href=\"https:\/\/portal.uern.br\/natal\/secretaria-geral\/\" class=\"elementor-sub-item\" tabindex=\"-1\">Secretaria Geral<\/a><\/li>\n<\/ul>\n<\/li>\n<li class=\"menu-item menu-item-type-post_type menu-item-object-page menu-item-1264\"><a href=\"https:\/\/portal.uern.br\/natal\/biblioteca\/\" class=\"elementor-item\" tabindex=\"-1\">Biblioteca<\/a><\/li>\n<li class=\"menu-item menu-item-type-post_type menu-item-object-page menu-item-1277\"><a href=\"https:\/\/portal.uern.br\/natal\/extensao\/educa\/\" class=\"elementor-item\" tabindex=\"-1\">EdUCA<\/a><\/li>\n<li class=\"menu-item menu-item-type-post_type menu-item-object-page menu-item-1289\"><a href=\"https:\/\/portal.uern.br\/natal\/pratica-juridica\/\" class=\"elementor-item\" tabindex=\"-1\">N\u00facleo de Pr\u00e1tica Jur\u00eddica<\/a><\/li>\n<li class=\"menu-item menu-item-type-post_type menu-item-object-page menu-item-1284\"><a href=\"https:\/\/portal.uern.br\/natal\/noticias\/\" class=\"elementor-item\" tabindex=\"-1\">Not\u00edcias<\/a><\/li>\n<\/ul>\t\t\t<\/nav>\n\t\t\t\t\t\t<\/div>\n\t\t\t\t<\/div>\n\t\t\t\t\t<\/div>\n\t\t<\/div>\n\t\t\t\t<div class=\"elementor-column elementor-col-50 elementor-top-column elementor-element elementor-element-bd245bf\" data-id=\"bd245bf\" data-element_type=\"column\" data-e-type=\"column\" data-settings=\"{&quot;background_background&quot;:&quot;classic&quot;}\">\n\t\t\t<div class=\"elementor-widget-wrap elementor-element-populated\">\n\t\t\t\t\t\t\t<\/div>\n\t\t<\/div>\n\t\t\t\t\t<\/div>\n\t\t<\/section>\n\t\t\t\t<\/div>\n\t\t","protected":false},"excerpt":{"rendered":"","protected":false},"author":1,"featured_media":0,"parent":0,"menu_order":0,"comment_status":"closed","ping_status":"closed","template":"","meta":{"footnotes":""},"class_list":["post-200","page","type-page","status-publish","hentry"],"_links":{"self":[{"href":"https:\/\/portal.uern.br\/natal\/wp-json\/wp\/v2\/pages\/200","targetHints":{"allow":["GET"]}}],"collection":[{"href":"https:\/\/portal.uern.br\/natal\/wp-json\/wp\/v2\/pages"}],"about":[{"href":"https:\/\/portal.uern.br\/natal\/wp-json\/wp\/v2\/types\/page"}],"author":[{"embeddable":true,"href":"https:\/\/portal.uern.br\/natal\/wp-json\/wp\/v2\/users\/1"}],"replies":[{"embeddable":true,"href":"https:\/\/portal.uern.br\/natal\/wp-json\/wp\/v2\/comments?post=200"}],"version-history":[{"count":46,"href":"https:\/\/portal.uern.br\/natal\/wp-json\/wp\/v2\/pages\/200\/revisions"}],"predecessor-version":[{"id":872,"href":"https:\/\/portal.uern.br\/natal\/wp-json\/wp\/v2\/pages\/200\/revisions\/872"}],"wp:attachment":[{"href":"https:\/\/portal.uern.br\/natal\/wp-json\/wp\/v2\/media?parent=200"}],"curies":[{"name":"wp","href":"https:\/\/api.w.org\/{rel}","templated":true}]}}