{"id":1314,"date":"2025-07-30T10:32:20","date_gmt":"2025-07-30T13:32:20","guid":{"rendered":"https:\/\/portal.uern.br\/natal\/?page_id=1314"},"modified":"2025-07-30T10:32:20","modified_gmt":"2025-07-30T13:32:20","slug":"ciencia-e-tecnologia","status":"publish","type":"page","link":"https:\/\/portal.uern.br\/natal\/ciencia-e-tecnologia\/","title":{"rendered":"Ci\u00eancia e Tecnologia"},"content":{"rendered":"<p>Contatos:<\/p>\n<p>Email: <a href=\"mailto:ct_natal@uern.br\">ct_natal@uern.br<\/a><\/p>\n<p>Instagram: <a href=\"https:\/\/www.instagram.com\/cetuern?igsh=MWp1aTR2dWZweWlseQ==\">@cetuern<\/a><\/p>\n<p>&nbsp;<\/p>\n<p><strong>Localiza\u00e7\u00e3o:<\/strong><\/p>\n<p>Edif\u00edcio sede, segundo piso<\/p>\n<p>&nbsp;<\/p>\n<p><strong>Endere\u00e7o:<\/strong><\/p>\n<p>Av. Dr. Jo\u00e3o Medeiros Filho, 3419, Pontegi, Natal\/RN<\/p>\n<p>&nbsp;<\/p>\n<p><strong>Chefe:<\/strong><\/p>\n<p>Leonardo Linhares Oliveira<\/p>\n<p>&nbsp;<\/p>\n<p><strong>Sub-chefe<\/strong>:<\/p>\n<p>Brismark G\u00f3ez da Rocha<\/p>\n<p>&nbsp;<\/p>\n<p><strong>Secret\u00e1ria:<\/strong><\/p>\n<p>Patr\u00edcia de Farias Calado<\/p>\n<p>&nbsp;<\/p>\n<p><strong>Orienta\u00e7\u00e3o Acad\u00eamica<\/strong>:<\/p>\n<p>Maria Helena de Freitas<\/p>\n<p>&nbsp;<\/p>\n<p><strong>Dias e hor\u00e1rios de Atendimento<\/strong><\/p>\n<p>Segunda: 07h \u00e0s 13h<\/p>\n<p>Ter\u00e7a: 07h \u00e0s 13h<\/p>\n<p>Quarta: 07h \u00e0s 13h<\/p>\n<p>Quinta: 07h \u00e0s 13h<\/p>\n<p>Sexta: 07h \u00e0s 13h<\/p>\n<p>&nbsp;<\/p>\n<p><strong>Documentos:<\/strong><\/p>\n<p><a href=\"https:\/\/portal.uern.br\/natal\/wp-content\/uploads\/2025\/07\/Relacao-de-servidores-DCT.pdf\">Rela\u00e7\u00e3o de servidores<\/a><\/p>\n<p><a href=\"https:\/\/portal.uern.br\/natal\/wp-content\/uploads\/2025\/07\/Matriz-2022.1-SIGAA-29.07.2025.pdf\">Grade Curricular Atualizada<\/a><\/p>\n<p><a href=\"https:\/\/portal.uern.br\/natal\/wp-content\/uploads\/2025\/07\/Projeto-CeT-versao-final-inclusao-de-equivalencias-Estrutura-de-Dados.docx.pdf\">Projeto Pedag\u00f3gico do Curso CeT<\/a><\/p>\n","protected":false},"excerpt":{"rendered":"<p>Contatos: Email: ct_natal@uern.br Instagram: @cetuern &nbsp; Localiza\u00e7\u00e3o: Edif\u00edcio sede, segundo piso &nbsp; Endere\u00e7o: Av. Dr. Jo\u00e3o Medeiros Filho, 3419, Pontegi, Natal\/RN &nbsp; Chefe: Leonardo Linhares Oliveira &nbsp; Sub-chefe: Brismark G\u00f3ez da Rocha &nbsp; Secret\u00e1ria: Patr\u00edcia de Farias Calado &nbsp; Orienta\u00e7\u00e3o Acad\u00eamica: Maria Helena de Freitas &nbsp; Dias e hor\u00e1rios de Atendimento Segunda: 07h \u00e0s 13h [&hellip;]<\/p>\n","protected":false},"author":14,"featured_media":0,"parent":0,"menu_order":0,"comment_status":"closed","ping_status":"closed","template":"","meta":{"footnotes":""},"class_list":["post-1314","page","type-page","status-publish","hentry"],"_links":{"self":[{"href":"https:\/\/portal.uern.br\/natal\/wp-json\/wp\/v2\/pages\/1314","targetHints":{"allow":["GET"]}}],"collection":[{"href":"https:\/\/portal.uern.br\/natal\/wp-json\/wp\/v2\/pages"}],"about":[{"href":"https:\/\/portal.uern.br\/natal\/wp-json\/wp\/v2\/types\/page"}],"author":[{"embeddable":true,"href":"https:\/\/portal.uern.br\/natal\/wp-json\/wp\/v2\/users\/14"}],"replies":[{"embeddable":true,"href":"https:\/\/portal.uern.br\/natal\/wp-json\/wp\/v2\/comments?post=1314"}],"version-history":[{"count":1,"href":"https:\/\/portal.uern.br\/natal\/wp-json\/wp\/v2\/pages\/1314\/revisions"}],"predecessor-version":[{"id":1318,"href":"https:\/\/portal.uern.br\/natal\/wp-json\/wp\/v2\/pages\/1314\/revisions\/1318"}],"wp:attachment":[{"href":"https:\/\/portal.uern.br\/natal\/wp-json\/wp\/v2\/media?parent=1314"}],"curies":[{"name":"wp","href":"https:\/\/api.w.org\/{rel}","templated":true}]}}