{"id":1306,"date":"2025-07-30T10:09:32","date_gmt":"2025-07-30T13:09:32","guid":{"rendered":"https:\/\/portal.uern.br\/natal\/?page_id=1306"},"modified":"2025-08-03T13:20:00","modified_gmt":"2025-08-03T16:20:00","slug":"ciencia-da-computacao","status":"publish","type":"page","link":"https:\/\/portal.uern.br\/natal\/ciencia-da-computacao\/","title":{"rendered":"Ci\u00eancia da Computa\u00e7\u00e3o"},"content":{"rendered":"<p>&nbsp;<\/p>\n<p><strong>Contatos:<\/strong><\/p>\n<p>Email: <a href=\"mailto:dcc_natal@uern.br\">dcc_natal@uern.br<\/a><\/p>\n<p>Instagram: <a href=\"https:\/\/www.instagram.com\/computacao.uern.natal?igsh=MXgxOTBkdWh2ZXBqbg==\">@computacao.uern.natal<\/a><\/p>\n<p>&nbsp;<\/p>\n<p><strong>Localiza\u00e7\u00e3o:<\/strong><\/p>\n<p>Sala 221, Segundo piso<\/p>\n<p>&nbsp;<\/p>\n<p><strong>Endere\u00e7o:<\/strong><\/p>\n<p>Av. Dr. Jo\u00e3o Medeiros Filho, 3419, Pontegi, Natal\/RN<\/p>\n<p>&nbsp;<\/p>\n<p><strong>Chefe:<\/strong><\/p>\n<p>Camila Sena<\/p>\n<p>&nbsp;<\/p>\n<p><strong>Sub-chefe:<\/strong><\/p>\n<p>Bruno Cruz<\/p>\n<p>&nbsp;<\/p>\n<p><strong>Secret\u00e1ria:<\/strong><\/p>\n<p>Laura Galv\u00e3o Raliny Santos<\/p>\n<p>&nbsp;<\/p>\n<p><strong>Orienta\u00e7\u00e3o Acad\u00eamica:<\/strong><\/p>\n<p>Bartira Rocha<\/p>\n<p>&nbsp;<\/p>\n<p><strong>Dias e hor\u00e1rios de Atendimento<\/strong><\/p>\n<p>Segunda: 07h \u00e0s 14h<\/p>\n<p>Ter\u00e7a: 07h \u00e0s 14h<\/p>\n<p>Quarta: 07h \u00e0s 14h<\/p>\n<p>Quinta: 07h \u00e0s 14h<\/p>\n<p>Sexta: 07h \u00e0s 14h<\/p>\n<p>&nbsp;<\/p>\n<p><strong>Documentos:<\/strong><\/p>\n<p>&nbsp;<\/p>\n<p><a href=\"https:\/\/portal.uern.br\/natal\/wp-content\/uploads\/2025\/07\/Docentes_tecnicos_merged.pdf\">Lista dos docentes e t\u00e9cnicos do departamento<\/a><\/p>\n<p><a href=\"https:\/\/portal.uern.br\/natal\/wp-content\/uploads\/2025\/07\/Grade2023-3.pdf\">Grade curricular atualizada<\/a><\/p>\n<p><a href=\"https:\/\/portal.uern.br\/natal\/wp-content\/uploads\/2025\/07\/PPC_Ciencia_da_Computacao_2021_V4.0-final-gerado-por-Bruno.pdf\">Projeto Pedag\u00f3gico do Curso de Ci\u00eancia da Computa\u00e7\u00e3o<\/a><\/p>\n<p style=\"padding-left: 40px\">\n","protected":false},"excerpt":{"rendered":"<p>&nbsp; Contatos: Email: dcc_natal@uern.br Instagram: @computacao.uern.natal &nbsp; Localiza\u00e7\u00e3o: Sala 221, Segundo piso &nbsp; Endere\u00e7o: Av. Dr. Jo\u00e3o Medeiros Filho, 3419, Pontegi, Natal\/RN &nbsp; Chefe: Camila Sena &nbsp; Sub-chefe: Bruno Cruz &nbsp; Secret\u00e1ria: Laura Galv\u00e3o Raliny Santos &nbsp; Orienta\u00e7\u00e3o Acad\u00eamica: Bartira Rocha &nbsp; Dias e hor\u00e1rios de Atendimento Segunda: 07h \u00e0s 14h Ter\u00e7a: 07h \u00e0s 14h [&hellip;]<\/p>\n","protected":false},"author":14,"featured_media":0,"parent":0,"menu_order":0,"comment_status":"closed","ping_status":"closed","template":"","meta":{"footnotes":""},"class_list":["post-1306","page","type-page","status-publish","hentry"],"_links":{"self":[{"href":"https:\/\/portal.uern.br\/natal\/wp-json\/wp\/v2\/pages\/1306","targetHints":{"allow":["GET"]}}],"collection":[{"href":"https:\/\/portal.uern.br\/natal\/wp-json\/wp\/v2\/pages"}],"about":[{"href":"https:\/\/portal.uern.br\/natal\/wp-json\/wp\/v2\/types\/page"}],"author":[{"embeddable":true,"href":"https:\/\/portal.uern.br\/natal\/wp-json\/wp\/v2\/users\/14"}],"replies":[{"embeddable":true,"href":"https:\/\/portal.uern.br\/natal\/wp-json\/wp\/v2\/comments?post=1306"}],"version-history":[{"count":5,"href":"https:\/\/portal.uern.br\/natal\/wp-json\/wp\/v2\/pages\/1306\/revisions"}],"predecessor-version":[{"id":1340,"href":"https:\/\/portal.uern.br\/natal\/wp-json\/wp\/v2\/pages\/1306\/revisions\/1340"}],"wp:attachment":[{"href":"https:\/\/portal.uern.br\/natal\/wp-json\/wp\/v2\/media?parent=1306"}],"curies":[{"name":"wp","href":"https:\/\/api.w.org\/{rel}","templated":true}]}}