{"id":1258,"date":"2025-07-25T11:28:47","date_gmt":"2025-07-25T14:28:47","guid":{"rendered":"https:\/\/portal.uern.br\/natal\/?page_id=1258"},"modified":"2026-02-20T20:40:15","modified_gmt":"2026-02-20T23:40:15","slug":"secretaria-geral","status":"publish","type":"page","link":"https:\/\/portal.uern.br\/natal\/secretaria-geral\/","title":{"rendered":"Secretaria Geral"},"content":{"rendered":"<p style=\"text-align: left\"><strong>Equipe<\/strong>:<\/p>\n<p style=\"text-align: left\">Rayssa Silva Gomes &#8211; Secret\u00e1ria geral<\/p>\n<p style=\"text-align: left\">Agenor Teixeira de Oliveira Junior<\/p>\n<p style=\"text-align: left\">\n<p style=\"text-align: left\"><strong>Contatos<\/strong><\/p>\n<p style=\"text-align: left\">WhatsApp: <a href=\"http:\/\/wa.me\/5584998109086\">(84) 9810-9086<\/a><\/p>\n<p style=\"text-align: left\">E-mail: <a href=\"mailto:natal@uern.br\">natal@uern.br<\/a><\/p>\n<p>&nbsp;<\/p>\n<p style=\"text-align: left\"><strong>Hor\u00e1rios de atendimento:<\/strong><\/p>\n<p style=\"text-align: left\">Segundas-feiras: 7h \u00e0s 13h; 15h \u00e0s 21h<\/p>\n<p style=\"text-align: left\">Ter\u00e7as-feiras: 7h \u00e0s 13h; 15h \u00e0s 21h<\/p>\n<p style=\"text-align: left\">Quartas-feiras: 7h \u00e0s 13h; 15h \u00e0s 21h<\/p>\n<p style=\"text-align: left\">Quintas-feiras: 7h \u00e0s 13h; 15h \u00e0s 21h<\/p>\n<p style=\"text-align: left\">Sextas-feiras: 7h \u00e0s 13h; 15h \u00e0s 21h<\/p>\n<p style=\"text-align: left\"><strong>Local<\/strong>:<\/p>\n<p style=\"text-align: left\">Campus de Natal &#8211; pr\u00e9dio sede &#8211; segundo andar.<\/p>\n<p style=\"text-align: left\"><strong>Endere\u00e7o<\/strong>:<\/p>\n<p style=\"text-align: left\">Avenida Dr. Jo\u00e3o Medeiros Filho, 3419, Potengi, Natal, RN, CEP: 59120-555.<\/p>\n","protected":false},"excerpt":{"rendered":"<p>Equipe: Rayssa Silva Gomes &#8211; Secret\u00e1ria geral Agenor Teixeira de Oliveira Junior Contatos WhatsApp: (84) 9810-9086 E-mail: natal@uern.br &nbsp; Hor\u00e1rios de atendimento: Segundas-feiras: 7h \u00e0s 13h; 15h \u00e0s 21h Ter\u00e7as-feiras: 7h \u00e0s 13h; 15h \u00e0s 21h Quartas-feiras: 7h \u00e0s 13h; 15h \u00e0s 21h Quintas-feiras: 7h \u00e0s 13h; 15h \u00e0s 21h Sextas-feiras: 7h \u00e0s 13h; 15h [&hellip;]<\/p>\n","protected":false},"author":14,"featured_media":0,"parent":0,"menu_order":0,"comment_status":"closed","ping_status":"closed","template":"","meta":{"footnotes":""},"class_list":["post-1258","page","type-page","status-publish","hentry"],"_links":{"self":[{"href":"https:\/\/portal.uern.br\/natal\/wp-json\/wp\/v2\/pages\/1258","targetHints":{"allow":["GET"]}}],"collection":[{"href":"https:\/\/portal.uern.br\/natal\/wp-json\/wp\/v2\/pages"}],"about":[{"href":"https:\/\/portal.uern.br\/natal\/wp-json\/wp\/v2\/types\/page"}],"author":[{"embeddable":true,"href":"https:\/\/portal.uern.br\/natal\/wp-json\/wp\/v2\/users\/14"}],"replies":[{"embeddable":true,"href":"https:\/\/portal.uern.br\/natal\/wp-json\/wp\/v2\/comments?post=1258"}],"version-history":[{"count":3,"href":"https:\/\/portal.uern.br\/natal\/wp-json\/wp\/v2\/pages\/1258\/revisions"}],"predecessor-version":[{"id":1365,"href":"https:\/\/portal.uern.br\/natal\/wp-json\/wp\/v2\/pages\/1258\/revisions\/1365"}],"wp:attachment":[{"href":"https:\/\/portal.uern.br\/natal\/wp-json\/wp\/v2\/media?parent=1258"}],"curies":[{"name":"wp","href":"https:\/\/api.w.org\/{rel}","templated":true}]}}