{"id":1256,"date":"2025-07-25T11:24:04","date_gmt":"2025-07-25T14:24:04","guid":{"rendered":"https:\/\/portal.uern.br\/natal\/?page_id=1256"},"modified":"2025-07-25T11:24:04","modified_gmt":"2025-07-25T14:24:04","slug":"escritorio-de-processos","status":"publish","type":"page","link":"https:\/\/portal.uern.br\/natal\/escritorio-de-processos\/","title":{"rendered":"Escrit\u00f3rio de Processos"},"content":{"rendered":"<p><strong>Equipe<\/strong>:<\/p>\n<p>T\u00e9cnico Hugo Ferreira dos Santos &#8211; chefe do Escrit\u00f3rio de Processos<\/p>\n<p>&nbsp;<\/p>\n<p><strong>E-mail<\/strong>:<\/p>\n<p><a href=\"mailto:escritorio.processos@uern.br\">escritorio.processos@uern.br<\/a><\/p>\n<p><a href=\"mailto:hugosantos@uern.br\">hugosantos@uern.br<\/a><\/p>\n<p>&nbsp;<\/p>\n<p><strong>Hor\u00e1rios de atendimento:<\/strong><\/p>\n<p>Segundas-feiras: 7h \u00e0s 13h<\/p>\n<p>Ter\u00e7as-feiras: 7h \u00e0s 13h<\/p>\n<p>Quartas-feiras: 7h \u00e0s 13h<\/p>\n<p>Quintas-feiras: 7h \u00e0s 13h<\/p>\n<p>Sextas-feiras: 7h \u00e0s 13h<\/p>\n<p>&nbsp;<\/p>\n<p><strong>Local<\/strong>:<\/p>\n<p>Campus de Natal &#8211; pr\u00e9dio sede &#8211; segundo andar.<\/p>\n<p>&nbsp;<\/p>\n<p><strong>Endere\u00e7o<\/strong>:<\/p>\n<p>Avenida Dr. Jo\u00e3o Medeiros Filho, 3419, Potengi, Natal, RN, CEP: 59120-555.<\/p>\n","protected":false},"excerpt":{"rendered":"<p>Equipe: T\u00e9cnico Hugo Ferreira dos Santos &#8211; chefe do Escrit\u00f3rio de Processos &nbsp; E-mail: escritorio.processos@uern.br hugosantos@uern.br &nbsp; Hor\u00e1rios de atendimento: Segundas-feiras: 7h \u00e0s 13h Ter\u00e7as-feiras: 7h \u00e0s 13h Quartas-feiras: 7h \u00e0s 13h Quintas-feiras: 7h \u00e0s 13h Sextas-feiras: 7h \u00e0s 13h &nbsp; Local: Campus de Natal &#8211; pr\u00e9dio sede &#8211; segundo andar. &nbsp; Endere\u00e7o: Avenida Dr. [&hellip;]<\/p>\n","protected":false},"author":14,"featured_media":0,"parent":0,"menu_order":0,"comment_status":"closed","ping_status":"closed","template":"","meta":{"footnotes":""},"class_list":["post-1256","page","type-page","status-publish","hentry"],"_links":{"self":[{"href":"https:\/\/portal.uern.br\/natal\/wp-json\/wp\/v2\/pages\/1256","targetHints":{"allow":["GET"]}}],"collection":[{"href":"https:\/\/portal.uern.br\/natal\/wp-json\/wp\/v2\/pages"}],"about":[{"href":"https:\/\/portal.uern.br\/natal\/wp-json\/wp\/v2\/types\/page"}],"author":[{"embeddable":true,"href":"https:\/\/portal.uern.br\/natal\/wp-json\/wp\/v2\/users\/14"}],"replies":[{"embeddable":true,"href":"https:\/\/portal.uern.br\/natal\/wp-json\/wp\/v2\/comments?post=1256"}],"version-history":[{"count":1,"href":"https:\/\/portal.uern.br\/natal\/wp-json\/wp\/v2\/pages\/1256\/revisions"}],"predecessor-version":[{"id":1257,"href":"https:\/\/portal.uern.br\/natal\/wp-json\/wp\/v2\/pages\/1256\/revisions\/1257"}],"wp:attachment":[{"href":"https:\/\/portal.uern.br\/natal\/wp-json\/wp\/v2\/media?parent=1256"}],"curies":[{"name":"wp","href":"https:\/\/api.w.org\/{rel}","templated":true}]}}