{"id":1205,"date":"2025-07-25T10:59:00","date_gmt":"2025-07-25T13:59:00","guid":{"rendered":"https:\/\/portal.uern.br\/natal\/?page_id=1205"},"modified":"2026-02-20T20:38:26","modified_gmt":"2026-02-20T23:38:26","slug":"governanca","status":"publish","type":"page","link":"https:\/\/portal.uern.br\/natal\/governanca\/","title":{"rendered":"Governan\u00e7a"},"content":{"rendered":"<p><span style=\"font-size: 14pt\"><strong>Equipe<\/strong><\/span>:<\/p>\n<p>Hugo Paulinele Pereira de Lima &#8211; chefe da Governan\u00e7a<\/p>\n<p>Marcos Maciel da Silva<\/p>\n<p><span style=\"font-size: 14pt\"><strong>Contato<\/strong><\/span><\/p>\n<p><a href=\"mailto:governanca.natal@uern.br\">governanca.natal@uern.br<\/a><\/p>\n<p><span style=\"font-size: 14pt\"><strong>Hor\u00e1rios de atendimento<\/strong><\/span>:<\/p>\n<p>Segundas-feiras: 7h \u00e0s 13h<br \/>\nTer\u00e7as-feiras: 7h \u00e0s 13h<br \/>\nQuartas-feiras: 7h \u00e0s 13h<br \/>\nQuintas-feiras: 7h \u00e0s 13h<br \/>\nSextas-feiras: 7h \u00e0s 13h<\/p>\n<p><span style=\"color: #0000ff\">Dependendo da necessidade, o atendimento poder\u00e1 ser realizado em outro hor\u00e1rio, mediante agendamento pr\u00e9vio.<\/span><\/p>\n<p><span style=\"font-size: 14pt\"><strong>Local<\/strong><\/span>:<\/p>\n<p>Campus de Natal &#8211; pr\u00e9dio sede &#8211; segundo andar.<\/p>\n<p>Endere\u00e7o: Avenida Dr. Jo\u00e3o Medeiros Filho, 3419, Potengi, Natal, RN, CEP: 59120-555.<\/p>\n","protected":false},"excerpt":{"rendered":"<p>Equipe: Hugo Paulinele Pereira de Lima &#8211; chefe da Governan\u00e7a Marcos Maciel da Silva Contato governanca.natal@uern.br Hor\u00e1rios de atendimento: Segundas-feiras: 7h \u00e0s 13h Ter\u00e7as-feiras: 7h \u00e0s 13h Quartas-feiras: 7h \u00e0s 13h Quintas-feiras: 7h \u00e0s 13h Sextas-feiras: 7h \u00e0s 13h Dependendo da necessidade, o atendimento poder\u00e1 ser realizado em outro hor\u00e1rio, mediante agendamento pr\u00e9vio. Local: Campus [&hellip;]<\/p>\n","protected":false},"author":14,"featured_media":0,"parent":0,"menu_order":0,"comment_status":"closed","ping_status":"closed","template":"","meta":{"footnotes":""},"class_list":["post-1205","page","type-page","status-publish","hentry"],"_links":{"self":[{"href":"https:\/\/portal.uern.br\/natal\/wp-json\/wp\/v2\/pages\/1205","targetHints":{"allow":["GET"]}}],"collection":[{"href":"https:\/\/portal.uern.br\/natal\/wp-json\/wp\/v2\/pages"}],"about":[{"href":"https:\/\/portal.uern.br\/natal\/wp-json\/wp\/v2\/types\/page"}],"author":[{"embeddable":true,"href":"https:\/\/portal.uern.br\/natal\/wp-json\/wp\/v2\/users\/14"}],"replies":[{"embeddable":true,"href":"https:\/\/portal.uern.br\/natal\/wp-json\/wp\/v2\/comments?post=1205"}],"version-history":[{"count":4,"href":"https:\/\/portal.uern.br\/natal\/wp-json\/wp\/v2\/pages\/1205\/revisions"}],"predecessor-version":[{"id":1363,"href":"https:\/\/portal.uern.br\/natal\/wp-json\/wp\/v2\/pages\/1205\/revisions\/1363"}],"wp:attachment":[{"href":"https:\/\/portal.uern.br\/natal\/wp-json\/wp\/v2\/media?parent=1205"}],"curies":[{"name":"wp","href":"https:\/\/api.w.org\/{rel}","templated":true}]}}