{"id":1190,"date":"2025-07-23T12:29:02","date_gmt":"2025-07-23T15:29:02","guid":{"rendered":"https:\/\/portal.uern.br\/natal\/?page_id=1190"},"modified":"2026-02-20T20:36:22","modified_gmt":"2026-02-20T23:36:22","slug":"ouvidoria","status":"publish","type":"page","link":"https:\/\/portal.uern.br\/natal\/ouvidoria\/","title":{"rendered":"Ouvidoria"},"content":{"rendered":"<p><strong>Servidora<\/strong><\/p>\n<p>Kelly Cristina Soares Rodrigues Camelo<\/p>\n<p><strong>E-mail<\/strong>:<\/p>\n<p><a href=\"mailto:ouvidoria.can@uern.br\">ouvidoria.can@uern.br<\/a><\/p>\n<p>&nbsp;<\/p>\n<p><strong>Atendimentos Presenciais:<\/strong><\/p>\n<p>Segundas-feiras: 07h \u00e0s 13h<\/p>\n<p>Ter\u00e7as-feiras: 15h \u00e0s 21h<\/p>\n<p>Quartas-feiras: 07h \u00e0s 13h<\/p>\n<p>Quintas-feiras: 15h \u00e0s 21h<\/p>\n<p>Sextas-feiras: 07h \u00e0s 13h<\/p>\n<p>&nbsp;<\/p>\n<p><strong>Local<\/strong>:<\/p>\n<p>Campus de Natal &#8211; pr\u00e9dio sede &#8211; segundo andar.<\/p>\n<p>&nbsp;<\/p>\n<p><strong>Endere\u00e7o<\/strong>:<\/p>\n<p>Avenida Dr. Jo\u00e3o Medeiros Filho, 3419, Potengi, Natal, RN, CEP: 59120-555.<\/p>\n","protected":false},"excerpt":{"rendered":"<p>Servidora Kelly Cristina Soares Rodrigues Camelo E-mail: ouvidoria.can@uern.br &nbsp; Atendimentos Presenciais: Segundas-feiras: 07h \u00e0s 13h Ter\u00e7as-feiras: 15h \u00e0s 21h Quartas-feiras: 07h \u00e0s 13h Quintas-feiras: 15h \u00e0s 21h Sextas-feiras: 07h \u00e0s 13h &nbsp; Local: Campus de Natal &#8211; pr\u00e9dio sede &#8211; segundo andar. &nbsp; Endere\u00e7o: Avenida Dr. Jo\u00e3o Medeiros Filho, 3419, Potengi, Natal, RN, CEP: 59120-555.<\/p>\n","protected":false},"author":14,"featured_media":0,"parent":0,"menu_order":0,"comment_status":"closed","ping_status":"closed","template":"","meta":{"footnotes":""},"class_list":["post-1190","page","type-page","status-publish","hentry"],"_links":{"self":[{"href":"https:\/\/portal.uern.br\/natal\/wp-json\/wp\/v2\/pages\/1190","targetHints":{"allow":["GET"]}}],"collection":[{"href":"https:\/\/portal.uern.br\/natal\/wp-json\/wp\/v2\/pages"}],"about":[{"href":"https:\/\/portal.uern.br\/natal\/wp-json\/wp\/v2\/types\/page"}],"author":[{"embeddable":true,"href":"https:\/\/portal.uern.br\/natal\/wp-json\/wp\/v2\/users\/14"}],"replies":[{"embeddable":true,"href":"https:\/\/portal.uern.br\/natal\/wp-json\/wp\/v2\/comments?post=1190"}],"version-history":[{"count":7,"href":"https:\/\/portal.uern.br\/natal\/wp-json\/wp\/v2\/pages\/1190\/revisions"}],"predecessor-version":[{"id":1361,"href":"https:\/\/portal.uern.br\/natal\/wp-json\/wp\/v2\/pages\/1190\/revisions\/1361"}],"wp:attachment":[{"href":"https:\/\/portal.uern.br\/natal\/wp-json\/wp\/v2\/media?parent=1190"}],"curies":[{"name":"wp","href":"https:\/\/api.w.org\/{rel}","templated":true}]}}