{"id":918,"date":"2023-11-05T16:14:23","date_gmt":"2023-11-05T19:14:23","guid":{"rendered":"https:\/\/portal.uern.br\/natal\/turismo\/?page_id=918"},"modified":"2023-11-05T16:40:36","modified_gmt":"2023-11-05T19:40:36","slug":"turismo-literatura-e-cultura-estulic","status":"publish","type":"page","link":"https:\/\/portal.uern.br\/natal\/turismo\/turismo-literatura-e-cultura-estulic\/","title":{"rendered":"Turismo, literatura e cultura (ESTULIC)"},"content":{"rendered":"<p data-raofz=\"16\"><span style=\"font-size: 12pt\">O Curso de Especializa\u00e7\u00e3o em Turismo, Literatura e Cultura (ESTULIC) tem carga hor\u00e1ria de 360 horas para as aulas presenciais e 90 para elabora\u00e7\u00e3o de um artigo cient\u00edfico. Podem se inscrever alunos oriundos dos cursos de Letras (Licenciatura\/Bacharelado) e Bachar\u00e9is em Turismo e \u00e1reas afins, que s\u00e3o Pedagogia, Hist\u00f3ria, Geografia e Ci\u00eancias Sociais.<\/span><\/p>\n<p data-raofz=\"16\">O Curso \u00e9 gratuito e oferece 35 (trinta e cinco) vagas, distribu\u00eddas entre as tr\u00eas linhas de pesquisa do Programa:<\/p>\n<p data-raofz=\"16\">1) Turismo, Literatura e Cultura<\/p>\n<p data-raofz=\"16\">2) Contextualiza\u00e7\u00e3o do patrim\u00f4nio hist\u00f3rico e cultural ou an\u00e1lise de obra liter\u00e1ria<\/p>\n<p data-raofz=\"16\">3) Literatura e Ensino<\/p>\n<p data-raofz=\"16\"><span style=\"font-size: 14pt\"><strong>Coordenador: Prof. Dr. Wellington Medeiros de Ara\u00fajo &#8211; <a href=\"https:\/\/sigaa.uern.br\/sigaa\/public\/docente\/portal.jsf?siape=3339\">Sigaa<\/a><\/strong><\/span><\/p>\n<p>&nbsp;<\/p>\n<p data-raofz=\"16\">\n","protected":false},"excerpt":{"rendered":"<p>O Curso de Especializa\u00e7\u00e3o em Turismo, Literatura e Cultura (ESTULIC) tem carga hor\u00e1ria de 360 horas para as aulas presenciais e 90 para elabora\u00e7\u00e3o de um artigo cient\u00edfico. Podem se inscrever alunos oriundos dos cursos de Letras (Licenciatura\/Bacharelado) e Bachar\u00e9is em Turismo e \u00e1reas afins, que s\u00e3o Pedagogia, Hist\u00f3ria, Geografia e Ci\u00eancias Sociais. O Curso [&hellip;]<\/p>\n","protected":false},"author":7,"featured_media":0,"parent":0,"menu_order":0,"comment_status":"closed","ping_status":"closed","template":"","meta":{"footnotes":""},"class_list":["post-918","page","type-page","status-publish","hentry"],"_links":{"self":[{"href":"https:\/\/portal.uern.br\/natal\/turismo\/wp-json\/wp\/v2\/pages\/918","targetHints":{"allow":["GET"]}}],"collection":[{"href":"https:\/\/portal.uern.br\/natal\/turismo\/wp-json\/wp\/v2\/pages"}],"about":[{"href":"https:\/\/portal.uern.br\/natal\/turismo\/wp-json\/wp\/v2\/types\/page"}],"author":[{"embeddable":true,"href":"https:\/\/portal.uern.br\/natal\/turismo\/wp-json\/wp\/v2\/users\/7"}],"replies":[{"embeddable":true,"href":"https:\/\/portal.uern.br\/natal\/turismo\/wp-json\/wp\/v2\/comments?post=918"}],"version-history":[{"count":2,"href":"https:\/\/portal.uern.br\/natal\/turismo\/wp-json\/wp\/v2\/pages\/918\/revisions"}],"predecessor-version":[{"id":932,"href":"https:\/\/portal.uern.br\/natal\/turismo\/wp-json\/wp\/v2\/pages\/918\/revisions\/932"}],"wp:attachment":[{"href":"https:\/\/portal.uern.br\/natal\/turismo\/wp-json\/wp\/v2\/media?parent=918"}],"curies":[{"name":"wp","href":"https:\/\/api.w.org\/{rel}","templated":true}]}}