{"id":916,"date":"2023-11-05T16:13:46","date_gmt":"2023-11-05T19:13:46","guid":{"rendered":"https:\/\/portal.uern.br\/natal\/turismo\/?page_id=916"},"modified":"2023-11-05T16:45:50","modified_gmt":"2023-11-05T19:45:50","slug":"administracao-hoteleira","status":"publish","type":"page","link":"https:\/\/portal.uern.br\/natal\/turismo\/administracao-hoteleira\/","title":{"rendered":"Administra\u00e7\u00e3o Hoteleira"},"content":{"rendered":"<p><span style=\"font-size: 14pt\">A p\u00f3s-gradua\u00e7\u00e3o em Administra\u00e7\u00e3o Hoteleira tem como prop\u00f3sito oferecer aprimoramento profissional na \u00e1rea de turismo e hotelaria. Podem se inscrever interessados com diploma de gradua\u00e7\u00e3o em qualquer curso superior, devidamente reconhecido pelo MEC e\/ou revalidado no Brasil (caso tenha sido obtido no exterior).<\/span><\/p>\n<p><span style=\"font-size: 14pt\">O curso<\/span><span style=\"font-size: 14pt\">\u00a0tem dura\u00e7\u00e3o de 18 meses e \u00e9 totalmente gratuito.<\/span><\/p>\n<p><span style=\"font-size: 14pt\"><strong>Coordenador: Prof. Dr. Breno Fernando Tinoco Cabral &#8211; <a href=\"https:\/\/sigaa.uern.br\/sigaa\/public\/docente\/portal.jsf?siape=3403\">Sigaa<\/a><\/strong><\/span><\/p>\n<p>&nbsp;<\/p>\n<p><img fetchpriority=\"high\" decoding=\"async\" class=\"wp-image-927 aligncenter\" src=\"https:\/\/portal.uern.br\/natal\/turismo\/wp-content\/uploads\/sites\/11\/2023\/11\/Captura-de-tela-2023-11-05-162542-300x232.png\" alt=\"\" width=\"667\" height=\"516\" srcset=\"https:\/\/portal.uern.br\/natal\/turismo\/wp-content\/uploads\/sites\/11\/2023\/11\/Captura-de-tela-2023-11-05-162542-300x232.png 300w, https:\/\/portal.uern.br\/natal\/turismo\/wp-content\/uploads\/sites\/11\/2023\/11\/Captura-de-tela-2023-11-05-162542-768x594.png 768w, https:\/\/portal.uern.br\/natal\/turismo\/wp-content\/uploads\/sites\/11\/2023\/11\/Captura-de-tela-2023-11-05-162542.png 959w\" sizes=\"(max-width: 667px) 100vw, 667px\" \/><\/p>\n<p>&nbsp;<\/p>\n<p>&nbsp;<\/p>\n","protected":false},"excerpt":{"rendered":"<p>A p\u00f3s-gradua\u00e7\u00e3o em Administra\u00e7\u00e3o Hoteleira tem como prop\u00f3sito oferecer aprimoramento profissional na \u00e1rea de turismo e hotelaria. Podem se inscrever interessados com diploma de gradua\u00e7\u00e3o em qualquer curso superior, devidamente reconhecido pelo MEC e\/ou revalidado no Brasil (caso tenha sido obtido no exterior). O curso\u00a0tem dura\u00e7\u00e3o de 18 meses e \u00e9 totalmente gratuito. Coordenador: Prof. [&hellip;]<\/p>\n","protected":false},"author":7,"featured_media":0,"parent":0,"menu_order":0,"comment_status":"closed","ping_status":"closed","template":"","meta":{"footnotes":""},"class_list":["post-916","page","type-page","status-publish","hentry"],"_links":{"self":[{"href":"https:\/\/portal.uern.br\/natal\/turismo\/wp-json\/wp\/v2\/pages\/916","targetHints":{"allow":["GET"]}}],"collection":[{"href":"https:\/\/portal.uern.br\/natal\/turismo\/wp-json\/wp\/v2\/pages"}],"about":[{"href":"https:\/\/portal.uern.br\/natal\/turismo\/wp-json\/wp\/v2\/types\/page"}],"author":[{"embeddable":true,"href":"https:\/\/portal.uern.br\/natal\/turismo\/wp-json\/wp\/v2\/users\/7"}],"replies":[{"embeddable":true,"href":"https:\/\/portal.uern.br\/natal\/turismo\/wp-json\/wp\/v2\/comments?post=916"}],"version-history":[{"count":7,"href":"https:\/\/portal.uern.br\/natal\/turismo\/wp-json\/wp\/v2\/pages\/916\/revisions"}],"predecessor-version":[{"id":935,"href":"https:\/\/portal.uern.br\/natal\/turismo\/wp-json\/wp\/v2\/pages\/916\/revisions\/935"}],"wp:attachment":[{"href":"https:\/\/portal.uern.br\/natal\/turismo\/wp-json\/wp\/v2\/media?parent=916"}],"curies":[{"name":"wp","href":"https:\/\/api.w.org\/{rel}","templated":true}]}}