{"id":894,"date":"2023-11-05T16:05:38","date_gmt":"2023-11-05T19:05:38","guid":{"rendered":"https:\/\/portal.uern.br\/natal\/turismo\/?page_id=894"},"modified":"2024-04-24T19:23:43","modified_gmt":"2024-04-24T22:23:43","slug":"estagio","status":"publish","type":"page","link":"https:\/\/portal.uern.br\/natal\/turismo\/estagio\/","title":{"rendered":"Est\u00e1gio"},"content":{"rendered":"<h5><strong>EST\u00c1GIO CURRICULAR<\/strong><\/h5>\n<p align=\"justify\">Prezado(a)s aluno(a)s, Os alunos no quinto per\u00edodo do curso de Turismo devem cumprir a carga hor\u00e1ria de 150 horas para a disciplina Est\u00e1gio Curricular Supervisionado I neste semestre, e mais 150 horas para a disciplina Est\u00e1gio Curricular Supervisionado II, no pr\u00f3ximo semestre letivo.<\/p>\n<p align=\"justify\">Neste semestre em Est\u00e1gio Curricular Supervisionado I dever\u00e3o desempenhar as seguintes atividades: conhecimento da realidade do campo de est\u00e1gio. Aplica\u00e7\u00e3o dos conhecimentos te\u00f3ricos com vistas a elabora\u00e7\u00e3o de um diagn\u00f3stico da Estrutura Organizacional Administrativa de uma empresa.<\/p>\n<p>No pr\u00f3ximo semestre em Est\u00e1gio Curricular Supervisionado II dever\u00e3o desempenhar as seguintes atividades: direcionamento das atividades para o desenvolvimento de uma pr\u00e1tica administrativa na \u00e1rea espec\u00edfica de interesse do aluno.<\/p>\n<p>O aluno estagi\u00e1rio poder\u00e1 realizar seu Est\u00e1gio Curricular Supervisionado I e II nas seguintes macro \u00e1reas: a) Ag\u00eancias de Viagens; b) Hospitalidade; c) Transportes; d) Alimentos e bebidas; e) Eventos; f) Lazer; g) Planejamento; h) Consultoria; i) Marketing; j) Patrim\u00f3nio Hist\u00f3rico; l) Educa\u00e7\u00e3o; m) Meio ambiente; n) Cultura.<\/p>\n<p>No Est\u00e1gio Curricular Supervisionado I as 150 horas de est\u00e1gio devem estar divididas nas macro \u00e1reas acima destacadas. Constitue-se 12h para cada macro \u00e1rea.<\/p>\n<p>No Est\u00e1gio Supervisionado II as 150 horas de est\u00e1gio ser\u00e3o concentradas em apenas uma das treze macro \u00e1reas espec\u00edfica de interesse do aluno.<\/p>\n<p>Exemplos de atua\u00e7\u00e3o profissional de um(a) turism\u00f3logo(a):<a href=\"https:\/\/portal.uern.br\/natal\/turismo\/o-turismologo\/\"> CLIQUE AQUI<\/a><\/p>\n<p>Abaixo, cap\u00edtulos que normatizam o Est\u00e1gio Curricular Supervisionado no Projeto Pol\u00edtico Pedag\u00f3gico do Curso de Turismo.<\/p>\n<p><strong>CAP\u00cdTULO III<\/strong><br \/>\n<strong>DO CAMPO DE EST\u00c1GIO<\/strong><\/p>\n<p><strong>Art. 9\u00b0<\/strong>\u00a0Os Est\u00e1gios Curriculares Supervisionados I e II ser\u00e3o realizados junto a entidades voltadas para a \u00e1rea de turismo e afins, de direito p\u00fablico e privado, bem como as que comp\u00f5em o Terceiro Setor, exigindo-se a celebra\u00e7\u00e3o de Termo de Compromisso de Est\u00e1gio \u2013 TCE.<\/p>\n<p><strong>Art. 10\u00b0<\/strong>\u00a0Os Est\u00e1gios Curriculares Supervisionados I e II ser\u00e3o realizados respeitando a estrutura curricular do curso e os campos de atua\u00e7\u00e3o.<\/p>\n<p><strong>Art. 11\u00b0<\/strong>\u00a0O aluno estagi\u00e1rio poder\u00e1 realizar seu Est\u00e1gio Curricular Supervisionado I e II nas seguintes macro \u00e1reas:<\/p>\n<p>a) Ag\u00eancias de Viagens;<br \/>\nb) Hospitalidade;<br \/>\nc) Transportes;<br \/>\nd) Alimentos e Bebidas;<br \/>\ne) Eventos;<br \/>\nf) Lazer;<br \/>\ng) Planejamento;<br \/>\nh) Consultoria;<br \/>\ni) Marketing;<br \/>\nj) Patrim\u00f4nio Hist\u00f3rico;<br \/>\nl) Educa\u00e7\u00e3o,<br \/>\nm) Meio Ambiente;<br \/>\nn) Cultura.<\/p>\n<p><strong>CAP\u00cdTULO IV<\/strong><br \/>\n<strong>DA COORDENA\u00c7\u00c3O, ORIENTA\u00c7\u00c3O E SUPERVIS\u00c3O DE EST\u00c1GIO<\/strong><\/p>\n<p><strong>Art. 12\u00b0<\/strong>\u00a0Entende-se por Coordena\u00e7\u00e3o de Est\u00e1gio Curricular Supervisionado, a atividade destinada a planejar, acompanhar e orientar o estudante, de forma a garantir a consecu\u00e7\u00e3o dos objetivos estabelecidos neste regulamento.<br \/>\nPar\u00e1grafo \u00danico: A Coordena\u00e7\u00e3o ser\u00e1 exercida por docente do Curso de Turismo, eleito pelo Colegiado do Curso de Turismo.<\/p>\n<p><strong>Art. 13\u00b0<\/strong>\u00a0\u00c9 compet\u00eancia do Coordenador de Est\u00e1gio Curricular Supervisionado:<br \/>\nI. Coordenar as atividades dos Est\u00e1gios Curriculares Supervisionados I e II\u037e<br \/>\nII. Indicar para o setor competente da Universidade as entidades da \u00e1rea de turismo, visando \u00e0 obten\u00e7\u00e3o de oferta de est\u00e1gios\u037e<br \/>\nIII. Divulgar as ofertas de est\u00e1gios aos estudantes do curso\u037e<br \/>\nIV. Enviar, ao setor competente da Universidade, a rela\u00e7\u00e3o das Institui\u00e7\u00f5es para efeito de celebra\u00e7\u00e3o de Instrumentos de Conv\u00eanios e Termos de Compromisso de Est\u00e1gio\u037e<br \/>\nV. Elaborar e entregar ao estudante estagi\u00e1rio, no in\u00edcio do semestre letivo, as instru\u00e7\u00f5es gerais de realiza\u00e7\u00e3o dos Est\u00e1gios Curriculares Supervisionados I e II, orientando-os quanto ao preenchimento e aos prazos de entrega dos formul\u00e1rios, projeto e relat\u00f3rio final\u037e<br \/>\nVI. Acompanhar e orientar as atividades desenvolvidas nos campos de est\u00e1gio, ao longo de todo o processo, em paralelo ao supervisor de campo da empresa estagiada e ao Orientador\u037e<br \/>\nVII. Acompanhar e orientar, por meio de visitas aos campos de est\u00e1gio, em casos excepcionais\u037e<br \/>\nVIII. Identificar e solucionar problemas existentes nos Est\u00e1gios Curriculares Supervisionados I e II\u037e<br \/>\nIX. Analisar os formul\u00e1rios preenchidos pelo estudante estagi\u00e1rio e pelo supervisor de campo da empresa estagiada\u037e<br \/>\nX. Propor medidas com a finalidade de aperfei\u00e7oar o processo dos Est\u00e1gios Curriculares Supervisionados I e II.<\/p>\n<p><strong>Art. 14\u00b0<\/strong>\u00a0\u00c9 de compet\u00eancia do Orientador dos Est\u00e1gios Curriculares Supervisionados I e II:<br \/>\nI.Orientar o estudante estagi\u00e1rio na elabora\u00e7\u00e3o do Plano de Est\u00e1gio\u037e<br \/>\nII.Acompanhar e orientar por meio de visitas os alunos que estiverem sob sua orienta\u00e7\u00e3o;<br \/>\nIII.Orientar o estudante estagi\u00e1rio na elabora\u00e7\u00e3o do Relat\u00f3rio Final de Est\u00e1gio\u037e<br \/>\nIV.Orientar e acompanhar o estudante estagi\u00e1rio na elabora\u00e7\u00e3o do material a ser apresentado no Semin\u00e1rio de Est\u00e1gio.<\/p>\n<p><strong>Art. 15\u00b0<\/strong>\u00a0\u00c9 de compet\u00eancia do Supervisor de Campo dos Est\u00e1gios Curriculares Supervisionados I e II:<br \/>\nI. Disponibilizar vaga para a realiza\u00e7\u00e3o do est\u00e1gio curricular\u037e<br \/>\nII. Fornecer dados da empresa para elabora\u00e7\u00e3o do Instrumento de Conv\u00eanio e do Termo de Compromisso de Est\u00e1gio\u037e<br \/>\nIII. Acompanhar e orientar o estudante estagi\u00e1rio em campo\u037e<br \/>\nIV. Fornecer informa\u00e7\u00f5es ao docente orientador de est\u00e1gio quanto \u00e0 atua\u00e7\u00e3o e aproveitamento do estudante estagi\u00e1rio em campo, no decorrer da realiza\u00e7\u00e3o do est\u00e1gio\u037e<br \/>\nV. Preencher e encaminhar os formul\u00e1rios solicitados pelo docente Coordenador de est\u00e1gio.<\/p>\n<p><strong>DOCUMENTOS DO DO EST\u00c1GIO CURRICULAR SUPERVISIONADO I e II<\/strong><\/p>\n<ol>\n<li>Resolu\u00e7\u00e3o N\u00ba 15\/2017 \u2013 CONSEPE (<a href=\"http:\/\/www.uern.br\/controledepaginas\/depto-turismo-campo-estagio\/arquivos\/1335resolua%C2%A7a%C2%A3o_na_15_2017_consepe_aprova_o_regulamento_de_estagio_curricular_supervisionado_nao_obrigatorio.pdf\">BAIXE AQUI<\/a>)<\/li>\n<li>Lei Federal N\u00ba 11778\/2008 (<a href=\"http:\/\/www.uern.br\/controledepaginas\/depto-turismo-campo-estagio\/arquivos\/1335lei_de_estagio_federal.pdf\">BAIXE AQUI<\/a>)<\/li>\n<li>Recomenda\u00e7\u00f5es Acerca Do Est\u00e1gio N\u00e3o Obrigat\u00f3rio (<a href=\"http:\/\/www.uern.br\/controledepaginas\/depto-turismo-campo-estagio\/arquivos\/1335recomendaa%E2%80%A1a%E2%80%A2es_acerca_do_estagio_na%C6%92o_obrigata%E2%80%9Crio.pdf\">BAIXE AQUI<\/a>)<\/li>\n<li>Formul\u00e1rio De Avalia\u00e7\u00e3o Das Instala\u00e7\u00f5es Da Concedente De Est\u00e1gio (<a href=\"http:\/\/www.uern.br\/controledepaginas\/depto-turismo-campo-estagio\/arquivos\/1335formula%C2%81rio_avaliaa%E2%80%A1a%C6%92o_das_instalaa%E2%80%A1a%E2%80%A2es_da_concedente_estagio.pdf\">BAIXE AQUI<\/a>)<\/li>\n<li>Relat\u00f3rio Das Atividades Do Est\u00e1gio Supervisionado Curricular N\u00e3o Obrigat\u00f3rio (<a href=\"http:\/\/www.uern.br\/controledepaginas\/depto-turismo-campo-estagio\/arquivos\/1335modelo_de_relatorio_estagio_nao_obrigatorio_dae_uern_novo.pdf\">BAIXE AQUI<\/a>)<\/li>\n<\/ol>\n<p><strong>DOCUMENTOS DE EST\u00c1GIO OBRIGAT\u00d3RIO DO ALUNO<\/strong><\/p>\n<h6><strong>EST\u00c1GIO I<\/strong><\/h6>\n<p><a href=\"http:\/\/natal.uern.br\/turismo\/wp-content\/uploads\/2019\/07\/1-TCE-EST%C3%81GIO-SUPERVISIONADO.pdf\">1 TCE EST\u00c1GIO SUPERVISIONADO<\/a><br \/>\n<a href=\"http:\/\/natal.uern.br\/turismo\/wp-content\/uploads\/2019\/07\/2-FICHA-PARA-TCE-EST%C3%81GIO-1.pdf\">2 FICHA PARA TCE EST\u00c1GIO<\/a><br \/>\n<a href=\"http:\/\/natal.uern.br\/turismo\/wp-content\/uploads\/2019\/07\/3-DI%C3%81RIO-DE-CAMPO-EST%C3%81GIO-1.pdf\">3 DI\u00c1RIO DE CAMPO EST\u00c1GIO<\/a><br \/>\n<a href=\"http:\/\/natal.uern.br\/turismo\/wp-content\/uploads\/2019\/07\/4-CONTROLE-FREQUENCIA-EST%C3%81GIO-1.pdf\">4 CONTROLE FREQU\u00caNCIA EST\u00c1GIO<\/a><br \/>\n<a href=\"http:\/\/natal.uern.br\/turismo\/wp-content\/uploads\/2019\/07\/5-PLANO-DE-EST%C3%81GIO-MODELO-1.pdf\">5 PLANO DE EST\u00c1GIO MODELO<\/a><br \/>\n<a href=\"http:\/\/natal.uern.br\/turismo\/wp-content\/uploads\/2019\/07\/6-AVALIA%C3%87%C3%83O-DE-EST%C3%81GIO-EMPRESA-ORG%C3%83O-1.pdf\">6 AVALIA\u00c7\u00c3O DE EST\u00c1GIO EMPRESA \u00d3RG\u00c3O<\/a><br \/>\n<a href=\"http:\/\/natal.uern.br\/turismo\/wp-content\/uploads\/2019\/07\/7-AVALIA%C3%87%C3%83O-DISCENTE-EST%C3%81GIO-1.pdf\">7 AVALIA\u00c7\u00c3O DISCENTE EST\u00c1GIO<\/a><\/p>\n<h6><strong>EST\u00c1GIO II<\/strong><\/h6>\n<p><a href=\"http:\/\/natal.uern.br\/turismo\/wp-content\/uploads\/2019\/07\/1-MODELO-RELATORIO-DE-ESTAGIO.pdf\">1 MODELO RELAT\u00d3RIO DE EST\u00c1GIO<\/a><br \/>\n<a href=\"http:\/\/natal.uern.br\/turismo\/wp-content\/uploads\/2019\/07\/2-FICHA-PARA-TCE-EST%C3%81GIO.pdf\">2 FICHA PARA TCE EST\u00c1GIO<\/a><br \/>\n<a href=\"http:\/\/natal.uern.br\/turismo\/wp-content\/uploads\/2019\/07\/3-DI%C3%81RIO-DE-CAMPO-EST%C3%81GIO.pdf\">3 DI\u00c1RIO DE CAMPO EST\u00c1GIO<\/a><br \/>\n<a href=\"http:\/\/natal.uern.br\/turismo\/wp-content\/uploads\/2019\/07\/4-CONTROLE-FREQUENCIA-EST%C3%81GIO.pdf\">4 CONTROLE FREQU\u00caNCIA EST\u00c1GIO<\/a><br \/>\n<a href=\"http:\/\/natal.uern.br\/turismo\/wp-content\/uploads\/2019\/07\/5-PLANO-DE-EST%C3%81GIO-MODELO.pdf\">5 PLANO DE EST\u00c1GIO MODELO<\/a><br \/>\n<a href=\"http:\/\/natal.uern.br\/turismo\/wp-content\/uploads\/2019\/07\/6-AVALIA%C3%87%C3%83O-DE-EST%C3%81GIO-EMPRESA-ORG%C3%83O.pdf\">6 AVALIA\u00c7\u00c3O DE EST\u00c1GIO EMPRESA \u00d3RG\u00c3O<\/a><br \/>\n<a href=\"http:\/\/natal.uern.br\/turismo\/wp-content\/uploads\/2019\/07\/7-AVALIA%C3%87%C3%83O-DISCENTE-EST%C3%81GIO.pdf\">7 AVALIA\u00c7\u00c3O DISCENTE EST\u00c1GIO<\/a><\/p>\n","protected":false},"excerpt":{"rendered":"<p>EST\u00c1GIO CURRICULAR Prezado(a)s aluno(a)s, Os alunos no quinto per\u00edodo do curso de Turismo devem cumprir a carga hor\u00e1ria de 150 horas para a disciplina Est\u00e1gio Curricular Supervisionado I neste semestre, e mais 150 horas para a disciplina Est\u00e1gio Curricular Supervisionado II, no pr\u00f3ximo semestre letivo. Neste semestre em Est\u00e1gio Curricular Supervisionado I dever\u00e3o desempenhar as [&hellip;]<\/p>\n","protected":false},"author":7,"featured_media":0,"parent":0,"menu_order":0,"comment_status":"closed","ping_status":"closed","template":"","meta":{"footnotes":""},"class_list":["post-894","page","type-page","status-publish","hentry"],"_links":{"self":[{"href":"https:\/\/portal.uern.br\/natal\/turismo\/wp-json\/wp\/v2\/pages\/894","targetHints":{"allow":["GET"]}}],"collection":[{"href":"https:\/\/portal.uern.br\/natal\/turismo\/wp-json\/wp\/v2\/pages"}],"about":[{"href":"https:\/\/portal.uern.br\/natal\/turismo\/wp-json\/wp\/v2\/types\/page"}],"author":[{"embeddable":true,"href":"https:\/\/portal.uern.br\/natal\/turismo\/wp-json\/wp\/v2\/users\/7"}],"replies":[{"embeddable":true,"href":"https:\/\/portal.uern.br\/natal\/turismo\/wp-json\/wp\/v2\/comments?post=894"}],"version-history":[{"count":4,"href":"https:\/\/portal.uern.br\/natal\/turismo\/wp-json\/wp\/v2\/pages\/894\/revisions"}],"predecessor-version":[{"id":1212,"href":"https:\/\/portal.uern.br\/natal\/turismo\/wp-json\/wp\/v2\/pages\/894\/revisions\/1212"}],"wp:attachment":[{"href":"https:\/\/portal.uern.br\/natal\/turismo\/wp-json\/wp\/v2\/media?parent=894"}],"curies":[{"name":"wp","href":"https:\/\/api.w.org\/{rel}","templated":true}]}}