{"id":892,"date":"2023-11-05T16:05:14","date_gmt":"2023-11-05T19:05:14","guid":{"rendered":"https:\/\/portal.uern.br\/natal\/turismo\/?page_id=892"},"modified":"2025-08-15T23:59:31","modified_gmt":"2025-08-16T02:59:31","slug":"orientacao-academica","status":"publish","type":"page","link":"https:\/\/portal.uern.br\/natal\/turismo\/orientacao-academica\/","title":{"rendered":"Orienta\u00e7\u00e3o acad\u00eamica"},"content":{"rendered":"<p><strong>PROF. DR. MARCO ANTONIO CAVALCANTI DA ROCHA JUNIOR<\/strong><br \/>\nDep. Turismo do Campus de Natal<br \/>\nCurr\u00edculo Lattes:\u00a0<a href=\"http:\/\/lattes.cnpq.br\/9329916943340880\" target=\"_blank\" rel=\"noopener\">9329916943340880<\/a><br \/>\nE-mail:<a href=\"mailto:marcorocha@uern.br\">marcorocha@uern.br<\/a><br \/>\n<a href=\"https:\/\/sigaa.uern.br\/sigaa\/public\/docente\/portal.jsf?siape=3655\">Pagina Sigaa<\/a><\/p>\n","protected":false},"excerpt":{"rendered":"<p>PROF. DR. MARCO ANTONIO CAVALCANTI DA ROCHA JUNIOR Dep. Turismo do Campus de Natal Curr\u00edculo Lattes:\u00a09329916943340880 E-mail:marcorocha@uern.br Pagina Sigaa<\/p>\n","protected":false},"author":7,"featured_media":0,"parent":0,"menu_order":0,"comment_status":"closed","ping_status":"closed","template":"","meta":{"footnotes":""},"class_list":["post-892","page","type-page","status-publish","hentry"],"_links":{"self":[{"href":"https:\/\/portal.uern.br\/natal\/turismo\/wp-json\/wp\/v2\/pages\/892","targetHints":{"allow":["GET"]}}],"collection":[{"href":"https:\/\/portal.uern.br\/natal\/turismo\/wp-json\/wp\/v2\/pages"}],"about":[{"href":"https:\/\/portal.uern.br\/natal\/turismo\/wp-json\/wp\/v2\/types\/page"}],"author":[{"embeddable":true,"href":"https:\/\/portal.uern.br\/natal\/turismo\/wp-json\/wp\/v2\/users\/7"}],"replies":[{"embeddable":true,"href":"https:\/\/portal.uern.br\/natal\/turismo\/wp-json\/wp\/v2\/comments?post=892"}],"version-history":[{"count":2,"href":"https:\/\/portal.uern.br\/natal\/turismo\/wp-json\/wp\/v2\/pages\/892\/revisions"}],"predecessor-version":[{"id":1500,"href":"https:\/\/portal.uern.br\/natal\/turismo\/wp-json\/wp\/v2\/pages\/892\/revisions\/1500"}],"wp:attachment":[{"href":"https:\/\/portal.uern.br\/natal\/turismo\/wp-json\/wp\/v2\/media?parent=892"}],"curies":[{"name":"wp","href":"https:\/\/api.w.org\/{rel}","templated":true}]}}