{"id":830,"date":"2023-11-02T22:10:21","date_gmt":"2023-11-03T01:10:21","guid":{"rendered":"https:\/\/portal.uern.br\/natal\/turismo\/?page_id=830"},"modified":"2025-07-31T14:24:13","modified_gmt":"2025-07-31T17:24:13","slug":"extensao","status":"publish","type":"page","link":"https:\/\/portal.uern.br\/natal\/turismo\/extensao\/","title":{"rendered":"EXTENS\u00c3O"},"content":{"rendered":"<p class=\"cvGsUA direction-ltr align-start para-style-body\"><strong><span class=\"OYPEnA font-feature-liga-off font-feature-clig-off font-feature-calt-off text-decoration-none text-strikethrough-none\">Projetos de Extens\u00e3o &#8211; 12 projetos aprovados para 2025:<\/span><\/strong><\/p>\n<p class=\"cvGsUA direction-ltr align-start para-style-body\"><strong><span class=\"OYPEnA font-feature-liga-off font-feature-clig-off font-feature-calt-off text-decoration-none text-strikethrough-none\">XVII ACAMPATUR 2025\u00a0<\/span><\/strong><\/p>\n<ul>\n<li>Coordenado pelo professor <strong data-start=\"1217\" data-end=\"1236\">J\u00e2nio Fernandes<\/strong> , o projeto desenvolve, desde 2004, a\u00e7\u00f5es socioeducativas para a promo\u00e7\u00e3o da consci\u00eancia ambiental. Inclui escrit\u00f3rios, palestras e viv\u00eancias pr\u00e1ticas que abordam sustentabilidade e consumo respons\u00e1vel, envolvendo a comunidade acad\u00eamica e a sociedade.<\/li>\n<\/ul>\n<p class=\"cvGsUA direction-ltr align-start para-style-body\"><strong><span class=\"OYPEnA font-feature-liga-off font-feature-clig-off font-feature-calt-off text-decoration-none text-strikethrough-none\">3\u00aa Edi\u00e7\u00e3o do Atelier de Criatividade, Inova\u00e7\u00e3o e Sustentabilidade\u00a0<\/span><\/strong><\/p>\n<ul>\n<li>Coordenado pelo professor <strong data-start=\"112\" data-end=\"131\">J\u00e2nio Fernandes<\/strong> , o projeto busca cultivo a criatividade e inova\u00e7\u00e3o na confec\u00e7\u00e3o de pe\u00e7as utilit\u00e1rias, decorativas e cenogr\u00e1ficas a partir de materiais reciclados. Al\u00e9m de promover a sustentabilidade, o projeto visa estimular o empreendedorismo social e coletivo.<\/li>\n<\/ul>\n<p class=\"cvGsUA direction-ltr align-start para-style-body\"><strong><span class=\"OYPEnA font-feature-liga-off font-feature-clig-off font-feature-calt-off text-decoration-none text-strikethrough-none\">Jardim Sensorial\u00a0<\/span><\/strong><\/p>\n<ul>\n<li>Coordenado pela professora <strong data-start=\"1600\" data-end=\"1636\">Jarileide Cipriano da Silva Nasi<\/strong> , o projeto consiste na cria\u00e7\u00e3o de um espa\u00e7o interativo e educativo no Complexo Cultural da UERN (CCUERN). A proposta busca estimular os sentidos dos visitantes, promover a inclus\u00e3o social e valorizar a biodiversidade potiguar\u200b.<\/li>\n<\/ul>\n<p class=\"cvGsUA direction-ltr align-start para-style-body\"><strong><span class=\"OYPEnA font-feature-liga-off font-feature-clig-off font-feature-calt-off text-decoration-none text-strikethrough-none\">Georoteiros\u00a0<\/span><\/strong><\/p>\n<ul>\n<li>Coordenado pela professora <strong data-start=\"463\" data-end=\"483\">Silvana Praxedes<\/strong> , utiliza o Instagram (@geo_roteiros) para divulgar roteiros de turismo de experi\u00eancia na regi\u00e3o das Serras do Agreste Potiguar. O projeto promove o eco-geoturismo, capacita comunidades locais e busca fortalecer a economia sustent\u00e1vel atrav\u00e9s da valoriza\u00e7\u00e3o cultural e ambiental.<\/li>\n<\/ul>\n<p class=\"cvGsUA direction-ltr align-start para-style-body\"><strong><span class=\"OYPEnA font-feature-liga-off font-feature-clig-off font-feature-calt-off text-decoration-none text-strikethrough-none\">OPOTUR: Conectando hist\u00f3rias e destinos\u00a0<\/span><\/strong><\/p>\n<ul>\n<li>Coordenado pelo professor <strong data-start=\"872\" data-end=\"892\">Sidcley Alegrini<\/strong> , o projeto est\u00e1 vinculado ao Observat\u00f3rio Potiguar de Inova\u00e7\u00e3o do Turismo e foca na produ\u00e7\u00e3o de materiais audiovisuais para a valoriza\u00e7\u00e3o da mem\u00f3ria e hist\u00f3ria do Rio Grande do Norte, alinhado aos Objetivos de Desenvolvimento Sustent\u00e1vel (ODS)<\/li>\n<\/ul>\n<p class=\"cvGsUA direction-ltr align-start para-style-body\"><strong><span class=\"OYPEnA font-feature-liga-off font-feature-clig-off font-feature-calt-off text-decoration-none text-strikethrough-none\">Turismo e Educa\u00e7\u00e3o na Fazenda<\/span><\/strong><\/p>\n<ul>\n<li>Coordenado por <strong data-start=\"1963\" data-end=\"1983\">Mar\u00edlia Medeiros<\/strong> , o projeto proporciona visitas pedag\u00f3gicas \u00e0 Fazenda Caju, em Cear\u00e1-Mirim\/RN, onde estudantes vivenciam a produ\u00e7\u00e3o agr\u00edcola e a vida no campo. A a\u00e7\u00e3o refor\u00e7a a conex\u00e3o entre educa\u00e7\u00e3o e turismo, funcionando como um laborat\u00f3rio de aprendizagem pr\u00e1tico.<\/li>\n<\/ul>\n<p>&nbsp;<\/p>\n<p class=\"cvGsUA direction-ltr align-start para-style-body\"><span class=\"OYPEnA font-feature-liga-off font-feature-clig-off font-feature-calt-off text-decoration-none text-strikethrough-none\">Entrela\u00e7os culturais: registros liter\u00e1rios e fotogr\u00e1ficos\u00a0<\/span><\/p>\n<p class=\"cvGsUA direction-ltr align-start para-style-body\"><span class=\"OYPEnA font-feature-liga-off font-feature-clig-off font-feature-calt-off text-decoration-none text-strikethrough-none\">Extensarte do RN: ciclo de palestras\u00a0<\/span><\/p>\n<p class=\"cvGsUA direction-ltr align-start para-style-body\"><span class=\"OYPEnA font-feature-liga-off font-feature-clig-off font-feature-calt-off text-decoration-none text-strikethrough-none\">Exposi\u00e7\u00e3o Parceiros do Mar\u00a0<\/span><\/p>\n<p class=\"cvGsUA direction-ltr align-start para-style-body\"><span class=\"OYPEnA font-feature-liga-off font-feature-clig-off font-feature-calt-off text-decoration-none text-strikethrough-none\">Memorial do Imagin\u00e1rio Potiguar\u00a0<\/span><\/p>\n<p class=\"cvGsUA direction-ltr align-start para-style-body\"><span class=\"OYPEnA font-feature-liga-off font-feature-clig-off font-feature-calt-off text-decoration-none text-strikethrough-none\">Projeto de Pesquisa e Monitoramento da Biodiversidade e Conserva\u00e7\u00e3o Marinha do Rio Grande do Norte: Projeto Cet\u00e1ceos da Costa Branca-UERN\u00a0<\/span><\/p>\n<p class=\"cvGsUA direction-ltr align-start para-style-body\">\u00a0<span class=\"OYPEnA font-feature-liga-off font-feature-clig-off font-feature-calt-off text-decoration-none text-strikethrough-none\">Projeto Golfinho Rotador-Fernando de Noronha: Pesquisa, Monitoramento e Sustentabilidade do Turismo em Fernando de Noronha\u00a0<\/span><\/p>\n<p><span class=\"OYPEnA font-feature-liga-off font-feature-clig-off font-feature-calt-off text-decoration-none text-strikethrough-none\">Nas Trilhas de Rio do Fogo\u00a0<\/span><\/p>\n","protected":false},"excerpt":{"rendered":"<p>Projetos de Extens\u00e3o &#8211; 12 projetos aprovados para 2025: XVII ACAMPATUR 2025\u00a0 Coordenado pelo professor J\u00e2nio Fernandes , o projeto desenvolve, desde 2004, a\u00e7\u00f5es socioeducativas para a promo\u00e7\u00e3o da consci\u00eancia ambiental. Inclui escrit\u00f3rios, palestras e viv\u00eancias pr\u00e1ticas que abordam sustentabilidade e consumo respons\u00e1vel, envolvendo a comunidade acad\u00eamica e a sociedade. 3\u00aa Edi\u00e7\u00e3o do Atelier de [&hellip;]<\/p>\n","protected":false},"author":7,"featured_media":0,"parent":0,"menu_order":0,"comment_status":"closed","ping_status":"closed","template":"","meta":{"footnotes":""},"class_list":["post-830","page","type-page","status-publish","hentry"],"_links":{"self":[{"href":"https:\/\/portal.uern.br\/natal\/turismo\/wp-json\/wp\/v2\/pages\/830","targetHints":{"allow":["GET"]}}],"collection":[{"href":"https:\/\/portal.uern.br\/natal\/turismo\/wp-json\/wp\/v2\/pages"}],"about":[{"href":"https:\/\/portal.uern.br\/natal\/turismo\/wp-json\/wp\/v2\/types\/page"}],"author":[{"embeddable":true,"href":"https:\/\/portal.uern.br\/natal\/turismo\/wp-json\/wp\/v2\/users\/7"}],"replies":[{"embeddable":true,"href":"https:\/\/portal.uern.br\/natal\/turismo\/wp-json\/wp\/v2\/comments?post=830"}],"version-history":[{"count":7,"href":"https:\/\/portal.uern.br\/natal\/turismo\/wp-json\/wp\/v2\/pages\/830\/revisions"}],"predecessor-version":[{"id":1493,"href":"https:\/\/portal.uern.br\/natal\/turismo\/wp-json\/wp\/v2\/pages\/830\/revisions\/1493"}],"wp:attachment":[{"href":"https:\/\/portal.uern.br\/natal\/turismo\/wp-json\/wp\/v2\/media?parent=830"}],"curies":[{"name":"wp","href":"https:\/\/api.w.org\/{rel}","templated":true}]}}