{"id":826,"date":"2023-11-02T22:09:47","date_gmt":"2023-11-03T01:09:47","guid":{"rendered":"https:\/\/portal.uern.br\/natal\/turismo\/?page_id=826"},"modified":"2025-02-18T13:27:11","modified_gmt":"2025-02-18T16:27:11","slug":"ensino","status":"publish","type":"page","link":"https:\/\/portal.uern.br\/natal\/turismo\/ensino\/","title":{"rendered":"ENSINO"},"content":{"rendered":"<p>O ensino superior, ap\u00f3s a conclus\u00e3o da educa\u00e7\u00e3o b\u00e1sica (compreendendo a educa\u00e7\u00e3o infantil, o ensino fundamental e o ensino m\u00e9dio), tem como finalidade o desenvolvimento de compet\u00eancias e aquisi\u00e7\u00e3o de conhecimento especializado em uma \u00e1rea de escolha, preparando os estudantes para futuras carreiras.<\/p>\n<p>N\u00edveis da educa\u00e7\u00e3o superior<\/p>\n<p><strong>A Gradua\u00e7\u00e3o<\/strong> constitui a primeira etapa do ensino superior e inclui v\u00e1rias modalidades:<\/p>\n<p>1. <strong>Bacharelado:<\/strong> o tipo mais comum, que capacita profissionais para ingressar no mercado de trabalho em suas \u00e1reas de estudo.<br \/>\n2. Licenciatura: focada na forma\u00e7\u00e3o de professores, preparando-os para a educa\u00e7\u00e3o.<br \/>\n3. Tecn\u00f3logo: oferece cursos mais curtos, direcionados a atender demandas espec\u00edficas do mercado.<\/p>\n<p><strong>A P\u00f3s-Gradua\u00e7\u00e3o<\/strong> representa a continua\u00e7\u00e3o dos estudos ap\u00f3s a gradua\u00e7\u00e3o, com \u00eanfase em especializa\u00e7\u00e3o em uma \u00e1rea espec\u00edfica. Ela se subdivide da seguinte forma:<\/p>\n<p>1. Mestrado: um programa de p\u00f3s-gradua\u00e7\u00e3o stricto sensu, com dura\u00e7\u00e3o m\u00e9dia de 2 anos, que se concentra em aprofundar conhecimentos cient\u00edficos, com um foco especial na forma\u00e7\u00e3o de professores e pesquisadores universit\u00e1rios, conferindo o t\u00edtulo de mestre aos graduados.<br \/>\n2. Doutorado: um programa de dura\u00e7\u00e3o de 4 a 5 anos, destinado a uma pesquisa aprofundada em uma \u00e1rea espec\u00edfica. A conclus\u00e3o deste n\u00edvel de estudo confere o t\u00edtulo de doutor aos graduados.<br \/>\n3. P\u00f3s-Doutorado: segue o doutorado e se concentra em pesquisas mais pr\u00e1ticas, com uma dura\u00e7\u00e3o vari\u00e1vel.<br \/>\n4. <strong>Lato Sensu: cursos de especializa\u00e7\u00e3o<\/strong> projetados para atualizar e aprofundar os conhecimentos profissionais.<br \/>\n5. MBA (Master in Business Administration): cursos de forma\u00e7\u00e3o em administra\u00e7\u00e3o e gest\u00e3o de neg\u00f3cios.<\/p>\n<p>O curso de turismo possui diversos cursos de ensino superior. No ano de 2008, o curso promoveu sua primeira p\u00f3s-gradua\u00e7\u00e3o (Especializa\u00e7\u00e3o em Gastronomia), em parceria com o Hotel Escola SENAC Barreira Rocha. Atualmente conta com dois cursos de p\u00f3s-gradua\u00e7\u00e3o (Especializa\u00e7\u00e3o em Administra\u00e7\u00e3o Hoteleira \u2013 aprovado pela Resolu\u00e7\u00e3o n\u00ba 072\/2020 \u2013 CONSEPE; e Especializa\u00e7\u00e3o em Turismo, Literatura e Cultura \u2013 aprovado pela Resolu\u00e7\u00e3o no. 028-2021-CONSEPE).<\/p>\n<p>Apresenta-se, atualmente, com um corpo docente formado por 17 (dezessete) professores\/as, sendo 1 (um) p\u00f3s-doutor, 11 (onze) doutores\/as, 4 (quatro) mestres\/as e 1 (uma) especialista. O curso promove, al\u00e9m da gradua\u00e7\u00e3o em Turismo, 2 (dois) cursos de Especializa\u00e7\u00e3o, 6 (seis) Projetos de Pesquisa e 23 (vinte e tr\u00eas) Projetos de Extens\u00e3o.<\/p>\n<p>Adicionalmente, professores\/as do curso coordenam e participando Observat\u00f3rio do Turismo do Rio Grande do Norte \u2013 Opotur, o qual, em parceria com o Governo do Estado do Rio Grande do Norte e a Fecomercio, desenvolve pesquisas de grande import\u00e2ncia para o planejamento da atividade tur\u00edstica no estado.<\/p>\n<p>Por fim, o curso mant\u00e9m a Incubadora Catavento, a qual, em parceria com o Sebrae\/RN, desempenha papel fundamental na assessoria para o desenvolvimento de neg\u00f3cios de impacto social.<\/p>\n","protected":false},"excerpt":{"rendered":"<p>O ensino superior, ap\u00f3s a conclus\u00e3o da educa\u00e7\u00e3o b\u00e1sica (compreendendo a educa\u00e7\u00e3o infantil, o ensino fundamental e o ensino m\u00e9dio), tem como finalidade o desenvolvimento de compet\u00eancias e aquisi\u00e7\u00e3o de conhecimento especializado em uma \u00e1rea de escolha, preparando os estudantes para futuras carreiras. N\u00edveis da educa\u00e7\u00e3o superior A Gradua\u00e7\u00e3o constitui a primeira etapa do ensino [&hellip;]<\/p>\n","protected":false},"author":7,"featured_media":0,"parent":0,"menu_order":0,"comment_status":"closed","ping_status":"closed","template":"","meta":{"footnotes":""},"class_list":["post-826","page","type-page","status-publish","hentry"],"_links":{"self":[{"href":"https:\/\/portal.uern.br\/natal\/turismo\/wp-json\/wp\/v2\/pages\/826","targetHints":{"allow":["GET"]}}],"collection":[{"href":"https:\/\/portal.uern.br\/natal\/turismo\/wp-json\/wp\/v2\/pages"}],"about":[{"href":"https:\/\/portal.uern.br\/natal\/turismo\/wp-json\/wp\/v2\/types\/page"}],"author":[{"embeddable":true,"href":"https:\/\/portal.uern.br\/natal\/turismo\/wp-json\/wp\/v2\/users\/7"}],"replies":[{"embeddable":true,"href":"https:\/\/portal.uern.br\/natal\/turismo\/wp-json\/wp\/v2\/comments?post=826"}],"version-history":[{"count":7,"href":"https:\/\/portal.uern.br\/natal\/turismo\/wp-json\/wp\/v2\/pages\/826\/revisions"}],"predecessor-version":[{"id":1464,"href":"https:\/\/portal.uern.br\/natal\/turismo\/wp-json\/wp\/v2\/pages\/826\/revisions\/1464"}],"wp:attachment":[{"href":"https:\/\/portal.uern.br\/natal\/turismo\/wp-json\/wp\/v2\/media?parent=826"}],"curies":[{"name":"wp","href":"https:\/\/api.w.org\/{rel}","templated":true}]}}