{"id":286,"date":"2023-02-05T21:31:02","date_gmt":"2023-02-06T00:31:02","guid":{"rendered":"http:\/\/beta.apps.uern.br\/wordpress\/natal\/turismo\/?page_id=286"},"modified":"2025-02-18T13:24:03","modified_gmt":"2025-02-18T16:24:03","slug":"apresentacao","status":"publish","type":"page","link":"https:\/\/portal.uern.br\/natal\/turismo\/","title":{"rendered":"APRESENTA\u00c7\u00c3O"},"content":{"rendered":"<h5><span style=\"font-size: 18pt\"><strong><img fetchpriority=\"high\" decoding=\"async\" class=\"wp-image-1279 aligncenter\" src=\"https:\/\/portal.uern.br\/natal\/turismo\/wp-content\/uploads\/sites\/11\/2024\/05\/Ponte-nova-300x111.png\" alt=\"\" width=\"849\" height=\"314\" srcset=\"https:\/\/portal.uern.br\/natal\/turismo\/wp-content\/uploads\/sites\/11\/2024\/05\/Ponte-nova-300x111.png 300w, https:\/\/portal.uern.br\/natal\/turismo\/wp-content\/uploads\/sites\/11\/2024\/05\/Ponte-nova-768x284.png 768w, https:\/\/portal.uern.br\/natal\/turismo\/wp-content\/uploads\/sites\/11\/2024\/05\/Ponte-nova.png 851w\" sizes=\"(max-width: 849px) 100vw, 849px\" \/><\/strong><\/span><\/h5>\n<h5><span style=\"font-size: 18pt\"><strong>Curso de Turismo | Bacharelado e Especializa\u00e7\u00e3o<\/strong><\/span><\/h5>\n<p><span style=\"font-size: 14pt\"><strong>Bem-vindos a p\u00e1gina do Departamento de Turismo da Universidade do Estado do Rio Grande do Norte, <\/strong><strong>Campus Avan\u00e7ado de Natal &#8211; CAN<\/strong><\/span><\/p>\n<p>Ela oferece informa\u00e7\u00f5es sobre o curso, equipe, atividades de ensino, pesquisa e extens\u00e3o desenvolvidas para a comunidade. Al\u00e9m disso, fornece acesso a estrutura curricular, documentos diversos, calend\u00e1rio acad\u00eamico e regulamento de cursos.<\/p>\n<p><span style=\"font-size: 14pt\"><strong>O curso:<\/strong><\/span><\/p>\n<p>Criado em 27 de junho de 2002<\/p>\n<blockquote>\n<p style=\"text-align: left\">A Universidade do Estado do Rio Grande do Norte (UERN) vem solidificando sua posi\u00e7\u00e3o como uma institui\u00e7\u00e3o de ensino superior, adaptando-se \u00e0s necessidades da sociedade contempor\u00e2nea e oferecendo cursos de elevada qualidade. Em 2002, o Campus de Natal (CAN) foi estabelecido, juntamente com o curso de Turismo e outros tr\u00eas programas acad\u00eamicos. Ap\u00f3s passar por algumas sedes provis\u00f3rias, o campus final foi inaugurado em 2022.<\/p>\n<p style=\"text-align: left\">Desde sua cria\u00e7\u00e3o, o curso de Turismo tem sido um valioso recurso para atender \u00e0s demandas locais e obteve classifica\u00e7\u00f5es excepcionais no ENADE, alcan\u00e7ando em 2023 a maior nota entre os cursos de turismo do estado do Rio Grande do Norte. Al\u00e9m disso, o curso oferece programas de p\u00f3s-gradua\u00e7\u00e3o, pesquisa e extens\u00e3o, e desempenha um papel colaborativo essencial com o Observat\u00f3rio Potiguar do Turismo (Opotur), bem como o Projeto Cet\u00e1ceos da Costa Branca (PCCB), que celebra em 2023, 25 anos de monitoramento de praias na Bacia Potiguar (RN\/CE). O curso tamb\u00e9m mant\u00e9m a Incubadora Catavento, que desempenha um papel fundamental no apoio ao desenvolvimento de neg\u00f3cios de impacto social.<\/p>\n<p style=\"text-align: left\">Dessa forma, o curso de Turismo desempenha um papel crucial na forma\u00e7\u00e3o de profissionais do setor e contribui de maneira significativa para o enriquecimento da comunidade da zona norte de Natal.<\/p>\n<\/blockquote>\n<p><span style=\"font-size: 14pt\"><strong>Dados sobre o curso:<\/strong><\/span><\/p>\n<p>Carga hor\u00e1ria total: <strong>3000<\/strong><br \/>\nTempo m\u00e9dio de integraliza\u00e7\u00e3o curricular: <strong>4 anos<\/strong><br \/>\nTempo m\u00e1ximo de integraliza\u00e7\u00e3o curricular: <strong>6 anos<\/strong><br \/>\nN\u00famero de vagas por semestre\/ano: <strong>40<\/strong><br \/>\nTurno de funcionamento: <strong>Noturno<\/strong><br \/>\nSistema: <strong>cr\u00e9ditos com matr\u00edcula semestral<\/strong><br \/>\nForma de Ingresso no Curso: <strong>Exame Nacional do Ensino M\u00e9dio (ENEM), Vagas<\/strong><br \/>\n<strong>n\u00e3o iniciais e Transfer\u00eancia <em>exofficio<\/em><\/strong><br \/>\nConceito da \u00faltima avalia\u00e7\u00e3o do Conselho Estadual de Educa\u00e7\u00e3o:<strong> 4<\/strong><\/p>\n<p><span style=\"font-size: 14pt\"><strong>Objetivo do Curso:<\/strong><\/span><\/p>\n<p>Objetivo Geral<\/p>\n<p>Formar Bachar\u00e9is aptos a planejar, analisar e gerir o Turismo.<\/p>\n<p>Objetivos Espec\u00edficos<\/p>\n<p>Desenvolver, a partir de um referencial te\u00f3rico conceitual, habilidades para o exerc\u00edcio da profiss\u00e3o.<br \/>\nPromover a percep\u00e7\u00e3o pol\u00edtica, sociocultural e ambiental necess\u00e1ria ao profissional do Turismo.<br \/>\nDesenvolver habilidades para atua\u00e7\u00e3o no ensino, pesquisa e extens\u00e3o, nas diversas \u00e1reas do Turismo.<br \/>\nDesenvolver habilidades t\u00e9cnicas e de neg\u00f3cios para gest\u00e3o e planejamento do Turismo.<\/p>\n<p><span style=\"font-size: 14pt\"><strong>Campo de Atua\u00e7\u00e3o Profissional:<\/strong><\/span><\/p>\n<p>O bacharel em Turismo \u00e9 um profissional capacitado para <span class=\"il\">atuar<\/span>\u00a0na Gest\u00e3o e Planejamento do Turismo como:<\/p>\n<ul>\n<li>Hospitalidade e lazer;<\/li>\n<li>Agenciamento e transportes;<\/li>\n<li>Administra\u00e7\u00e3o de eventos;<\/li>\n<li>Turismo e Meio Ambiente.<\/li>\n<\/ul>\n<p>\u00c1reas de hospitalidade como:<\/p>\n<ul>\n<li>Gastronomia;<\/li>\n<li>Enoturismo;<\/li>\n<li>Marketing;<\/li>\n<li>Cruzeiros mar\u00edtimos;<\/li>\n<li>Hospitais, cl\u00ednicas e SPAS (hotelaria hospitalar);<\/li>\n<li>Consultoria tur\u00edstica e hoteleira, e;<\/li>\n<li>\u00d3rg\u00e3os p\u00fablicos de turismo. Os quais constituem <span class=\"il\">campos<\/span>\u00a0em expans\u00e3o para a atividade profissional.<\/li>\n<\/ul>\n<p>Al\u00e9m disso, este profissional dever\u00e1 ter habilidades e compet\u00eancias nas rela\u00e7\u00f5es humanas, devendo estar apto a: assumir cargos de assessoria, consultoria e empreendedorismo; <span class=\"il\">atuar<\/span> como agente multiplicador, planejar e implantar unidades gerenciais<\/p>\n","protected":false},"excerpt":{"rendered":"<p>Curso de Turismo | Bacharelado e Especializa\u00e7\u00e3o Bem-vindos a p\u00e1gina do Departamento de Turismo da Universidade do Estado do Rio Grande do Norte, Campus Avan\u00e7ado de Natal &#8211; CAN Ela oferece informa\u00e7\u00f5es sobre o curso, equipe, atividades de ensino, pesquisa e extens\u00e3o desenvolvidas para a comunidade. Al\u00e9m disso, fornece acesso a estrutura curricular, documentos diversos, [&hellip;]<\/p>\n","protected":false},"author":1,"featured_media":0,"parent":0,"menu_order":0,"comment_status":"closed","ping_status":"closed","template":"","meta":{"footnotes":""},"class_list":["post-286","page","type-page","status-publish","hentry"],"_links":{"self":[{"href":"https:\/\/portal.uern.br\/natal\/turismo\/wp-json\/wp\/v2\/pages\/286","targetHints":{"allow":["GET"]}}],"collection":[{"href":"https:\/\/portal.uern.br\/natal\/turismo\/wp-json\/wp\/v2\/pages"}],"about":[{"href":"https:\/\/portal.uern.br\/natal\/turismo\/wp-json\/wp\/v2\/types\/page"}],"author":[{"embeddable":true,"href":"https:\/\/portal.uern.br\/natal\/turismo\/wp-json\/wp\/v2\/users\/1"}],"replies":[{"embeddable":true,"href":"https:\/\/portal.uern.br\/natal\/turismo\/wp-json\/wp\/v2\/comments?post=286"}],"version-history":[{"count":25,"href":"https:\/\/portal.uern.br\/natal\/turismo\/wp-json\/wp\/v2\/pages\/286\/revisions"}],"predecessor-version":[{"id":1460,"href":"https:\/\/portal.uern.br\/natal\/turismo\/wp-json\/wp\/v2\/pages\/286\/revisions\/1460"}],"wp:attachment":[{"href":"https:\/\/portal.uern.br\/natal\/turismo\/wp-json\/wp\/v2\/media?parent=286"}],"curies":[{"name":"wp","href":"https:\/\/api.w.org\/{rel}","templated":true}]}}