{"id":1163,"date":"2024-04-23T15:23:54","date_gmt":"2024-04-23T18:23:54","guid":{"rendered":"https:\/\/portal.uern.br\/natal\/turismo\/?page_id=1163"},"modified":"2025-02-18T13:17:11","modified_gmt":"2025-02-18T16:17:11","slug":"nucleo-de-eventos","status":"publish","type":"page","link":"https:\/\/portal.uern.br\/natal\/turismo\/nucleo-de-eventos\/","title":{"rendered":"N\u00daCLEO DE EVENTOS"},"content":{"rendered":"<p><span style=\"color: #000080\"><strong>COORDENADOR(A)<\/strong><\/span><br \/>\nTatiana Moritz<\/p>\n<p><span style=\"color: #000080\"><strong>RESUMO DA A\u00c7\u00c3O<\/strong><\/span><\/p>\n<p>O Projeto Laborat\u00f3rio do N\u00facleo de Eventos da Universidade do Estado do Rio Grande do Norte, criado desde 2007 com sede no Campus Natal e atua\u00e7\u00e3o volunt\u00e1ria de discentes, se destina a oportunizar, prioritariamente, os alunos do Curso de Turismo da Institui\u00e7\u00e3o, estabelecendo a Disciplina de Planejamento e Organiza\u00e7\u00e3o de Eventos como pr\u00e9-requisito. Interessados em desenvolver os conhecimentos te\u00f3rico-pr\u00e1ticos pertinentes ao segmento de eventos, este projeto abre oportunidade para o desenvolvimento de habilidades pr\u00e1ticas, laboratoriais e de auxilio a comunidade interna e externa desenvolvendo sua forma\u00e7\u00e3o profissional e cidad\u00e3, suprindo uma necessidade interna da Universidade no setor de Extens\u00e3o e nas atividades do Curso de Turismo, al\u00e9m disso, contempla projetos interdisciplinares da Institui\u00e7\u00e3o com alunos dos demais cursos existentes, bem como, o ambiente prop\u00edcio vem transformando-se em desenvolvimento de Pesquisas e projetos na \u00e1rea de eventos.<\/p>\n<p><span style=\"color: #000080\"><strong>P\u00daBLICO-ALVO<\/strong><\/span><\/p>\n<p>O p\u00fablico alvo da a\u00e7\u00e3o \u00e9 diverso e pode variar conforme a demanda, entretanto tem-se um p\u00fablico inicialmente definido: Alunos do Curso de Turismo do Campus de Natal; Institui\u00e7\u00f5es P\u00fablicas e Privadas; Cursos do Campus de Natal e demais setores da UERN. Comunidade em geral.<\/p>\n","protected":false},"excerpt":{"rendered":"<p>COORDENADOR(A) Tatiana Moritz RESUMO DA A\u00c7\u00c3O O Projeto Laborat\u00f3rio do N\u00facleo de Eventos da Universidade do Estado do Rio Grande do Norte, criado desde 2007 com sede no Campus Natal e atua\u00e7\u00e3o volunt\u00e1ria de discentes, se destina a oportunizar, prioritariamente, os alunos do Curso de Turismo da Institui\u00e7\u00e3o, estabelecendo a Disciplina de Planejamento e Organiza\u00e7\u00e3o [&hellip;]<\/p>\n","protected":false},"author":7,"featured_media":0,"parent":0,"menu_order":0,"comment_status":"closed","ping_status":"closed","template":"","meta":{"footnotes":""},"class_list":["post-1163","page","type-page","status-publish","hentry"],"_links":{"self":[{"href":"https:\/\/portal.uern.br\/natal\/turismo\/wp-json\/wp\/v2\/pages\/1163","targetHints":{"allow":["GET"]}}],"collection":[{"href":"https:\/\/portal.uern.br\/natal\/turismo\/wp-json\/wp\/v2\/pages"}],"about":[{"href":"https:\/\/portal.uern.br\/natal\/turismo\/wp-json\/wp\/v2\/types\/page"}],"author":[{"embeddable":true,"href":"https:\/\/portal.uern.br\/natal\/turismo\/wp-json\/wp\/v2\/users\/7"}],"replies":[{"embeddable":true,"href":"https:\/\/portal.uern.br\/natal\/turismo\/wp-json\/wp\/v2\/comments?post=1163"}],"version-history":[{"count":2,"href":"https:\/\/portal.uern.br\/natal\/turismo\/wp-json\/wp\/v2\/pages\/1163\/revisions"}],"predecessor-version":[{"id":1459,"href":"https:\/\/portal.uern.br\/natal\/turismo\/wp-json\/wp\/v2\/pages\/1163\/revisions\/1459"}],"wp:attachment":[{"href":"https:\/\/portal.uern.br\/natal\/turismo\/wp-json\/wp\/v2\/media?parent=1163"}],"curies":[{"name":"wp","href":"https:\/\/api.w.org\/{rel}","templated":true}]}}