{"id":1108,"date":"2024-04-18T19:59:45","date_gmt":"2024-04-18T22:59:45","guid":{"rendered":"https:\/\/portal.uern.br\/natal\/turismo\/?page_id=1108"},"modified":"2024-04-25T17:13:54","modified_gmt":"2024-04-25T20:13:54","slug":"documentos-2","status":"publish","type":"page","link":"https:\/\/portal.uern.br\/natal\/turismo\/documentos-2\/","title":{"rendered":"Documentos do TCC"},"content":{"rendered":"<div class=\"elementor-element elementor-element-1931e5b6 elementor-widget elementor-widget-theme-post-title elementor-page-title elementor-widget-heading\" data-id=\"1931e5b6\" data-element_type=\"widget\" data-widget_type=\"theme-post-title.default\">\n<div class=\"elementor-widget-container\">\n<h1 class=\"elementor-heading-title elementor-size-default\"><strong style=\"color: #000000;font-size: 16px\">REGULAMENTO DO TRABALHO DE CONCLUS\u00c3O DE CURSO (TCC) DO<\/strong><\/h1>\n<\/div>\n<\/div>\n<div class=\"elementor-element elementor-element-802cb61 elementor-widget elementor-widget-theme-post-content\" data-id=\"802cb61\" data-element_type=\"widget\" data-widget_type=\"theme-post-content.default\">\n<div class=\"elementor-widget-container\">\n<p><span style=\"color: #000000\"><strong>CURSO DE TURISMO DA UNIVERSIDADE DO ESTADO DO RIO GRANDE<\/strong><\/span><br \/>\n<span style=\"color: #000000\"><strong>DO NORTE \u2013 UERN.<\/strong><\/span><\/p>\n<p><span style=\"color: #000000\"><strong>HABILITA\u00c7\u00c3O \u2013 BACHARELADO<\/strong><\/span><br \/>\n<span style=\"color: #000000\">T\u00cdTULO \u2013 I<\/span><\/p>\n<p><span style=\"color: #000000\">TRABALHO DE CONCLUS\u00c3O DO CURSO DE TURISMO<\/span><br \/>\n<span style=\"color: #000000\">Cap\u00edtulo I<\/span><br \/>\n<span style=\"color: #000000\">NATUREZA DO TRABALHO DE CONCLUS\u00c3O DO BACHARELADO<\/span><br \/>\n<span style=\"color: #000000\">EM TURISMO<\/span><\/p>\n<p align=\"justify\"><span style=\"color: #000000\">Art. 1\u00ba O Trabalho de Conclus\u00e3o do Curso de Turismo \u2013 Habilita\u00e7\u00e3o Bacharelado, ser\u00e1 um trabalho individual do aluno formando e apresentado sob a forma de monografia. Consistir\u00e1 em atividade acad\u00eamica curricular obrigat\u00f3ria e versar\u00e1 sobre aspectos nas \u00e1reas tem\u00e1ticas de Turismo, com finalidade de avaliar o desempenho do aluno (a), tendo em vista a perspectiva geral do Curso de Turismo.<\/span><br \/>\n<span style=\"color: #000000\">\u00a7 1\u00b0 O trabalho de Conclus\u00e3o do Curso de Turismo consistir\u00e1 em dois momentos: as disciplinas Semin\u00e1rio de Monografia I e Semin\u00e1rio de Monografia II.<\/span><br \/>\n<span style=\"color: #000000\">\u00a7 2\u00b0 Para matricular-se na disciplina de Semin\u00e1rio de Monografia I, o aluno dever\u00e1 ter conclu\u00eddo, com aproveitamento, todas as disciplinas at\u00e9 o 6 per\u00edodo.<\/span><br \/>\n<span style=\"color: #000000\">\u00a7 3\u00b0 Para matricular-se na disciplina de Semin\u00e1rio de Monografia II, o aluno dever\u00e1 ter conclu\u00eddo, com aproveitamento, todas as disciplinas at\u00e9 o 6 per\u00edodo e o Semin\u00e1rio de Monografia II. O aluno dever\u00e1 elaborar no Semin\u00e1rio de Monografia I, ofertado no 7\u00b0 per\u00edodo, um projeto de pesquisa visando inseri-lo no tema e nos processos acad\u00eamicos por ele elegidos. No semin\u00e1rio de Monografia II (8\u00ba per\u00edodo), o aluno dever\u00e1 apresentar a sua monografia, podendo esta ser nos formatos de an\u00e1lise te\u00f3rica ou an\u00e1lise te\u00f3rica- emp\u00edrica.<\/span><br \/>\n<span style=\"color: #000000\">\u00a7 4\u00b0 O Trabalho de Conclus\u00e3o de Curso, de que trata o caput, resultar\u00e1 de um estudo sob a orienta\u00e7\u00e3o de um professor do Departamento de Turismo.<\/span><br \/>\n<span style=\"color: #000000\">\u00a7 5\u00b0 O Trabalho de Conclus\u00e3o de Curso poder\u00e1 ser orientado por docente n\u00e3o pertencente ao Departamento de Turismo, desde que esta orienta\u00e7\u00e3o seja aprovada pelo Colegiado do Curso de Turismo.<\/span><\/p>\n<p><span style=\"color: #000000\"><strong>Cap\u00edtulo II<\/strong><\/span><br \/>\n<span style=\"color: #000000\"><strong>OBJETIVOS<\/strong><\/span><\/p>\n<p align=\"justify\"><span style=\"color: #000000\">Art. 2\u00ba O Trabalho de Conclus\u00e3o do Curso de Turismo atende os seguintes objetivos:<\/span><br \/>\n<span style=\"color: #000000\">I. Planejar, incentivar, conduzir e concluir um projeto de pesquisa;<\/span><br \/>\n<span style=\"color: #000000\">II. Estudar a literatura cient\u00edfica e t\u00e9cnica diretamente relacionada ao tema<\/span><br \/>\n<span style=\"color: #000000\">do projeto de pesquisa referente ao Trabalho de Conclus\u00e3o de Curso;<\/span><br \/>\n<span style=\"color: #000000\">III. Utilizar os conceitos adquiridos durante o curso na resolu\u00e7\u00e3o do problema do projeto de pesquisa, levando o aluno a correlacionar e aprofundar os conhecimentos te\u00f3rico-pr\u00e1ticos adquiridos no Curso;<\/span><br \/>\n<span style=\"color: #000000\">IV. Capacitar o aluno para a elabora\u00e7\u00e3o de estudos;<\/span><br \/>\n<span style=\"color: #000000\">V. Propiciar ao aluno o contato com o processo de investiga\u00e7\u00e3o;<\/span><br \/>\n<span style=\"color: #000000\">VI. Contribuir para o enriquecimento das diferentes linhas de estudo de Turismo, estimulando a pesquisa cient\u00edfica articulada \u00e0s necessidades da comunidade local, nacional e internacional;<\/span><br \/>\n<span style=\"color: #000000\">VII. Elaborar monografia dentro das normas t\u00e9cnicas da Associa\u00e7\u00e3o Brasileira de Normas T\u00e9cnicas \u2013 ABNT.<\/span><\/p>\n<p><span style=\"color: #000000\"><a style=\"color: #000000\" href=\"http:\/\/natal.uern.br\/turismo\/wp-content\/uploads\/2019\/07\/Regulamento-do-Trabalho-de-Conclus%C3%A3o-de-Curso-Turismo-UERN.pdf\">Regulamento do Trabalho de Conclus\u00e3o de Curso -Turismo <span style=\"color: #000000\">UERN<\/span><\/a><\/span><\/p>\n<p><span style=\"color: #000000\"><strong>DOCUMENTOS DE MONOGRAFIA\u00a0<\/strong><\/span><\/p>\n<p><a href=\"http:\/\/natal.uern.br\/turismo\/wp-content\/uploads\/2019\/07\/1-Manual-de-Monografia.pdf\">1 Manual de Monografia<\/a><br \/>\n<a href=\"http:\/\/natal.uern.br\/turismo\/wp-content\/uploads\/2019\/07\/2-Termo-de-Compromisso-Monografia-I.pdf\">2 Termo de Compromisso Monografia I<\/a><br \/>\n<a href=\"http:\/\/natal.uern.br\/turismo\/wp-content\/uploads\/2019\/07\/3-Ficha-de-acompanhamento-de-orienta%C3%A7%C3%A3o.pdf\">3 Ficha de acompanhamento de orienta\u00e7\u00e3o<\/a><br \/>\n<a href=\"http:\/\/natal.uern.br\/turismo\/wp-content\/uploads\/2019\/07\/4-Elementos-do-Projeto-de-Monografia.pdf\">4 Elementos do Projeto de Monografia<\/a><br \/>\n<a href=\"http:\/\/natal.uern.br\/turismo\/wp-content\/uploads\/2019\/07\/5-Capa-e-folha-de-rosto-MODELO.pdf\">5 Capa e folha de rosto \u2013 MODELO<\/a><br \/>\n<a href=\"http:\/\/natal.uern.br\/turismo\/wp-content\/uploads\/2019\/07\/6-Folha-de-aprova%C3%A7%C3%A3o-Monografia-I-e-II.pdf\">6 Folha de aprova\u00e7\u00e3o Monografia I e II<\/a><br \/>\n<a href=\"http:\/\/natal.uern.br\/turismo\/wp-content\/uploads\/2019\/07\/7-Instrumentos-de-defesas-de-Monografia-I.pdf\">7 Instrumentos de defesas de Monografia I<\/a><\/p>\n<\/div>\n<\/div>\n","protected":false},"excerpt":{"rendered":"<p>REGULAMENTO DO TRABALHO DE CONCLUS\u00c3O DE CURSO (TCC) DO CURSO DE TURISMO DA UNIVERSIDADE DO ESTADO DO RIO GRANDE DO NORTE \u2013 UERN. HABILITA\u00c7\u00c3O \u2013 BACHARELADO T\u00cdTULO \u2013 I TRABALHO DE CONCLUS\u00c3O DO CURSO DE TURISMO Cap\u00edtulo I NATUREZA DO TRABALHO DE CONCLUS\u00c3O DO BACHARELADO EM TURISMO Art. 1\u00ba O Trabalho de Conclus\u00e3o do Curso [&hellip;]<\/p>\n","protected":false},"author":7,"featured_media":0,"parent":0,"menu_order":0,"comment_status":"closed","ping_status":"closed","template":"","meta":{"footnotes":""},"class_list":["post-1108","page","type-page","status-publish","hentry"],"_links":{"self":[{"href":"https:\/\/portal.uern.br\/natal\/turismo\/wp-json\/wp\/v2\/pages\/1108","targetHints":{"allow":["GET"]}}],"collection":[{"href":"https:\/\/portal.uern.br\/natal\/turismo\/wp-json\/wp\/v2\/pages"}],"about":[{"href":"https:\/\/portal.uern.br\/natal\/turismo\/wp-json\/wp\/v2\/types\/page"}],"author":[{"embeddable":true,"href":"https:\/\/portal.uern.br\/natal\/turismo\/wp-json\/wp\/v2\/users\/7"}],"replies":[{"embeddable":true,"href":"https:\/\/portal.uern.br\/natal\/turismo\/wp-json\/wp\/v2\/comments?post=1108"}],"version-history":[{"count":4,"href":"https:\/\/portal.uern.br\/natal\/turismo\/wp-json\/wp\/v2\/pages\/1108\/revisions"}],"predecessor-version":[{"id":1222,"href":"https:\/\/portal.uern.br\/natal\/turismo\/wp-json\/wp\/v2\/pages\/1108\/revisions\/1222"}],"wp:attachment":[{"href":"https:\/\/portal.uern.br\/natal\/turismo\/wp-json\/wp\/v2\/media?parent=1108"}],"curies":[{"name":"wp","href":"https:\/\/api.w.org\/{rel}","templated":true}]}}