{"id":1099,"date":"2024-04-18T19:41:12","date_gmt":"2024-04-18T22:41:12","guid":{"rendered":"https:\/\/portal.uern.br\/natal\/turismo\/?page_id=1099"},"modified":"2024-04-18T19:47:58","modified_gmt":"2024-04-18T22:47:58","slug":"ca-centro-academico","status":"publish","type":"page","link":"https:\/\/portal.uern.br\/natal\/turismo\/ca-centro-academico\/","title":{"rendered":"CA (Centro Acad\u00eamico)"},"content":{"rendered":"<p><img fetchpriority=\"high\" decoding=\"async\" class=\"wp-image-1100 aligncenter\" src=\"https:\/\/portal.uern.br\/natal\/turismo\/wp-content\/uploads\/sites\/11\/2024\/04\/CA-300x111.png\" alt=\"\" width=\"899\" height=\"333\" srcset=\"https:\/\/portal.uern.br\/natal\/turismo\/wp-content\/uploads\/sites\/11\/2024\/04\/CA-300x111.png 300w, https:\/\/portal.uern.br\/natal\/turismo\/wp-content\/uploads\/sites\/11\/2024\/04\/CA-768x284.png 768w, https:\/\/portal.uern.br\/natal\/turismo\/wp-content\/uploads\/sites\/11\/2024\/04\/CA.png 851w\" sizes=\"(max-width: 899px) 100vw, 899px\" \/><\/p>\n<p><span style=\"color: #000080\"><strong>CA (CENTRO <\/strong><strong>ACAD\u00ca<\/strong><strong>MICO)<\/strong><\/span><\/p>\n<p>\u00c9 a entidade que re\u00fane os alunos de um determinado curso ou um departamento da universidade, para representar seus interesses, suas ideias, solucionar problemas e reivindicar os direitos dos estudantes. A dire\u00e7\u00e3o do CA \u00e9 escolhida por meio de elei\u00e7\u00f5es peri\u00f3dicas, entre chapas de alunos daquele curso. Representam os cursos das universidades nas UEEs e na UNE.<\/p>\n<p><strong>REPRESENTA\u00c7\u00c3O EXECUTIVA 2019<\/strong><\/p>\n<p><strong>Presidente<\/strong><br \/>\nJucielio Domingos De A. Lima<\/p>\n<p><strong>Vice-Presidente<\/strong><br \/>\nMonike Evelyn L. De Siqueira<\/p>\n<p><strong>Rep. de Comunica\u00e7\u00e3o e Imagem<\/strong><br \/>\nAlex Allyson Freitas Da Silva<\/p>\n<p><strong>Rep. de Eventos Culturais<\/strong><br \/>\nFrancielen Letice De S. Silva<\/p>\n<p><strong>Rep. de Eventos Esportivos<\/strong><br \/>\nIgor Matheus Nascimento De Souza<\/p>\n<p><strong>Rep. de Tesouraria<\/strong><br \/>\nAlice Carvalho De Castro<\/p>\n<p><strong>Rep. de Assuntos Acad\u00eamicos<\/strong><br \/>\nFernanda Gomes De Freitas<\/p>\n<p><strong>E-mail:<\/strong>\u00a0caturismouern@outlook.com<br \/>\n<strong>Instagram<\/strong>:@catuern<\/p>\n","protected":false},"excerpt":{"rendered":"<p>CA (CENTRO ACAD\u00caMICO) \u00c9 a entidade que re\u00fane os alunos de um determinado curso ou um departamento da universidade, para representar seus interesses, suas ideias, solucionar problemas e reivindicar os direitos dos estudantes. A dire\u00e7\u00e3o do CA \u00e9 escolhida por meio de elei\u00e7\u00f5es peri\u00f3dicas, entre chapas de alunos daquele curso. Representam os cursos das universidades [&hellip;]<\/p>\n","protected":false},"author":7,"featured_media":0,"parent":0,"menu_order":0,"comment_status":"closed","ping_status":"closed","template":"","meta":{"footnotes":""},"class_list":["post-1099","page","type-page","status-publish","hentry"],"_links":{"self":[{"href":"https:\/\/portal.uern.br\/natal\/turismo\/wp-json\/wp\/v2\/pages\/1099","targetHints":{"allow":["GET"]}}],"collection":[{"href":"https:\/\/portal.uern.br\/natal\/turismo\/wp-json\/wp\/v2\/pages"}],"about":[{"href":"https:\/\/portal.uern.br\/natal\/turismo\/wp-json\/wp\/v2\/types\/page"}],"author":[{"embeddable":true,"href":"https:\/\/portal.uern.br\/natal\/turismo\/wp-json\/wp\/v2\/users\/7"}],"replies":[{"embeddable":true,"href":"https:\/\/portal.uern.br\/natal\/turismo\/wp-json\/wp\/v2\/comments?post=1099"}],"version-history":[{"count":2,"href":"https:\/\/portal.uern.br\/natal\/turismo\/wp-json\/wp\/v2\/pages\/1099\/revisions"}],"predecessor-version":[{"id":1103,"href":"https:\/\/portal.uern.br\/natal\/turismo\/wp-json\/wp\/v2\/pages\/1099\/revisions\/1103"}],"wp:attachment":[{"href":"https:\/\/portal.uern.br\/natal\/turismo\/wp-json\/wp\/v2\/media?parent=1099"}],"curies":[{"name":"wp","href":"https:\/\/api.w.org\/{rel}","templated":true}]}}