{"id":1086,"date":"2024-04-18T17:35:34","date_gmt":"2024-04-18T20:35:34","guid":{"rendered":"https:\/\/portal.uern.br\/natal\/turismo\/?page_id=1086"},"modified":"2025-07-31T14:20:32","modified_gmt":"2025-07-31T17:20:32","slug":"equipe","status":"publish","type":"page","link":"https:\/\/portal.uern.br\/natal\/turismo\/institucional\/equipe\/","title":{"rendered":"Equipe"},"content":{"rendered":"<p><strong><span style=\"color: #000080\">CORPO DOCENTE E T\u00c9CNICO ADMINISTRATIVO<\/span><\/strong><\/p>\n<p>O curso de Turismo UERN do campus Natal, \u00e9 composto por um corpo docente altamente qualificados, com ampla experi\u00eancia acad\u00eamica e viv\u00eancia em todos os setores do mercado tur\u00edstico, administrativo e pedag\u00f3gico. O corpo docente e t\u00e9cnico administrativo do curso de turismo da UERN em Natal, \u00e9 formado por dezessete (17) docentes e um (01) t\u00e9cnico administrativo. Conhe\u00e7a abaixo um pouco de cada um que faz parte da equipe Turismo Natal.<\/p>\n<p>&nbsp;<\/p>\n<p><strong><span style=\"color: #000080\">CHEF DO DEPARTAMENTO:<\/span><\/strong><\/p>\n<p><strong>PROF. DR. ANT\u00d4NIO RUFINO DA COSTA<\/strong><br \/>\nDep. Turismo do Campus de Natal<br \/>\nE-mail: <a href=\"mailto:antoniorufino@uern.br\">antoniorufino@uern.br<\/a><\/p>\n<p><strong><span style=\"color: #000080\">AGENTE ADIMINISTRATIVO:<\/span><\/strong><\/p>\n<p><strong>GENIVAL FERNANDES<\/strong><br \/>\nSecret\u00e1rio do Departamento<br \/>\nE-mail: <a href=\"mailto:genivalfernandes@uern.br\">genivalfernandes@uern.br<\/a><\/p>\n<p><strong>VANESSA BARROS CHAVES\u00a0<\/strong><br \/>\nSecret\u00e1ria do Departamento<br \/>\nE-mail: <a href=\"mailto:genivalfernandes@uern.br\">vanessabarros@uern.br<\/a><\/p>\n<p><span style=\"color: #000080\"><strong>DOCENTES:<\/strong><\/span><\/p>\n<p><strong>PROF\u00aa. DR\u00aa. MICHELE GALDINO C\u00c2MARA SIGNORETTI<\/strong><br \/>\n<strong>Chefe do Departamento (Gest\u00e3o 2023\/2025)<\/strong><br \/>\nDep. Turismo do Campus de Natal<br \/>\nCurr\u00edculo Lattes: <a href=\"http:\/\/lattes.cnpq.br\/0411292906051794\" target=\"_blank\" rel=\"noopener\">0411292906051794<\/a><br \/>\nE-mail: <a href=\"mailto:michelecamara@uern.br\">michelecamara@uern.br<\/a><br \/>\n<a href=\"https:\/\/sigaa.uern.br\/sigaa\/public\/docente\/portal.jsf?siape=4238\">P\u00e1gina do Sigaa<\/a><\/p>\n<p><strong>PROF. DR. JO\u00c3O BATISTA DE FREITAS<\/strong><br \/>\n<strong>Subchefe do Departamento (Gest\u00e3o 2023\/2025)<\/strong><br \/>\nDep. Turismo do Campus de Natal<br \/>\nCurr\u00edculo Lattes: <a href=\"http:\/\/lattes.cnpq.br\/5084886551259770\" target=\"_blank\" rel=\"noopener\">5084886551259770<\/a><br \/>\nE-mail: <a href=\"mailto:joaofreitas@uern.br\">joaofreitas@uern.br<\/a><br \/>\n<a href=\"https:\/\/sigaa.uern.br\/sigaa\/public\/docente\/portal.jsf?siape=5314\">P\u00e1gina do Sigaa\u00a0<\/a><\/p>\n<p><strong>PROF. DR. ANT\u00d4NIO J\u00c2NIO FERNANDES<\/strong><br \/>\nDep. Turismo do Campus de Natal<br \/>\nCurr\u00edculo Lattes: <a href=\"http:\/\/lattes.cnpq.br\/4136479808014274\" target=\"_blank\" rel=\"noopener\">4136479808014274<\/a><br \/>\nE-mail: <a href=\"mailto:janiofernandes@uern.br\">janiofernandes@uern.br<\/a><\/p>\n<p><strong>PROF. DR. ALCEDO PINHEIRO GALV\u00c3O<\/strong><br \/>\nDep. Turismo do Campus de Natal<br \/>\nCurr\u00edculo Lattes:<a href=\"http:\/\/lattes.cnpq.br\/6031796016185917\" target=\"_blank\" rel=\"noopener\">6031796016185917<\/a><br \/>\nE-mail: <a href=\"mailto:alcedogalvao@uern.br\">alcedogalvao@uern.br<\/a><br \/>\nP\u00e1gina\u00a0<a href=\"https:\/\/sigaa.uern.br\/sigaa\/public\/docente\/portal.jsf?siape=1799\">Sigaa<\/a><\/p>\n<p><strong>PROF. DR. ANT\u00d4NIO RUFINO DA COSTA<\/strong><br \/>\nDep. Turismo do Campus de Natal<br \/>\nCurr\u00edculo Lattes: <a href=\"http:\/\/lattes.cnpq.br\/5514239813983412\" target=\"_blank\" rel=\"noopener\">5514239813983412<\/a><br \/>\nE-mail: <a href=\"mailto:antoniorufino@uern.br\">antoniorufino@uern.br<\/a><br \/>\nP\u00e1gina\u00a0<a href=\"https:\/\/sigaa.uern.br\/sigaa\/public\/docente\/portal.jsf?siape=1675\">Sigaa<\/a><\/p>\n<p><strong>PROF. ME AUGUSTO CARLOS AVELINO TEIXEIRA DE CARVALHO<\/strong><br \/>\nDep. Turismo do Campus de Natal<br \/>\nCurr\u00edculo Lattes: \u00a0<a href=\"http:\/\/lattes.cnpq.br\/9775447758436635\" target=\"_blank\" rel=\"noopener\">9775447758436635<\/a><br \/>\nE-mail:<a href=\"mailto:augustocarvalho@uern.br\">augustocarvalho@uern.br<\/a><br \/>\n<a href=\"https:\/\/sigaa.uern.br\/sigaa\/public\/docente\/portal.jsf?siape=1824\">Pagina Sigaa<\/a><\/p>\n<p><strong>PROF. DR. BRENO FERNANDO TIN\u00d4CO CABRAL<\/strong><br \/>\nDep. Turismo do Campus de Natal<br \/>\nCurr\u00edculo Lattes: <a href=\"http:\/\/lattes.cnpq.br\/1344134676856765\" target=\"_blank\" rel=\"noopener\">1344134676856765<\/a><br \/>\nE-mail:<a href=\"mailto:brenotinoco@uern.br\">brenotinoco@uern.br<\/a><br \/>\n<a href=\"https:\/\/sigaa.uern.br\/sigaa\/public\/docente\/portal.jsf?siape=3403\">Pagina Sigaa<\/a><\/p>\n<p><strong>PROF. DR. FL\u00c1VIO JOS\u00c9 DE LIMA SILVA<\/strong><br \/>\nDep. Turismo do Campus de Natal<br \/>\nCurr\u00edculo Lattes: \u00a0<a href=\"http:\/\/lattes.cnpq.br\/1421802360229451\" target=\"_blank\" rel=\"noopener\">1421802360229451<\/a><br \/>\nE-mail: <a href=\"mailto:flaviolima@uern.br\">flaviolima@uern.br<\/a><br \/>\n<a href=\"https:\/\/sigaa.uern.br\/sigaa\/public\/docente\/portal.jsf?siape=2432\">Pagina Sigaa<\/a><\/p>\n<p><strong>PROF\u00aa. DR\u00aa. IZABEL CRISTINA DA COSTA BEZERRA OLIVEIRA<\/strong><br \/>\nDep. Turismo do Campus de Natal<br \/>\nCurr\u00edculo Lattes: <a href=\"http:\/\/lattes.cnpq.br\/5488651272402673\" target=\"_blank\" rel=\"noopener\">5488651272402673<\/a><br \/>\nE-mail: <a href=\"mailto:izabelcristina@uern.br\">izabelcristina@uern.br<\/a><br \/>\n<a href=\"https:\/\/sigaa.uern.br\/sigaa\/public\/docente\/portal.jsf?siape=2706\">Pagina Sigaa<\/a><\/p>\n<p><strong>PROF\u00aa. ESP. JANA\u00cdNA MIKARLA DANTAS DA COSTA<\/strong><br \/>\nDep. Turismo do Campus de Natal<br \/>\nCurr\u00edculo Lattes: <a href=\"http:\/\/lattes.cnpq.br\/9448848843715519\" target=\"_blank\" rel=\"noopener\">9448848843715519<\/a><br \/>\nE-mail:<a href=\"mailto:janainadantas@uern.br\"> janainadantas@uern.br<\/a><br \/>\n<a href=\"https:\/\/sigaa.uern.br\/sigaa\/public\/docente\/portal.jsf?siape=6067\">Pagina Sigaa<\/a><\/p>\n<p><strong>PROF\u00aa. MA. JARILEIDE CIPRIANO DA SILVA<\/strong><br \/>\nDep. Turismo do Campus de Natal<br \/>\nCurr\u00edculo Lattes: <a href=\"http:\/\/lattes.cnpq.br\/4750481257647990\" target=\"_blank\" rel=\"noopener\">4750481257647990<\/a><br \/>\nE-mail:<a href=\"mailto:jarileidesilva@uern.br\"> jarileidesilva@uern.br<\/a><br \/>\n<a href=\"https:\/\/sigaa.uern.br\/sigaa\/public\/docente\/portal.jsf?siape=4268\">Pagina Sigaa<\/a><\/p>\n<p><strong>PROF. DR. MARCO ANTONIO CAVALCANTI DA ROCHA JUNIOR<\/strong><br \/>\nDep. Turismo do Campus de Natal<br \/>\nCurr\u00edculo Lattes: <a href=\"http:\/\/lattes.cnpq.br\/9329916943340880\" target=\"_blank\" rel=\"noopener\">9329916943340880<\/a><br \/>\nE-mail:<a href=\"mailto:marcorocha@uern.br\">marcorocha@uern.br<\/a><br \/>\n<a href=\"https:\/\/sigaa.uern.br\/sigaa\/public\/docente\/portal.jsf?siape=3655\">Pagina Sigaa<\/a><\/p>\n<p><strong>PROF\u00aa. MA. MARILENE CAMPOS DIAS DO REGO<\/strong><br \/>\nDep. Turismo do Campus de Natal<br \/>\nCurr\u00edculo Lattes: <a href=\"http:\/\/lattes.cnpq.br\/5793797670324526\" target=\"_blank\" rel=\"noopener\">5793797670324526<\/a><br \/>\nE-mail:<a href=\"mailto:marilenecampos@uern.br\">marilenecampos@uern.br<\/a><br \/>\n<a href=\"https:\/\/sigaa.uern.br\/sigaa\/public\/docente\/portal.jsf?siape=3807\">Pagina Sigaa<\/a><\/p>\n<p><strong>PROF\u00aa. MA. MAR\u00cdLIA MEDEIROS SOARES<\/strong><br \/>\nDep. Turismo do Campus de Natal<br \/>\nCurr\u00edculo Lattes: <a href=\"http:\/\/lattes.cnpq.br\/2481935756374851\" target=\"_blank\" rel=\"noopener\">2481935756374851<\/a><br \/>\nE-mail:<a href=\"mailto:mariliamedeiros@uern.br\">mariliamedeiros@uern.br<\/a><br \/>\n<a href=\"https:\/\/sigaa.uern.br\/sigaa\/public\/docente\/portal.jsf?siape=4912\">Pagina Sigaa<\/a><\/p>\n<p><strong>PROF. DR. SIDCLEY D\u2019SORDI ALVES ALEGRINI DA SILVA<\/strong><br \/>\nDep. Turismo do Campus de Natal<br \/>\nCurr\u00edculo Lattes: <a href=\"http:\/\/lattes.cnpq.br\/8473658062060982\" target=\"_blank\" rel=\"noopener\">8473658062060982<\/a><br \/>\nE-mail: <a href=\"mailto:sidcleyalegrini@uern.br\">sidcleyalegrini@uern.br<\/a><br \/>\n<a href=\"https:\/\/sigaa.uern.br\/sigaa\/public\/docente\/portal.jsf?siape=3323\">Pagina Sigaa<\/a><\/p>\n<p><strong>PROF\u00aa. DR\u00aa. SILVANA PRAXEDES DE PAIVA GURGEL<\/strong><br \/>\nDep. Turismo do Campus de Natal<br \/>\nCurr\u00edculo Lattes: <a href=\"http:\/\/lattes.cnpq.br\/9323953756430816\" target=\"_blank\" rel=\"noopener\">9323953756430816<\/a><br \/>\nE-mail:<a href=\"mailto:silvanapraxedes@uern.br\">silvanapraxedes@uern.br<\/a><br \/>\n<a href=\"https:\/\/sigaa.uern.br\/sigaa\/public\/docente\/portal.jsf?siape=3341\">Pagina Sigaa<\/a><\/p>\n<p><strong>PROF\u00aa. MA. TATIANA MORITZ<\/strong><br \/>\nDep. Turismo do Campus de Natal<br \/>\nCurr\u00edculo Lattes: <a href=\"http:\/\/lattes.cnpq.br\/2667618845271900\" target=\"_blank\" rel=\"noopener\">2667618845271900<\/a><br \/>\nE-mail:<a href=\"mailto:tatianamoritz@uern.br\">tatianamoritz@uern.br<\/a><br \/>\n<a href=\"https:\/\/sigaa.uern.br\/sigaa\/public\/docente\/portal.jsf?siape=3663\">Pagina Sigaa<\/a><\/p>\n","protected":false},"excerpt":{"rendered":"<p>CORPO DOCENTE E T\u00c9CNICO ADMINISTRATIVO O curso de Turismo UERN do campus Natal, \u00e9 composto por um corpo docente altamente qualificados, com ampla experi\u00eancia acad\u00eamica e viv\u00eancia em todos os setores do mercado tur\u00edstico, administrativo e pedag\u00f3gico. O corpo docente e t\u00e9cnico administrativo do curso de turismo da UERN em Natal, \u00e9 formado por dezessete [&hellip;]<\/p>\n","protected":false},"author":7,"featured_media":0,"parent":1080,"menu_order":0,"comment_status":"closed","ping_status":"closed","template":"","meta":{"footnotes":""},"class_list":["post-1086","page","type-page","status-publish","hentry"],"_links":{"self":[{"href":"https:\/\/portal.uern.br\/natal\/turismo\/wp-json\/wp\/v2\/pages\/1086","targetHints":{"allow":["GET"]}}],"collection":[{"href":"https:\/\/portal.uern.br\/natal\/turismo\/wp-json\/wp\/v2\/pages"}],"about":[{"href":"https:\/\/portal.uern.br\/natal\/turismo\/wp-json\/wp\/v2\/types\/page"}],"author":[{"embeddable":true,"href":"https:\/\/portal.uern.br\/natal\/turismo\/wp-json\/wp\/v2\/users\/7"}],"replies":[{"embeddable":true,"href":"https:\/\/portal.uern.br\/natal\/turismo\/wp-json\/wp\/v2\/comments?post=1086"}],"version-history":[{"count":9,"href":"https:\/\/portal.uern.br\/natal\/turismo\/wp-json\/wp\/v2\/pages\/1086\/revisions"}],"predecessor-version":[{"id":1492,"href":"https:\/\/portal.uern.br\/natal\/turismo\/wp-json\/wp\/v2\/pages\/1086\/revisions\/1492"}],"up":[{"embeddable":true,"href":"https:\/\/portal.uern.br\/natal\/turismo\/wp-json\/wp\/v2\/pages\/1080"}],"wp:attachment":[{"href":"https:\/\/portal.uern.br\/natal\/turismo\/wp-json\/wp\/v2\/media?parent=1086"}],"curies":[{"name":"wp","href":"https:\/\/api.w.org\/{rel}","templated":true}]}}