{"id":1082,"date":"2024-04-18T18:04:38","date_gmt":"2024-04-18T21:04:38","guid":{"rendered":"https:\/\/portal.uern.br\/natal\/turismo\/?page_id=1082"},"modified":"2024-05-03T18:28:28","modified_gmt":"2024-05-03T21:28:28","slug":"o-turismologo","status":"publish","type":"page","link":"https:\/\/portal.uern.br\/natal\/turismo\/o-turismologo\/","title":{"rendered":"O Turism\u00f3logo"},"content":{"rendered":"<p><img fetchpriority=\"high\" decoding=\"async\" class=\"wp-image-1083 aligncenter\" src=\"https:\/\/portal.uern.br\/natal\/turismo\/wp-content\/uploads\/sites\/11\/2024\/04\/Texto-do-seu-paragrafo-300x111.png\" alt=\"\" width=\"853\" height=\"316\" srcset=\"https:\/\/portal.uern.br\/natal\/turismo\/wp-content\/uploads\/sites\/11\/2024\/04\/Texto-do-seu-paragrafo-300x111.png 300w, https:\/\/portal.uern.br\/natal\/turismo\/wp-content\/uploads\/sites\/11\/2024\/04\/Texto-do-seu-paragrafo-768x284.png 768w, https:\/\/portal.uern.br\/natal\/turismo\/wp-content\/uploads\/sites\/11\/2024\/04\/Texto-do-seu-paragrafo.png 851w\" sizes=\"(max-width: 853px) 100vw, 853px\" \/><\/p>\n<p><span style=\"color: #000080\"><strong>Exemplos da atua\u00e7\u00e3o profissional de um(a) Turism\u00f3logo(a):<\/strong><\/span><\/p>\n<p><span style=\"color: #000080\"><strong>Ag\u00eancia de viagens<\/strong><\/span><br \/>\nOrganizar roteiros tur\u00edsticos e ecotur\u00edsticos e apresent\u00e1-los aos clientes, informando-os sobre meios de transporte, op\u00e7\u00f5es de hospedagem e atra\u00e7\u00f5es dos locais que ser\u00e3o visitados. Emitir passagens, reservar vaga em hot\u00e9is, restaurantes e espet\u00e1culos.<\/p>\n<p><span style=\"color: #000080\"><strong>Alimentos e bebidas<\/strong><\/span><br \/>\nAtuar em restaurantes, casas noturnas e hot\u00e9is na coordena\u00e7\u00e3o e operacionaliza\u00e7\u00e3o da \u00e1rea.<\/p>\n<p><span style=\"color: #000080\"><strong>Ecoturismo<\/strong><\/span><br \/>\nOrganizar roteiros ecol\u00f3gicos.<\/p>\n<p><span style=\"color: #000080\"><strong>Eventos<\/strong><\/span><br \/>\nOrganizar, desenvolver e apresentar eventos tanto de neg\u00f3cios quanto de entretenimento.<\/p>\n<p><span style=\"color: #000080\"><strong>Hotelaria<\/strong><\/span><br \/>\nAdministrar hot\u00e9is e supervisionar os servi\u00e7os oferecidos aos h\u00f3spedes. Negociar com fornecedores de mantimentos. Auxiliar no planejamento da montagem e na organiza\u00e7\u00e3o de novos empreendimentos hoteleiros.<\/p>\n<p><span style=\"color: #000080\"><strong>Marketing<\/strong><\/span><br \/>\nDesenvolver an\u00e1lises de mercado, buscando estrat\u00e9gias para satisfazer as necessidades dos clientes, mant\u00ea-los f\u00e9is e captar novos. Criar projetos de divulga\u00e7\u00e3o de um munic\u00edpio, um estado, uma regi\u00e3o, uma propriedade ou um produto, de modo a atrair visitantes e investimentos.<\/p>\n<p><span style=\"color: #000080\"><strong>Planejamento<\/strong><\/span><br \/>\nIdentificar o potencial tur\u00edstico e elaborar estrat\u00e9gias de explora\u00e7\u00e3o nesse segmento em um munic\u00edpio, estado ou regi\u00e3o. Analisar o impacto do turismo sobre o meio ambiente e a cultura local, estimular a preserva\u00e7\u00e3o ambiental e o desenvolvimento sustent\u00e1vel da atividade.<\/p>\n<p><span style=\"color: #000080\"><strong>Transporte<\/strong><\/span><br \/>\nAtuar na coordena\u00e7\u00e3o e supervis\u00e3o de servi\u00e7os de empresas a\u00e9reas, mar\u00edtimas, rodovi\u00e1rias e ferrovi\u00e1rias.<\/p>\n<p><span style=\"color: #000080\"><strong>Turismo de neg\u00f3cios<\/strong><\/span><br \/>\nOrganizar viagens e eventos para profissionais, como congressos, feiras e conven\u00e7\u00f5es.<\/p>\n<p>(Fonte:<a href=\"http:\/\/guiadoestudante.abril.com.br\/profissoes\/administracao-negocios\/turismo-gestao-turismo-682697.shtml\"> http:\/\/guiadoestudante.abril.com.br\/profissoes\/administracao-negocios\/turismo-gestao-turismo-682697.shtml<\/a>)<\/p>\n<p style=\"text-align: right\">Curso de Turismo da Universidade do Estado do Rio Grande do Norte<br \/>\n(84) 3314-8907 (WhatsApp) &#8211; <a href=\"mailto:dtur_natal@uern.br\">dtur_natal@uern.br\u00a0<\/a><\/p>\n","protected":false},"excerpt":{"rendered":"<p>Exemplos da atua\u00e7\u00e3o profissional de um(a) Turism\u00f3logo(a): Ag\u00eancia de viagens Organizar roteiros tur\u00edsticos e ecotur\u00edsticos e apresent\u00e1-los aos clientes, informando-os sobre meios de transporte, op\u00e7\u00f5es de hospedagem e atra\u00e7\u00f5es dos locais que ser\u00e3o visitados. Emitir passagens, reservar vaga em hot\u00e9is, restaurantes e espet\u00e1culos. Alimentos e bebidas Atuar em restaurantes, casas noturnas e hot\u00e9is na coordena\u00e7\u00e3o [&hellip;]<\/p>\n","protected":false},"author":7,"featured_media":0,"parent":0,"menu_order":0,"comment_status":"closed","ping_status":"closed","template":"","meta":{"footnotes":""},"class_list":["post-1082","page","type-page","status-publish","hentry"],"_links":{"self":[{"href":"https:\/\/portal.uern.br\/natal\/turismo\/wp-json\/wp\/v2\/pages\/1082","targetHints":{"allow":["GET"]}}],"collection":[{"href":"https:\/\/portal.uern.br\/natal\/turismo\/wp-json\/wp\/v2\/pages"}],"about":[{"href":"https:\/\/portal.uern.br\/natal\/turismo\/wp-json\/wp\/v2\/types\/page"}],"author":[{"embeddable":true,"href":"https:\/\/portal.uern.br\/natal\/turismo\/wp-json\/wp\/v2\/users\/7"}],"replies":[{"embeddable":true,"href":"https:\/\/portal.uern.br\/natal\/turismo\/wp-json\/wp\/v2\/comments?post=1082"}],"version-history":[{"count":5,"href":"https:\/\/portal.uern.br\/natal\/turismo\/wp-json\/wp\/v2\/pages\/1082\/revisions"}],"predecessor-version":[{"id":1282,"href":"https:\/\/portal.uern.br\/natal\/turismo\/wp-json\/wp\/v2\/pages\/1082\/revisions\/1282"}],"wp:attachment":[{"href":"https:\/\/portal.uern.br\/natal\/turismo\/wp-json\/wp\/v2\/media?parent=1082"}],"curies":[{"name":"wp","href":"https:\/\/api.w.org\/{rel}","templated":true}]}}