{"id":1046,"date":"2024-04-15T17:28:22","date_gmt":"2024-04-15T20:28:22","guid":{"rendered":"https:\/\/portal.uern.br\/natal\/turismo\/?page_id=1046"},"modified":"2024-04-16T16:50:29","modified_gmt":"2024-04-16T19:50:29","slug":"revista-rebot","status":"publish","type":"page","link":"https:\/\/portal.uern.br\/natal\/turismo\/opotur\/revista-rebot\/","title":{"rendered":"Revista Rebot"},"content":{"rendered":"<p>&nbsp;<\/p>\n<p><img fetchpriority=\"high\" decoding=\"async\" class=\"alignnone wp-image-1060\" src=\"https:\/\/portal.uern.br\/natal\/turismo\/wp-content\/uploads\/sites\/11\/2024\/04\/pesquisas-2-300x150.png\" alt=\"\" width=\"1042\" height=\"521\" srcset=\"https:\/\/portal.uern.br\/natal\/turismo\/wp-content\/uploads\/sites\/11\/2024\/04\/pesquisas-2-300x150.png 300w, https:\/\/portal.uern.br\/natal\/turismo\/wp-content\/uploads\/sites\/11\/2024\/04\/pesquisas-2-1024x512.png 1024w, https:\/\/portal.uern.br\/natal\/turismo\/wp-content\/uploads\/sites\/11\/2024\/04\/pesquisas-2-768x384.png 768w, https:\/\/portal.uern.br\/natal\/turismo\/wp-content\/uploads\/sites\/11\/2024\/04\/pesquisas-2-1536x768.png 1536w, https:\/\/portal.uern.br\/natal\/turismo\/wp-content\/uploads\/sites\/11\/2024\/04\/pesquisas-2-2048x1024.png 2048w\" sizes=\"(max-width: 1042px) 100vw, 1042px\" \/><\/p>\n<p>&nbsp;<\/p>\n<p><span style=\"color: #000000\">A\u00a0<strong>REVISTA BRASILEIRA DOS OBSERVAT\u00d3RIOS DE TURISMO<\/strong>\u00a0\u00e9 vinculada e publicada pelo Departamento de Turismo da Universidade do Estado do Rio Grande do Norte &#8211; UERN, em parceria com a Rede Brasileira dos Observat\u00f3rios de Turismo (RBOT), de periodicidade semestral e circula\u00e7\u00e3o nacional e internacional, disponibilizada em formato eletr\u00f4nico. Destina-se \u00e0\u00a0 publica\u00e7\u00e3o de artigos cient\u00ed\u00adficos in\u00e9ditos e interdisciplinares, artigos traduzidos, entrevistas, artigos t\u00e9cnicos e tecnol\u00f3gicos, resenhas de livros sobre tem\u00e1ticas em Turismo, Hotelaria, Economia, Administra\u00e7\u00e3o, Geografia, Urbanismo e Patrim\u00f4nio.<\/span><\/p>\n<p><span style=\"color: #000000\">O p\u00fablico-alvo da revista s\u00e3o profissionais e pesquisadores do turismo e das \u00e1reas afins, docentes, pesquisadores e a quem mais possa interessar. Os autores devem possuir titula\u00e7\u00e3o de Doutor, Mestre e\/ou alunos de p\u00f3s-gradua\u00e7\u00e3o stricto sensu (mestrandos e doutorandos) e lato sensu, com coautores de gradua\u00e7\u00e3o<strong>.<\/strong><\/span><\/p>\n<p><span style=\"color: #000000\">A revista \u00e9 de publica\u00e7\u00e3o gratuita, sendo toda a participa\u00e7\u00e3o considerada volunt\u00e1ria, sem fins lucrativos. A revista aceitar\u00e1 textos nos idiomas portugu\u00eas, ingl\u00eas e espanhol.<\/span><\/p>\n<p><span style=\"color: #000000\">Nosso identificador digital\u00a0<strong>ORCID<\/strong>\u00a0(Open Researcher and Contributor ID) \u00e9: 0000-0002-4051-1265.<\/span><\/p>\n<p><span style=\"color: #000000\">Nosso<strong>\u00a0ISSN<\/strong>\u00a0\u00e9 2764-5835\u00a0<\/span><\/p>\n<p>&nbsp;<\/p>\n<p><span style=\"color: #000080;font-size: 18pt\"><strong><img decoding=\"async\" class=\"alignnone wp-image-1074\" src=\"https:\/\/portal.uern.br\/natal\/turismo\/wp-content\/uploads\/sites\/11\/2024\/04\/pngwing.com-7-300x300.png\" alt=\"\" width=\"36\" height=\"36\" srcset=\"https:\/\/portal.uern.br\/natal\/turismo\/wp-content\/uploads\/sites\/11\/2024\/04\/pngwing.com-7-300x300.png 300w, https:\/\/portal.uern.br\/natal\/turismo\/wp-content\/uploads\/sites\/11\/2024\/04\/pngwing.com-7-1024x1024.png 1024w, https:\/\/portal.uern.br\/natal\/turismo\/wp-content\/uploads\/sites\/11\/2024\/04\/pngwing.com-7-150x150.png 150w, https:\/\/portal.uern.br\/natal\/turismo\/wp-content\/uploads\/sites\/11\/2024\/04\/pngwing.com-7-768x768.png 768w, https:\/\/portal.uern.br\/natal\/turismo\/wp-content\/uploads\/sites\/11\/2024\/04\/pngwing.com-7-1536x1536.png 1536w, https:\/\/portal.uern.br\/natal\/turismo\/wp-content\/uploads\/sites\/11\/2024\/04\/pngwing.com-7.png 2000w\" sizes=\"(max-width: 36px) 100vw, 36px\" \/> <a style=\"color: #000080\" href=\"https:\/\/periodicos.apps.uern.br\/index.php\/ReBOT\/index\" target=\"_blank\" rel=\"noopener\">Link para acessar nossa revista<\/a> \u00a0<\/strong><\/span><\/p>\n<p>&nbsp;<\/p>\n<p><span style=\"font-size: 18pt;color: #000080\"><strong><img decoding=\"async\" class=\"alignnone wp-image-1075\" src=\"https:\/\/portal.uern.br\/natal\/turismo\/wp-content\/uploads\/sites\/11\/2024\/04\/pngwing.com-8-300x300.png\" alt=\"\" width=\"61\" height=\"61\" srcset=\"https:\/\/portal.uern.br\/natal\/turismo\/wp-content\/uploads\/sites\/11\/2024\/04\/pngwing.com-8-300x300.png 300w, https:\/\/portal.uern.br\/natal\/turismo\/wp-content\/uploads\/sites\/11\/2024\/04\/pngwing.com-8-1024x1024.png 1024w, https:\/\/portal.uern.br\/natal\/turismo\/wp-content\/uploads\/sites\/11\/2024\/04\/pngwing.com-8-150x150.png 150w, https:\/\/portal.uern.br\/natal\/turismo\/wp-content\/uploads\/sites\/11\/2024\/04\/pngwing.com-8-768x768.png 768w, https:\/\/portal.uern.br\/natal\/turismo\/wp-content\/uploads\/sites\/11\/2024\/04\/pngwing.com-8.png 1200w\" sizes=\"(max-width: 61px) 100vw, 61px\" \/><\/strong><\/span><strong style=\"color: #000080;font-size: 18pt\"> \u00a0<a style=\"color: #000080\" href=\"https:\/\/periodicos.apps.uern.br\/index.php\/ReBOT\/about\/submissions\" target=\"_blank\" rel=\"noopener\">Lin<\/a><\/strong><strong style=\"color: #000080;font-size: 18pt\"><a style=\"color: #000080\" href=\"https:\/\/periodicos.apps.uern.br\/index.php\/ReBOT\/about\/submissions\" target=\"_blank\" rel=\"noopener\">k para submiss\u00f5es<\/a>\u00a0 \u00a0\u00a0<\/strong><\/p>\n<p>&nbsp;<\/p>\n<p><img loading=\"lazy\" decoding=\"async\" class=\"alignnone wp-image-1070\" src=\"https:\/\/portal.uern.br\/natal\/turismo\/wp-content\/uploads\/sites\/11\/2024\/04\/pngwing.com-1-300x300.png\" alt=\"\" width=\"35\" height=\"35\" srcset=\"https:\/\/portal.uern.br\/natal\/turismo\/wp-content\/uploads\/sites\/11\/2024\/04\/pngwing.com-1-300x300.png 300w, https:\/\/portal.uern.br\/natal\/turismo\/wp-content\/uploads\/sites\/11\/2024\/04\/pngwing.com-1-150x150.png 150w, https:\/\/portal.uern.br\/natal\/turismo\/wp-content\/uploads\/sites\/11\/2024\/04\/pngwing.com-1-768x767.png 768w, https:\/\/portal.uern.br\/natal\/turismo\/wp-content\/uploads\/sites\/11\/2024\/04\/pngwing.com-1.png 1024w\" sizes=\"(max-width: 35px) 100vw, 35px\" \/>\u00a0 \u00a0 \u00a0<span style=\"color: #000080;font-size: 18pt\"><strong><a style=\"color: #000080\" href=\"https:\/\/www.instagram.com\/revistarebot\/\" target=\"_blank\" rel=\"noopener\">Instagram<\/a><\/strong><\/span><\/p>\n","protected":false},"excerpt":{"rendered":"<p>&nbsp; &nbsp; A\u00a0REVISTA BRASILEIRA DOS OBSERVAT\u00d3RIOS DE TURISMO\u00a0\u00e9 vinculada e publicada pelo Departamento de Turismo da Universidade do Estado do Rio Grande do Norte &#8211; UERN, em parceria com a Rede Brasileira dos Observat\u00f3rios de Turismo (RBOT), de periodicidade semestral e circula\u00e7\u00e3o nacional e internacional, disponibilizada em formato eletr\u00f4nico. Destina-se \u00e0\u00a0 publica\u00e7\u00e3o de artigos cient\u00ed\u00adficos [&hellip;]<\/p>\n","protected":false},"author":7,"featured_media":0,"parent":1030,"menu_order":0,"comment_status":"closed","ping_status":"closed","template":"","meta":{"footnotes":""},"class_list":["post-1046","page","type-page","status-publish","hentry"],"_links":{"self":[{"href":"https:\/\/portal.uern.br\/natal\/turismo\/wp-json\/wp\/v2\/pages\/1046","targetHints":{"allow":["GET"]}}],"collection":[{"href":"https:\/\/portal.uern.br\/natal\/turismo\/wp-json\/wp\/v2\/pages"}],"about":[{"href":"https:\/\/portal.uern.br\/natal\/turismo\/wp-json\/wp\/v2\/types\/page"}],"author":[{"embeddable":true,"href":"https:\/\/portal.uern.br\/natal\/turismo\/wp-json\/wp\/v2\/users\/7"}],"replies":[{"embeddable":true,"href":"https:\/\/portal.uern.br\/natal\/turismo\/wp-json\/wp\/v2\/comments?post=1046"}],"version-history":[{"count":8,"href":"https:\/\/portal.uern.br\/natal\/turismo\/wp-json\/wp\/v2\/pages\/1046\/revisions"}],"predecessor-version":[{"id":1078,"href":"https:\/\/portal.uern.br\/natal\/turismo\/wp-json\/wp\/v2\/pages\/1046\/revisions\/1078"}],"up":[{"embeddable":true,"href":"https:\/\/portal.uern.br\/natal\/turismo\/wp-json\/wp\/v2\/pages\/1030"}],"wp:attachment":[{"href":"https:\/\/portal.uern.br\/natal\/turismo\/wp-json\/wp\/v2\/media?parent=1046"}],"curies":[{"name":"wp","href":"https:\/\/api.w.org\/{rel}","templated":true}]}}