{"id":1037,"date":"2024-04-15T16:52:33","date_gmt":"2024-04-15T19:52:33","guid":{"rendered":"https:\/\/portal.uern.br\/natal\/turismo\/?page_id=1037"},"modified":"2024-04-16T15:48:28","modified_gmt":"2024-04-16T18:48:28","slug":"missao","status":"publish","type":"page","link":"https:\/\/portal.uern.br\/natal\/turismo\/opotur\/missao\/","title":{"rendered":"Miss\u00e3o"},"content":{"rendered":"<p>&nbsp;<\/p>\n<p><img fetchpriority=\"high\" decoding=\"async\" class=\"alignnone wp-image-1057\" src=\"https:\/\/portal.uern.br\/natal\/turismo\/wp-content\/uploads\/sites\/11\/2024\/04\/pesquisas-1-300x150.png\" alt=\"\" width=\"1012\" height=\"506\" srcset=\"https:\/\/portal.uern.br\/natal\/turismo\/wp-content\/uploads\/sites\/11\/2024\/04\/pesquisas-1-300x150.png 300w, https:\/\/portal.uern.br\/natal\/turismo\/wp-content\/uploads\/sites\/11\/2024\/04\/pesquisas-1-1024x512.png 1024w, https:\/\/portal.uern.br\/natal\/turismo\/wp-content\/uploads\/sites\/11\/2024\/04\/pesquisas-1-768x384.png 768w, https:\/\/portal.uern.br\/natal\/turismo\/wp-content\/uploads\/sites\/11\/2024\/04\/pesquisas-1-1536x768.png 1536w, https:\/\/portal.uern.br\/natal\/turismo\/wp-content\/uploads\/sites\/11\/2024\/04\/pesquisas-1-2048x1024.png 2048w\" sizes=\"(max-width: 1012px) 100vw, 1012px\" \/><\/p>\n<p>&nbsp;<\/p>\n<p><span style=\"font-size: 18pt\"><strong>Nossa miss\u00e3o:<\/strong><\/span><\/p>\n<p><span style=\"color: #000000\">Ser um instrumento social, facilitador de gest\u00e3o, informa\u00e7\u00f5es e debates, funcionando como um instrumento t\u00e9cnico, incentivador, <\/span><\/p>\n<p><span style=\"color: #000000\">polifuncional e descentralizado, gerido de forma participativa, com estabilidade e autonomia.<\/span><\/p>\n","protected":false},"excerpt":{"rendered":"<p>&nbsp; &nbsp; Nossa miss\u00e3o: Ser um instrumento social, facilitador de gest\u00e3o, informa\u00e7\u00f5es e debates, funcionando como um instrumento t\u00e9cnico, incentivador, polifuncional e descentralizado, gerido de forma participativa, com estabilidade e autonomia.<\/p>\n","protected":false},"author":7,"featured_media":0,"parent":1030,"menu_order":0,"comment_status":"closed","ping_status":"closed","template":"","meta":{"footnotes":""},"class_list":["post-1037","page","type-page","status-publish","hentry"],"_links":{"self":[{"href":"https:\/\/portal.uern.br\/natal\/turismo\/wp-json\/wp\/v2\/pages\/1037","targetHints":{"allow":["GET"]}}],"collection":[{"href":"https:\/\/portal.uern.br\/natal\/turismo\/wp-json\/wp\/v2\/pages"}],"about":[{"href":"https:\/\/portal.uern.br\/natal\/turismo\/wp-json\/wp\/v2\/types\/page"}],"author":[{"embeddable":true,"href":"https:\/\/portal.uern.br\/natal\/turismo\/wp-json\/wp\/v2\/users\/7"}],"replies":[{"embeddable":true,"href":"https:\/\/portal.uern.br\/natal\/turismo\/wp-json\/wp\/v2\/comments?post=1037"}],"version-history":[{"count":5,"href":"https:\/\/portal.uern.br\/natal\/turismo\/wp-json\/wp\/v2\/pages\/1037\/revisions"}],"predecessor-version":[{"id":1064,"href":"https:\/\/portal.uern.br\/natal\/turismo\/wp-json\/wp\/v2\/pages\/1037\/revisions\/1064"}],"up":[{"embeddable":true,"href":"https:\/\/portal.uern.br\/natal\/turismo\/wp-json\/wp\/v2\/pages\/1030"}],"wp:attachment":[{"href":"https:\/\/portal.uern.br\/natal\/turismo\/wp-json\/wp\/v2\/media?parent=1037"}],"curies":[{"name":"wp","href":"https:\/\/api.w.org\/{rel}","templated":true}]}}