{"id":1033,"date":"2024-04-15T16:49:22","date_gmt":"2024-04-15T19:49:22","guid":{"rendered":"https:\/\/portal.uern.br\/natal\/turismo\/?page_id=1033"},"modified":"2024-04-15T17:08:05","modified_gmt":"2024-04-15T20:08:05","slug":"sobre","status":"publish","type":"page","link":"https:\/\/portal.uern.br\/natal\/turismo\/opotur\/sobre\/","title":{"rendered":"Sobre"},"content":{"rendered":"<p>&nbsp;<\/p>\n<p><img fetchpriority=\"high\" decoding=\"async\" class=\"alignnone wp-image-1026\" src=\"https:\/\/portal.uern.br\/natal\/turismo\/wp-content\/uploads\/sites\/11\/2024\/04\/Design-sem-nome-1-300x169.png\" alt=\"\" width=\"1173\" height=\"661\" srcset=\"https:\/\/portal.uern.br\/natal\/turismo\/wp-content\/uploads\/sites\/11\/2024\/04\/Design-sem-nome-1-300x169.png 300w, https:\/\/portal.uern.br\/natal\/turismo\/wp-content\/uploads\/sites\/11\/2024\/04\/Design-sem-nome-1-1024x576.png 1024w, https:\/\/portal.uern.br\/natal\/turismo\/wp-content\/uploads\/sites\/11\/2024\/04\/Design-sem-nome-1-768x432.png 768w, https:\/\/portal.uern.br\/natal\/turismo\/wp-content\/uploads\/sites\/11\/2024\/04\/Design-sem-nome-1-1536x864.png 1536w, https:\/\/portal.uern.br\/natal\/turismo\/wp-content\/uploads\/sites\/11\/2024\/04\/Design-sem-nome-1.png 1920w\" sizes=\"(max-width: 1173px) 100vw, 1173px\" \/><\/p>\n<p>&nbsp;<\/p>\n<p>&nbsp;<\/p>\n<p><span style=\"font-size: 24pt;color: #000000\"><strong>Observat\u00f3rio Potiguar do Turismo<\/strong><\/span><\/p>\n<p>&nbsp;<\/p>\n<p><span style=\"color: #000000\">O Observat\u00f3rio Potiguar de Turismo (OPOTUR) \u00e9 um espa\u00e7o destinado ao fomento do turismo potiguar, fazendo com que o RN se torne mais competitivo e consequentemente gere mais oportunidades de desenvolvimento.<\/span><\/p>\n<p><span style=\"color: #000000\">Tem como objetivo geral apresentar pesquisas sobre o comportamento do turista potiguar, al\u00e9m de objetivos espec\u00edficos claros, como divulgar estudos acad\u00eamicos sobre o turismo do RN, compilar dados estat\u00edsticos do turismo potiguar e analisar as informa\u00e7\u00f5es obtidas em pesquisas de demanda tur\u00edstica.<\/span><\/p>\n<p><span style=\"color: #000000\">O observat\u00f3rio justifica-se pela necessidade de auxiliar a iniciativa p\u00fablica e privada na tomada de decis\u00f5es de natureza tur\u00edstica, monitorando-se a atividade no Estado atrav\u00e9s de uma metodologia calcada em pesquisas de gabinete e de campo, com dados prim\u00e1rios oriundos de question\u00e1rios aplicados nos principais atrativos tur\u00edsticos do RN e nos port\u00f5es de entrada de turistas no RN.<\/span><\/p>\n<p><span style=\"color: #000000\">A proposta de cria\u00e7\u00e3o do OPOTUR surgiu durante a Reuni\u00e3o do Conselho Estadual de Turismo do RN \u2013 CONETUR, onde foi realizado um compromisso p\u00fablico para realiza\u00e7\u00e3o das primeiras pesquisas de demanda tur\u00edstica no RN, realizadas em setembro de 2017, e seguem at\u00e9 os dias atuais. Tais pesquisas contam com os seguintes parceiros: a Universidade do Estado do Rio Grande do Norte \u2013 UERN (coordenadora do projeto), o Instituto Federal de Educa\u00e7\u00e3o, Ci\u00eancia e Tecnologia do RN \u2013 IFRN, a Empresa Potiguar de Promo\u00e7\u00e3o tur\u00edstica do Rio Grande do Norte \u2013 EMPROTUR, a Secretaria de Estado de Turismo \u2013 SETUR\/RN, a Secretaria Municipal de Turismo \u2013 SETUR\/Natal, o Sindicato dos Bugueiros Profissionais do RN e a Federa\u00e7\u00e3o do Com\u00e9rcio de bens, Servi\u00e7os e Turismo do Estado do RN \u2013 FECOMERCIO\/RN.<\/span><\/p>\n<p>&nbsp;<\/p>\n<p style=\"text-align: center\"><span style=\"font-size: 18pt;color: #000000\"><strong>Onde nos encontrar<\/strong><\/span><\/p>\n<p>&nbsp;<\/p>\n<div>\n<p style=\"text-align: center\"><span style=\"color: #000000\"><strong>Universidade do Estado do Rio Grande do Norte &#8211; <\/strong><\/span><\/p>\n<p style=\"text-align: center\"><span style=\"color: #000000\"><strong>UERN Complexo Cultural da UERN<\/strong><\/span><\/p>\n<p style=\"text-align: center\"><span style=\"color: #000000\"><strong> Av. Dr. Jo\u00e3o Medeiros Filho, 3419 &#8211; Potengi, Natal &#8211; RN. Sala H4<\/strong><\/span><\/p>\n<p style=\"text-align: center\"><span style=\"color: #000000\"><strong>Email: Opotur.rn@gmail.com<\/strong><\/span><\/p>\n<\/div>\n","protected":false},"excerpt":{"rendered":"<p>&nbsp; &nbsp; &nbsp; Observat\u00f3rio Potiguar do Turismo &nbsp; O Observat\u00f3rio Potiguar de Turismo (OPOTUR) \u00e9 um espa\u00e7o destinado ao fomento do turismo potiguar, fazendo com que o RN se torne mais competitivo e consequentemente gere mais oportunidades de desenvolvimento. Tem como objetivo geral apresentar pesquisas sobre o comportamento do turista potiguar, al\u00e9m de objetivos espec\u00edficos [&hellip;]<\/p>\n","protected":false},"author":7,"featured_media":0,"parent":1030,"menu_order":0,"comment_status":"closed","ping_status":"closed","template":"","meta":{"footnotes":""},"class_list":["post-1033","page","type-page","status-publish","hentry"],"_links":{"self":[{"href":"https:\/\/portal.uern.br\/natal\/turismo\/wp-json\/wp\/v2\/pages\/1033","targetHints":{"allow":["GET"]}}],"collection":[{"href":"https:\/\/portal.uern.br\/natal\/turismo\/wp-json\/wp\/v2\/pages"}],"about":[{"href":"https:\/\/portal.uern.br\/natal\/turismo\/wp-json\/wp\/v2\/types\/page"}],"author":[{"embeddable":true,"href":"https:\/\/portal.uern.br\/natal\/turismo\/wp-json\/wp\/v2\/users\/7"}],"replies":[{"embeddable":true,"href":"https:\/\/portal.uern.br\/natal\/turismo\/wp-json\/wp\/v2\/comments?post=1033"}],"version-history":[{"count":4,"href":"https:\/\/portal.uern.br\/natal\/turismo\/wp-json\/wp\/v2\/pages\/1033\/revisions"}],"predecessor-version":[{"id":1045,"href":"https:\/\/portal.uern.br\/natal\/turismo\/wp-json\/wp\/v2\/pages\/1033\/revisions\/1045"}],"up":[{"embeddable":true,"href":"https:\/\/portal.uern.br\/natal\/turismo\/wp-json\/wp\/v2\/pages\/1030"}],"wp:attachment":[{"href":"https:\/\/portal.uern.br\/natal\/turismo\/wp-json\/wp\/v2\/media?parent=1033"}],"curies":[{"name":"wp","href":"https:\/\/api.w.org\/{rel}","templated":true}]}}