{"id":94,"date":"2022-11-04T15:34:33","date_gmt":"2022-11-04T18:34:33","guid":{"rendered":"https:\/\/paisdemossoro.com.br\/wordpress\/natal\/turismo\/?page_id=94"},"modified":"2022-11-04T15:35:11","modified_gmt":"2022-11-04T18:35:11","slug":"enade","status":"publish","type":"page","link":"https:\/\/portal.uern.br\/natal\/dt\/enade\/","title":{"rendered":"ENADE"},"content":{"rendered":"<p><strong>O QUE \u00c9 ENADE?<\/strong><\/p>\n<p align=\"justify\">O Exame Nacional de Desempenho de Estudantes (Enade) avalia o rendimento dos concluintes dos cursos de gradua\u00e7\u00e3o, em rela\u00e7\u00e3o aos conte\u00fados program\u00e1ticos, habilidades e compet\u00eancias adquiridas em sua forma\u00e7\u00e3o. O exame \u00e9 obrigat\u00f3rio e a situa\u00e7\u00e3o de regularidade do estudante no Exame deve constar em seu hist\u00f3rico escolar. A primeira aplica\u00e7\u00e3o do Enade ocorreu em 2004 e a periodicidade m\u00e1xima da avalia\u00e7\u00e3o \u00e9 trienal para cada \u00e1rea do conhecimento.<\/p>\n<p><b>OBJETIVO DO ENADE<\/b><\/p>\n<p align=\"justify\">O objetivo do Enade \u00e9 avaliar o desempenho dos estudantes com rela\u00e7\u00e3o aos conte\u00fados program\u00e1ticos previstos nas diretrizes curriculares dos cursos de gradua\u00e7\u00e3o, o desenvolvimento de compet\u00eancias e habilidades necess\u00e1rias ao aprofundamento da forma\u00e7\u00e3o geral e profissional, e o n\u00edvel de atualiza\u00e7\u00e3o dos estudantes com rela\u00e7\u00e3o \u00e0 realidade brasileira e mundial, integrando o\u00a0<strong>Sistema Nacional de Avalia\u00e7\u00e3o da Educa\u00e7\u00e3o Superior (SINAES).<\/strong><\/p>\n<p align=\"justify\">O Sinaes \u00e9 composto tamb\u00e9m pelos processos de\u00a0<strong>Avalia\u00e7\u00e3o de Cursos de Gradua\u00e7\u00e3o<\/strong>\u00a0e de\u00a0<strong>Avalia\u00e7\u00e3o Institucional<\/strong>\u00a0que, junto com o Enade, formam um trip\u00e9 avaliativo, que permite conhecer a qualidade dos cursos e institui\u00e7\u00f5es de educa\u00e7\u00e3o superior (IES) de todo o Brasil.<\/p>\n<p>Fonte: INEP<\/p>\n<p><strong>\u00daLTIMAS EDI\u00c7\u00d5ES<\/strong><\/p>\n<p>2018\u00a0 \u00a0 \u00a0 \u00a0 \u00a0<a href=\"http:\/\/download.inep.gov.br\/educacao_superior\/enade\/provas\/2018\/turismo.pdf\" target=\"_blank\" rel=\"noopener\">PROVA<\/a>\u00a0 \u00a0<a href=\"http:\/\/download.inep.gov.br\/educacao_superior\/enade\/gabaritos\/2018\/turismo.pdf\" target=\"_blank\" rel=\"noopener\">GABARITO<\/a>\u00a0\u00a0\u00a0<a href=\"http:\/\/download.inep.gov.br\/educacao_superior\/enade\/padrao_resposta\/2018\/turismo.pdf\" target=\"_blank\" rel=\"noopener\">PADR\u00c3O DE RESPOSTA<\/a><\/p>\n<p>2015\u00a0 \u00a0 \u00a0 \u00a0 \u00a0<a href=\"http:\/\/download.inep.gov.br\/educacao_superior\/enade\/provas\/2015\/13_turismo.pdf\" target=\"_blank\" rel=\"noopener\">PROVA<\/a>\u00a0 \u00a0<a href=\"http:\/\/download.inep.gov.br\/educacao_superior\/enade\/gabaritos\/2015\/13_gab_turismo.pdf\" target=\"_blank\" rel=\"noopener\">GABARITO<\/a>\u00a0\u00a0\u00a0<a href=\"http:\/\/download.inep.gov.br\/educacao_superior\/enade\/padrao_resposta\/2015\/padrao_resposta_tecnologia_em_comercio_exterior.pdf\" target=\"_blank\" rel=\"noopener\">PADR\u00c3O DE RESPOSTA<\/a><\/p>\n<p>2012\u00a0 \u00a0 \u00a0 \u00a0 \u00a0<a href=\"http:\/\/download.inep.gov.br\/educacao_superior\/enade\/provas\/2012\/11_TURISMO.pdf\" target=\"_blank\" rel=\"noopener\">PROVA<\/a>\u00a0 \u00a0<a href=\"http:\/\/download.inep.gov.br\/educacao_superior\/enade\/gabaritos\/2012\/11_Gab_TURISMO.pdf\" target=\"_blank\" rel=\"noopener\">GABARITO<\/a>\u00a0\u00a0\u00a0<a href=\"http:\/\/download.inep.gov.br\/educacao_superior\/enade\/padrao_resposta\/2012\/11_pr_turismo.pdf\" target=\"_blank\" rel=\"noopener\">PADR\u00c3O DE RESPOSTA<\/a><\/p>\n<p>2009\u00a0 \u00a0 \u00a0 \u00a0 \u00a0<a href=\"http:\/\/public.inep.gov.br\/enade2009\/TURISMO.pdf\" target=\"_blank\" rel=\"noopener\">PROVA<\/a>\u00a0 \u00a0<a href=\"http:\/\/public.inep.gov.br\/enade2009\/GABARITO_TURISMO.pdf\" target=\"_blank\" rel=\"noopener\">GABARITO<\/a>\u00a0\u00a0\u00a0<a href=\"http:\/\/public.inep.gov.br\/enade2009\/PRD_TURISMO.pdf\" target=\"_blank\" rel=\"noopener\">PADR\u00c3O DE RESPOSTA<\/a><\/p>\n<p>2006\u00a0 \u00a0 \u00a0 \u00a0 \u00a0<a href=\"http:\/\/download.inep.gov.br\/download\/enade\/2006\/Provas\/PROVA_DE_TURISMO.pdf\" target=\"_blank\" rel=\"noopener\">PROVA<\/a>\u00a0 \u00a0<a href=\"http:\/\/download.inep.gov.br\/download\/enade\/2006\/Gabaritos\/Gabarito-TURISMO.pdf\" target=\"_blank\" rel=\"noopener\">GABARITO<\/a>\u00a0\u00a0\u00a0<a href=\"http:\/\/download.inep.gov.br\/download\/enade\/2006\/pad_resposta\/Padrao%20-%20Turismo.pdf\" target=\"_blank\" rel=\"noopener\">PADR\u00c3O DE RESPOSTA<\/a><\/p>\n","protected":false},"excerpt":{"rendered":"<p>O QUE \u00c9 ENADE? O Exame Nacional de Desempenho de Estudantes (Enade) avalia o rendimento dos concluintes dos cursos de gradua\u00e7\u00e3o, em rela\u00e7\u00e3o aos conte\u00fados program\u00e1ticos, habilidades e compet\u00eancias adquiridas em sua forma\u00e7\u00e3o. O exame \u00e9 obrigat\u00f3rio e a situa\u00e7\u00e3o de regularidade do estudante no Exame deve constar em seu hist\u00f3rico escolar. A primeira aplica\u00e7\u00e3o [&hellip;]<\/p>\n","protected":false},"author":1,"featured_media":0,"parent":0,"menu_order":0,"comment_status":"closed","ping_status":"closed","template":"","meta":{"footnotes":""},"class_list":["post-94","page","type-page","status-publish","hentry"],"_links":{"self":[{"href":"https:\/\/portal.uern.br\/natal\/dt\/wp-json\/wp\/v2\/pages\/94","targetHints":{"allow":["GET"]}}],"collection":[{"href":"https:\/\/portal.uern.br\/natal\/dt\/wp-json\/wp\/v2\/pages"}],"about":[{"href":"https:\/\/portal.uern.br\/natal\/dt\/wp-json\/wp\/v2\/types\/page"}],"author":[{"embeddable":true,"href":"https:\/\/portal.uern.br\/natal\/dt\/wp-json\/wp\/v2\/users\/1"}],"replies":[{"embeddable":true,"href":"https:\/\/portal.uern.br\/natal\/dt\/wp-json\/wp\/v2\/comments?post=94"}],"version-history":[{"count":3,"href":"https:\/\/portal.uern.br\/natal\/dt\/wp-json\/wp\/v2\/pages\/94\/revisions"}],"predecessor-version":[{"id":97,"href":"https:\/\/portal.uern.br\/natal\/dt\/wp-json\/wp\/v2\/pages\/94\/revisions\/97"}],"wp:attachment":[{"href":"https:\/\/portal.uern.br\/natal\/dt\/wp-json\/wp\/v2\/media?parent=94"}],"curies":[{"name":"wp","href":"https:\/\/api.w.org\/{rel}","templated":true}]}}