{"id":86,"date":"2022-11-04T15:33:56","date_gmt":"2022-11-04T18:33:56","guid":{"rendered":"https:\/\/paisdemossoro.com.br\/wordpress\/natal\/turismo\/?page_id=86"},"modified":"2022-11-04T15:33:56","modified_gmt":"2022-11-04T18:33:56","slug":"resgate-das-memorias-no-periodo-pandemico-covid-19","status":"publish","type":"page","link":"https:\/\/portal.uern.br\/natal\/dt\/resgate-das-memorias-no-periodo-pandemico-covid-19\/","title":{"rendered":"Resgate das Mem\u00f3rias no Per\u00edodo Pand\u00eamico COVID-19"},"content":{"rendered":"<p><strong>Resgate das Mem\u00f3rias dos Discentes e Docentes do Curso de Turismo do CAN \u2013 UERN \u2013 no Per\u00edodo Pand\u00eamico COVID-19<\/strong><\/p>\n<p><strong>COORDENADOR(A)<\/strong><\/p>\n<p>Jarileide Cipriano da Silva Nasi<\/p>\n<p><strong>Equipe Executora<\/strong><\/p>\n<p>Gabriela Alves \u2013 Bolsista volunt\u00e1rio PIBIC<\/p>\n<p><strong>RESUMO DA A\u00c7\u00c3O<\/strong><\/p>\n<p>Resgate das Mem\u00f3rias dos Discentes e Docentes do Curso de Turismo do CAN- UERN- no Per\u00edodo Pand\u00eamico COVID-19 (Projeto PIBIC) O presente projeto trata-se de uma proposta de resgate das mem\u00f3rias dos discentes e docentes do curso de Turismo do CAN \u2013 UERN no per\u00edodo pand\u00eamico. Consiste em uma proposta na qual ser\u00e3o apresentadas, de forma interativa e did\u00e1tica, as mem\u00f3rias dos discentes e docentes do curso de turismo do CAN- UERN no per\u00edodo cr\u00edtico da pandemia, as experi\u00eancias vividas (alegrias e sofrimentos) durante a pandemia pelos alunos e professores dos cursos de gradua\u00e7\u00e3o e especializa\u00e7\u00e3o em turismo do CAN-UERN no per\u00edodo cr\u00edtico de mar\u00e7o a setembro de 2020, as experi\u00eancias do turismo vividas enquanto profissionais da \u00e1rea, um mapeamento da vis\u00e3o profissional do cen\u00e1rio do trade tur\u00edstico local, e o impacto da pandemia no trade tur\u00edstico local. Surge como uma oportunidade na qual a popula\u00e7\u00e3o ter\u00e1 a oportunidade de conhecer importantes tra\u00e7os do turismo de Natal\/RN em um contexto pand\u00eamico vivido mundialmente.<\/p>\n","protected":false},"excerpt":{"rendered":"<p>Resgate das Mem\u00f3rias dos Discentes e Docentes do Curso de Turismo do CAN \u2013 UERN \u2013 no Per\u00edodo Pand\u00eamico COVID-19 COORDENADOR(A) Jarileide Cipriano da Silva Nasi Equipe Executora Gabriela Alves \u2013 Bolsista volunt\u00e1rio PIBIC RESUMO DA A\u00c7\u00c3O Resgate das Mem\u00f3rias dos Discentes e Docentes do Curso de Turismo do CAN- UERN- no Per\u00edodo Pand\u00eamico COVID-19 [&hellip;]<\/p>\n","protected":false},"author":1,"featured_media":0,"parent":0,"menu_order":0,"comment_status":"closed","ping_status":"closed","template":"","meta":{"footnotes":""},"class_list":["post-86","page","type-page","status-publish","hentry"],"_links":{"self":[{"href":"https:\/\/portal.uern.br\/natal\/dt\/wp-json\/wp\/v2\/pages\/86","targetHints":{"allow":["GET"]}}],"collection":[{"href":"https:\/\/portal.uern.br\/natal\/dt\/wp-json\/wp\/v2\/pages"}],"about":[{"href":"https:\/\/portal.uern.br\/natal\/dt\/wp-json\/wp\/v2\/types\/page"}],"author":[{"embeddable":true,"href":"https:\/\/portal.uern.br\/natal\/dt\/wp-json\/wp\/v2\/users\/1"}],"replies":[{"embeddable":true,"href":"https:\/\/portal.uern.br\/natal\/dt\/wp-json\/wp\/v2\/comments?post=86"}],"version-history":[{"count":1,"href":"https:\/\/portal.uern.br\/natal\/dt\/wp-json\/wp\/v2\/pages\/86\/revisions"}],"predecessor-version":[{"id":87,"href":"https:\/\/portal.uern.br\/natal\/dt\/wp-json\/wp\/v2\/pages\/86\/revisions\/87"}],"wp:attachment":[{"href":"https:\/\/portal.uern.br\/natal\/dt\/wp-json\/wp\/v2\/media?parent=86"}],"curies":[{"name":"wp","href":"https:\/\/api.w.org\/{rel}","templated":true}]}}